{"id":7265,"date":"2023-12-09T23:16:04","date_gmt":"2023-12-09T22:16:04","guid":{"rendered":"https:\/\/old.nomestic.com\/compteur-de-co2-airsight\/"},"modified":"2026-01-11T15:54:05","modified_gmt":"2026-01-11T14:54:05","slug":"airsight-co2-meter","status":"publish","type":"product","link":"https:\/\/old.nomestic.com\/fr\/produit\/airsight-co2-meter\/","title":{"rendered":"Airsight CO2 Meter"},"content":{"rendered":"\n<section id=\"gmacd2d30\" class=\"wp-block-gutentor-m4 section-gmacd2d30 gutentor-module gutentor-advanced-columns gutentor-equal-column-height\"><div class=\"grid-container\"><div class=\"grid-row\">\n<div id=\"col-gm904635\" class=\"wp-block-gutentor-m4-col col-gm904635 gutentor-single-column  grid-lg-12 grid-md-12 grid-12\"><div id=\"section-gm904635\" class=\"section-gm904635 gutentor-col-wrap\">\n<div id=\"section-gb8e383\" class=\"wp-block-gutentor-e1 section-gb8e383 gutentor-element gutentor-element-advanced-text text-align-center-desktop text-align-center-tablet text-align-center-mobile\"><div class=\"gutentor-text-wrap\"><h1 class=\"gutentor-text\">Petit et compact, mais tr\u00e8s puissant<\/h1><\/div><\/div>\n\n\n\n<div id=\"section-g-zieka2q\" class=\"wp-block-gutentor-e1 section-g-zieka2q gutentor-element gutentor-element-advanced-text text-align-center-desktop text-align-center-tablet text-align-center-mobile\"><div class=\"gutentor-text-wrap\"><h4 class=\"gutentor-text\">Le compteur de CO2 Nomestic Airsight est votre solution ultime pour contr\u00f4ler la qualit\u00e9 de l&rsquo;air int\u00e9rieur. Il mesure en continu les niveaux de dioxyde de carbone (CO2), de temp\u00e9rature et d&rsquo;humidit\u00e9 en temps r\u00e9el, fournissant des r\u00e9sultats actualis\u00e9s 24 heures sur 24 et 7 jours sur 7. Cet appareil tout-en-un vous permet de g\u00e9rer efficacement votre climat int\u00e9rieur et d&rsquo;assurer une qualit\u00e9 d&rsquo;air int\u00e9rieur optimale pour tous. Am\u00e9liorez votre sant\u00e9 et votre bien-\u00eatre en surveillant la qualit\u00e9 de l&rsquo;air int\u00e9rieur avec les appareils de mesure de la qualit\u00e9 de l&rsquo;air int\u00e9rieur Nomestic d\u00e8s aujourd&rsquo;hui !<\/h4><\/div><\/div>\n\n\n\n<div id=\"section-g-1eechhh\" class=\"wp-block-gutentor-e6 section-g-1eechhh gutentor-element gutentor-element-image text-align-center-desktop text-align-center-tablet text-align-center-mobile\"><div class=\"gutentor-element-image-box\"><div class=\"gutentor-image-thumb\"><img decoding=\"async\" class=\"normal-image\" src=\"https:\/\/old.nomestic.com\/wp-content\/uploads\/2024\/11\/airsight-co2-meter-1-298x300.jpg\" alt=\"Airsight CO2 Meter\" \/><\/div><\/div><\/div>\n<\/div><\/div>\n<\/div><\/div><\/section>\n\n\n\n<section id=\"gm29a5a00\" class=\"wp-block-gutentor-m4 section-gm29a5a00 gutentor-module gutentor-advanced-columns gutentor-equal-column-height\"><div class=\"grid-container\"><div class=\"grid-row\">\n<div id=\"col-gm0e4f82\" class=\"wp-block-gutentor-m4-col col-gm0e4f82 gutentor-single-column  grid-lg-12 grid-md-12 grid-12\"><div id=\"section-gm0e4f82\" class=\"section-gm0e4f82 gutentor-col-wrap\">\n<div id=\"section-gc78871\" class=\"wp-block-gutentor-e1 section-gc78871 gutentor-element gutentor-element-advanced-text text-align-center-desktop text-align-center-tablet text-align-center-mobile\"><div class=\"gutentor-text-wrap\"><h1 class=\"gutentor-text\">Vivre une vie saine dans une maison saine devrait \u00eatre pratique<\/h1><\/div><\/div>\n\n\n\n<div id=\"section-gdf5dc8\" class=\"wp-block-gutentor-e1 section-gdf5dc8 gutentor-element gutentor-element-advanced-text text-align-center-desktop text-align-center-tablet text-align-center-mobile\"><div class=\"gutentor-text-wrap\"><h4 class=\"gutentor-text\">Votre bien-\u00eatre est tout aussi important que celui des membres de votre famille. Veillez \u00e0 ce que tout le monde reste en s\u00e9curit\u00e9 et en bonne sant\u00e9 en fournissant un air plus frais et plus propre dans votre maison.<br><br><\/h4><\/div><\/div>\n\n\n\n<figure class=\"wp-block-video\"><video height=\"2160\" style=\"aspect-ratio: 3840 \/ 2160\" width=\"3840\" autoplay preload=\"auto\" src=\"https:\/\/old.nomestic.com\/wp-content\/uploads\/2024\/11\/airsight-co2-meter-video-fr.mp4\" playsinline><\/video><\/figure>\n<\/div><\/div>\n<\/div><\/div><\/section>\n\n\n\n<section id=\"g-1ceiec5\" class=\"wp-block-gutentor-m4 section-g-1ceiec5 gutentor-module gutentor-advanced-columns gutentor-equal-column-height\"><div class=\"grid-container\"><div class=\"grid-row\">\n<div id=\"col-g-ievv81u\" class=\"wp-block-gutentor-m4-col col-g-ievv81u gutentor-single-column  grid-lg-12 grid-md-12 grid-12\"><div id=\"section-g-ievv81u\" class=\"section-g-ievv81u gutentor-col-wrap\">\n<div id=\"section-g-zln4z1z\" class=\"wp-block-gutentor-e1 section-g-zln4z1z gutentor-element gutentor-element-advanced-text text-align-center-desktop text-align-center-tablet text-align-center-mobile\"><div class=\"gutentor-text-wrap\"><h1 class=\"gutentor-text\">Resources<\/h1><\/div><\/div>\n\n\n\n<div id=\"section-g-3163k63\" class=\"wp-block-gutentor-e1 section-g-3163k63 gutentor-element gutentor-element-advanced-text\"><div class=\"gutentor-text-wrap\"><p class=\"gutentor-text\"><br><\/p><\/div><\/div>\n\n\n\n<section id=\"g-jpetays\" class=\"wp-block-gutentor-m4 section-g-jpetays gutentor-module gutentor-advanced-columns\"><div class=\"grid-container\"><div class=\"grid-row\">\n<div id=\"col-g-17q0mmt\" class=\"wp-block-gutentor-m4-col col-g-17q0mmt gutentor-single-column  grid-lg-6 grid-md-12 grid-12\"><div id=\"section-g-17q0mmt\" class=\"section-g-17q0mmt gutentor-col-wrap\">\n<div id=\"section-g-qsrzqe2\" class=\"wp-block-gutentor-e6 section-g-qsrzqe2 gutentor-element gutentor-element-image text-align-center-desktop text-align-center-tablet text-align-center-mobile\"><div class=\"gutentor-element-image-box\"><div class=\"gutentor-image-thumb\"><img decoding=\"async\" class=\"normal-image\" src=\"https:\/\/old.nomestic.com\/wp-content\/uploads\/2024\/11\/icon-product-user-guide-50x50.png\" alt=\"Product - User Guide\" \/><\/div><\/div><\/div>\n\n\n\n<div id=\"section-g-gi7ekit\" class=\"wp-block-gutentor-e1 section-g-gi7ekit gutentor-element gutentor-element-advanced-text text-align-center-desktop text-align-center-tablet text-align-center-mobile\"><div class=\"gutentor-text-wrap\"><a class=\"gutentor-element-advanced-text-link\" href=\"https:\/\/old.nomestic.com\/wp-content\/uploads\/2024\/11\/User-Guide-Nomestic-Airsight-CO2-Meter.pdf\" target=\"_blank\" rel=\" noopener noreferrer\"><h4 class=\"gutentor-text\">Guide de l&rsquo;utilisateur<\/h4><\/a><\/div><\/div>\n<\/div><\/div>\n\n\n\n<div id=\"col-g-i2yzbkw\" class=\"wp-block-gutentor-m4-col col-g-i2yzbkw gutentor-single-column  grid-lg-6 grid-md-12 grid-12\"><div id=\"section-g-i2yzbkw\" class=\"section-g-i2yzbkw gutentor-col-wrap\">\n<div id=\"section-g-p3rj1jm\" class=\"wp-block-gutentor-e6 section-g-p3rj1jm gutentor-element gutentor-element-image text-align-center-desktop text-align-center-tablet text-align-center-mobile\"><div class=\"gutentor-element-image-box\"><div class=\"gutentor-image-thumb\"><img decoding=\"async\" class=\"normal-image\" src=\"https:\/\/old.nomestic.com\/wp-content\/uploads\/2024\/11\/icon-product-brochure-50x50.png\" alt=\"Product - Brochure Icon\" \/><\/div><\/div><\/div>\n\n\n\n<div id=\"section-g-np3nri8\" class=\"wp-block-gutentor-e1 section-g-np3nri8 gutentor-element gutentor-element-advanced-text text-align-center-desktop text-align-center-tablet text-align-center-mobile\"><div class=\"gutentor-text-wrap\"><a class=\"gutentor-element-advanced-text-link\" href=\"https:\/\/old.nomestic.com\/wp-content\/uploads\/2024\/11\/Brochure-Nomestic-Airsight-CO2-Meter.pdf\" target=\"_blank\" rel=\" noopener noreferrer\"><h4 class=\"gutentor-text\">Brochure<\/h4><\/a><\/div><\/div>\n<\/div><\/div>\n<\/div><\/div><\/section>\n<\/div><\/div>\n<\/div><\/div><\/section>\n\n\n\n<section id=\"g-1sf3w1f\" class=\"wp-block-gutentor-m4 section-g-1sf3w1f gutentor-module gutentor-advanced-columns gutentor-equal-column-height\"><div class=\"grid-container\"><div class=\"grid-row\">\n<div id=\"col-g-xr4p1rh\" class=\"wp-block-gutentor-m4-col col-g-xr4p1rh gutentor-single-column  grid-lg-12 grid-md-12 grid-12\"><div id=\"section-g-xr4p1rh\" class=\"section-g-xr4p1rh gutentor-col-wrap\">\n<div id=\"section-g-qs2dxsx\" class=\"wp-block-gutentor-e1 section-g-qs2dxsx gutentor-element gutentor-element-advanced-text text-align-center-desktop text-align-center-tablet text-align-center-mobile\"><div class=\"gutentor-text-wrap\"><h1 class=\"gutentor-text\">Am\u00e9liorer et contr\u00f4ler la qualit\u00e9 de l&rsquo;air int\u00e9rieur dans votre espace<\/h1><\/div><\/div>\n\n\n\n<div id=\"section-g-er725r1\" class=\"wp-block-gutentor-e1 section-g-er725r1 gutentor-element gutentor-element-advanced-text\"><div class=\"gutentor-text-wrap\"><p class=\"gutentor-text\"><br><\/p><\/div><\/div>\n\n\n\n<section id=\"g-6eiueu7\" class=\"wp-block-gutentor-m4 section-g-6eiueu7 gutentor-module gutentor-advanced-columns\"><div class=\"grid-container\"><div class=\"grid-row\">\n<div id=\"col-g-eg1tgir\" class=\"wp-block-gutentor-m4-col col-g-eg1tgir gutentor-single-column  grid-lg-4 grid-md-12 grid-12\"><div id=\"section-g-eg1tgir\" class=\"section-g-eg1tgir gutentor-col-wrap\">\n<div id=\"section-g-mfdob1l\" class=\"wp-block-gutentor-e6 section-g-mfdob1l gutentor-element gutentor-element-image text-align-center-desktop text-align-center-tablet text-align-center-mobile\"><div class=\"gutentor-element-image-box\"><div class=\"gutentor-image-thumb\"><img decoding=\"async\" class=\"normal-image\" src=\"https:\/\/old.nomestic.com\/wp-content\/uploads\/2024\/12\/Monitor-CO2-50x50.png\" alt=\"Monitor - CO2\" \/><\/div><\/div><\/div>\n\n\n\n<div id=\"section-g-agrmg5r\" class=\"wp-block-gutentor-e1 section-g-agrmg5r gutentor-element gutentor-element-advanced-text text-align-center-desktop text-align-center-tablet text-align-center-mobile\"><div class=\"gutentor-text-wrap\"><h4 class=\"gutentor-text\">Dioxyde de carbone (CO2)<\/h4><\/div><\/div>\n\n\n\n<div id=\"section-g-88l112m\" class=\"wp-block-gutentor-e1 section-g-88l112m gutentor-element gutentor-element-advanced-text text-align-left-desktop text-align-left-tablet text-align-left-mobile\"><div class=\"gutentor-text-wrap\"><p class=\"gutentor-text\">Des niveaux \u00e9lev\u00e9s de dioxyde de carbone (CO2) \u00e0 l&rsquo;int\u00e9rieur des b\u00e2timents peuvent nuire \u00e0 la qualit\u00e9 de l&rsquo;air int\u00e9rieur et au bien-\u00eatre g\u00e9n\u00e9ral. Des concentrations \u00e9lev\u00e9es de CO2 peuvent entra\u00eener des probl\u00e8mes de concentration, une diminution de la qualit\u00e9 du sommeil, des maux de t\u00eate, des vertiges et une alt\u00e9ration des fonctions cognitives. Le contr\u00f4le et la gestion des niveaux de CO2 sont essentiels pour maintenir un environnement int\u00e9rieur sain.<\/p><\/div><\/div>\n<\/div><\/div>\n\n\n\n<div id=\"col-g-lffyy9r\" class=\"wp-block-gutentor-m4-col col-g-lffyy9r gutentor-single-column  grid-lg-4 grid-md-12 grid-12\"><div id=\"section-g-lffyy9r\" class=\"section-g-lffyy9r gutentor-col-wrap\">\n<div id=\"section-g-l534f83\" class=\"wp-block-gutentor-e6 section-g-l534f83 gutentor-element gutentor-element-image text-align-center-desktop text-align-center-tablet text-align-center-mobile\"><div class=\"gutentor-element-image-box\"><div class=\"gutentor-image-thumb\"><img decoding=\"async\" class=\"normal-image\" src=\"https:\/\/old.nomestic.com\/wp-content\/uploads\/2024\/12\/Monitor-Temperature-50x50.png\" alt=\"Monitor - Temperature\" \/><\/div><\/div><\/div>\n\n\n\n<div id=\"section-g-fy5g1gs\" class=\"wp-block-gutentor-e1 section-g-fy5g1gs gutentor-element gutentor-element-advanced-text text-align-center-desktop text-align-center-tablet text-align-center-mobile\"><div class=\"gutentor-text-wrap\"><h4 class=\"gutentor-text\">Temp\u00e9rature<\/h4><\/div><\/div>\n\n\n\n<div id=\"section-g-1n13fbk\" class=\"wp-block-gutentor-e1 section-g-1n13fbk gutentor-element gutentor-element-advanced-text text-align-left-desktop text-align-left-tablet text-align-left-mobile\"><div class=\"gutentor-text-wrap\"><p class=\"gutentor-text\">La temp\u00e9rature joue un r\u00f4le crucial dans la qualit\u00e9 de l&rsquo;air int\u00e9rieur et la sant\u00e9 en g\u00e9n\u00e9ral. Il ne s&rsquo;agit pas seulement de confort ; la temp\u00e9rature a un impact significatif sur la qualit\u00e9 du sommeil, l&rsquo;humeur et la vigilance. Les temp\u00e9ratures extr\u00eames peuvent provoquer un stress thermique, une d\u00e9shydratation et des probl\u00e8mes cardiovasculaires, tandis que les environnements excessivement froids peuvent entra\u00eener une hypothermie et une diminution des fonctions cognitives. La surveillance de la temp\u00e9rature int\u00e9rieure est essentielle pour cr\u00e9er un environnement de vie et de travail sain.<\/p><\/div><\/div>\n<\/div><\/div>\n\n\n\n<div id=\"col-g-qnzz1xf\" class=\"wp-block-gutentor-m4-col col-g-qnzz1xf gutentor-single-column  grid-lg-4 grid-md-12 grid-12\"><div id=\"section-g-qnzz1xf\" class=\"section-g-qnzz1xf gutentor-col-wrap\">\n<div id=\"section-g-4o41fng\" class=\"wp-block-gutentor-e6 section-g-4o41fng gutentor-element gutentor-element-image text-align-center-desktop text-align-center-tablet text-align-center-mobile\"><div class=\"gutentor-element-image-box\"><div class=\"gutentor-image-thumb\"><img decoding=\"async\" class=\"normal-image\" src=\"https:\/\/old.nomestic.com\/wp-content\/uploads\/2024\/12\/Monitor-Humidity-50x50.png\" alt=\"Monitor - Humidity\" \/><\/div><\/div><\/div>\n\n\n\n<div id=\"section-g-9gppc8n\" class=\"wp-block-gutentor-e1 section-g-9gppc8n gutentor-element gutentor-element-advanced-text text-align-center-desktop text-align-center-tablet text-align-center-mobile\"><div class=\"gutentor-text-wrap\"><h4 class=\"gutentor-text\">Humidit\u00e9<\/h4><\/div><\/div>\n\n\n\n<div id=\"section-g-bd1o0z3\" class=\"wp-block-gutentor-e1 section-g-bd1o0z3 gutentor-element gutentor-element-advanced-text text-align-left-desktop text-align-left-tablet text-align-left-mobile\"><div class=\"gutentor-text-wrap\"><p class=\"gutentor-text\">Une humidit\u00e9 excessive dans les environnements int\u00e9rieurs favorise la croissance des moisissures et exacerbe les sympt\u00f4mes de l&rsquo;asthme, entra\u00eenant des probl\u00e8mes respiratoires et une augmentation des niveaux d&rsquo;allerg\u00e8nes. Un taux d&rsquo;humidit\u00e9 \u00e9lev\u00e9 peut \u00e9galement entra\u00eener un inconfort g\u00e9n\u00e9ral pour les occupants. \u00c0 l&rsquo;inverse, un air trop sec peut entra\u00eener des irritations cutan\u00e9es et une g\u00eane au niveau de la gorge. La surveillance et le contr\u00f4le des niveaux d&rsquo;humidit\u00e9 sont essentiels pour maintenir une qualit\u00e9 d&rsquo;air int\u00e9rieur saine et assurer le bien-\u00eatre de tous les habitants.<\/p><\/div><\/div>\n<\/div><\/div>\n<\/div><\/div><\/section>\n<\/div><\/div>\n<\/div><\/div><\/section>\n\n\n\n<section id=\"gm44a5ed0\" class=\"wp-block-gutentor-m4 section-gm44a5ed0 gutentor-module gutentor-advanced-columns gutentor-equal-column-height\"><div class=\"grid-container\"><div class=\"grid-row\">\n<div id=\"col-gm2e33f8\" class=\"wp-block-gutentor-m4-col col-gm2e33f8 gutentor-single-column  grid-lg-12 grid-md-12 grid-12\"><div id=\"section-gm2e33f8\" class=\"section-gm2e33f8 gutentor-col-wrap\">\n<div id=\"section-g58c487\" class=\"wp-block-gutentor-e1 section-g58c487 gutentor-element gutentor-element-advanced-text text-align-center-desktop text-align-center-tablet text-align-center-mobile\"><div class=\"gutentor-text-wrap\"><h1 class=\"gutentor-text\">Vivre une vie saine dans une maison saine devrait toujours \u00eatre pratique<\/h1><\/div><\/div>\n\n\n\n<div id=\"section-g72a5bf\" class=\"wp-block-gutentor-e1 section-g72a5bf gutentor-element gutentor-element-advanced-text text-align-center-desktop text-align-center-tablet text-align-center-mobile\"><div class=\"gutentor-text-wrap\"><h4 class=\"gutentor-text\">Votre bien-\u00eatre est tout aussi important que celui des membres de votre famille. Veillez \u00e0 ce que tout le monde reste en s\u00e9curit\u00e9 et en bonne sant\u00e9 en fournissant un air plus frais et plus propre dans votre maison.<br><br><\/h4><\/div><\/div>\n\n\n\n<div id=\"section-g-4jfdxnn\" class=\"wp-block-gutentor-e2 section-g-4jfdxnn gutentor-element gutentor-element-button button-align-center-desktop button-align-center-tablet button-align-center-mobile\"><span class=\"gutentor-button-wrap\"><a class=\"gutentor-button gutentor-block-button gutentor-icon-hide\" href=\"https:\/\/old.nomestic.com\/fr\/avantages\/\"><i class=\"gutentor-button-icon fas fa-book\"><\/i><span>D\u00e9couvrez les avantages<\/span><\/a><\/span><\/div>\n<\/div><\/div>\n<\/div><\/div><\/section>\n\n\n\n<section id=\"g-eby3yz7\" class=\"wp-block-gutentor-m4 section-g-eby3yz7 gutentor-module gutentor-advanced-columns gutentor-equal-column-height\"><div class=\"grid-container\"><div class=\"grid-row\">\n<div id=\"col-g-336y1im\" class=\"wp-block-gutentor-m4-col col-g-336y1im gutentor-single-column  grid-lg-12 grid-md-12 grid-12\"><div id=\"section-g-336y1im\" class=\"section-g-336y1im gutentor-col-wrap\">\n<div id=\"section-g-l11sfhg\" class=\"wp-block-gutentor-e1 section-g-l11sfhg gutentor-element gutentor-element-advanced-text text-align-center-desktop text-align-center-tablet text-align-center-mobile\"><div class=\"gutentor-text-wrap\"><h1 class=\"gutentor-text\">Am\u00e9liorez votre sant\u00e9 g\u00e9n\u00e9rale, votre bien-\u00eatre et votre productivit\u00e9<\/h1><\/div><\/div>\n\n\n\n<div id=\"section-g-24eena1\" class=\"wp-block-gutentor-e1 section-g-24eena1 gutentor-element gutentor-element-advanced-text text-align-center-desktop text-align-center-tablet text-align-center-mobile\"><div class=\"gutentor-text-wrap\"><p class=\"gutentor-text\">En comprenant la composition de votre qualit\u00e9 d&rsquo;air int\u00e9rieur, vous pouvez cultiver un environnement optimal qui favorise un mode de vie plus sain.<br><br><\/p><\/div><\/div>\n\n\n\n<section id=\"g-12dspa7\" class=\"wp-block-gutentor-m4 section-g-12dspa7 gutentor-module gutentor-advanced-columns\"><div class=\"grid-container\"><div class=\"grid-row\">\n<div id=\"col-g-393p29x\" class=\"wp-block-gutentor-m4-col col-g-393p29x gutentor-single-column  grid-lg-4 grid-md-12 grid-12\"><div id=\"section-g-393p29x\" class=\"section-g-393p29x gutentor-col-wrap\">\n<div id=\"section-g-ztotytf\" class=\"wp-block-gutentor-e6 section-g-ztotytf gutentor-element gutentor-element-image text-align-center-desktop text-align-center-tablet text-align-center-mobile\"><div class=\"gutentor-element-image-box\"><div class=\"gutentor-image-thumb\"><img decoding=\"async\" class=\"normal-image\" src=\"https:\/\/old.nomestic.com\/wp-content\/uploads\/2024\/11\/health-icon-1-50x50.png\" alt=\"Health - Sleep Better\" \/><\/div><\/div><\/div>\n\n\n\n<div id=\"section-g-1x8ssxx\" class=\"wp-block-gutentor-e1 section-g-1x8ssxx gutentor-element gutentor-element-advanced-text text-align-center-desktop text-align-center-tablet text-align-center-mobile\"><div class=\"gutentor-text-wrap\"><h4 class=\"gutentor-text\">Dormez mieux<\/h4><\/div><\/div>\n<\/div><\/div>\n\n\n\n<div id=\"col-g-xh7t7yv\" class=\"wp-block-gutentor-m4-col col-g-xh7t7yv gutentor-single-column  grid-lg-4 grid-md-12 grid-12\"><div id=\"section-g-xh7t7yv\" class=\"section-g-xh7t7yv gutentor-col-wrap\">\n<div id=\"section-g-4ijt9x1\" class=\"wp-block-gutentor-e6 section-g-4ijt9x1 gutentor-element gutentor-element-image text-align-center-desktop text-align-center-tablet text-align-center-mobile\"><div class=\"gutentor-element-image-box\"><div class=\"gutentor-image-thumb\"><img decoding=\"async\" class=\"normal-image\" src=\"https:\/\/old.nomestic.com\/wp-content\/uploads\/2024\/11\/health-icon-2-50x50.png\" alt=\"Health - Stay Focused\" \/><\/div><\/div><\/div>\n\n\n\n<div id=\"section-g-288r2fe\" class=\"wp-block-gutentor-e1 section-g-288r2fe gutentor-element gutentor-element-advanced-text text-align-center-desktop text-align-center-tablet text-align-center-mobile\"><div class=\"gutentor-text-wrap\"><h4 class=\"gutentor-text\">Rester concentr\u00e9<\/h4><\/div><\/div>\n<\/div><\/div>\n\n\n\n<div id=\"col-g-ocjqfm7\" class=\"wp-block-gutentor-m4-col col-g-ocjqfm7 gutentor-single-column  grid-lg-4 grid-md-12 grid-12\"><div id=\"section-g-ocjqfm7\" class=\"section-g-ocjqfm7 gutentor-col-wrap\">\n<div id=\"section-g-1swsrm1\" class=\"wp-block-gutentor-e6 section-g-1swsrm1 gutentor-element gutentor-element-image text-align-center-desktop text-align-center-tablet text-align-center-mobile\"><div class=\"gutentor-element-image-box\"><div class=\"gutentor-image-thumb\"><img decoding=\"async\" class=\"normal-image\" src=\"https:\/\/old.nomestic.com\/wp-content\/uploads\/2024\/11\/health-icon-4-50x50.png\" alt=\"Health - Stay Healthy\" \/><\/div><\/div><\/div>\n\n\n\n<div id=\"section-g-q5y11d3\" class=\"wp-block-gutentor-e1 section-g-q5y11d3 gutentor-element gutentor-element-advanced-text text-align-center-desktop text-align-center-tablet text-align-center-mobile\"><div class=\"gutentor-text-wrap\"><h4 class=\"gutentor-text\">Rester en bonne sant\u00e9<\/h4><\/div><\/div>\n<\/div><\/div>\n<\/div><\/div><\/section>\n\n\n\n<div id=\"section-g-mtxusss\" class=\"wp-block-gutentor-e1 section-g-mtxusss gutentor-element gutentor-element-advanced-text\"><div class=\"gutentor-text-wrap\"><p class=\"gutentor-text\"><\/p><\/div><\/div>\n\n\n\n<section id=\"g-7ijge1e\" class=\"wp-block-gutentor-m4 section-g-7ijge1e gutentor-module gutentor-advanced-columns\"><div class=\"grid-container\"><div class=\"grid-row\">\n<div id=\"col-g-21hwwel\" class=\"wp-block-gutentor-m4-col col-g-21hwwel gutentor-single-column  grid-lg-4 grid-md-12 grid-12\"><div id=\"section-g-21hwwel\" class=\"section-g-21hwwel gutentor-col-wrap\">\n<div id=\"section-g-upsd2g2\" class=\"wp-block-gutentor-e6 section-g-upsd2g2 gutentor-element gutentor-element-image text-align-center-desktop text-align-center-tablet text-align-center-mobile\"><div class=\"gutentor-element-image-box\"><div class=\"gutentor-image-thumb\"><img decoding=\"async\" class=\"normal-image\" src=\"https:\/\/old.nomestic.com\/wp-content\/uploads\/2024\/11\/health-icon-5-50x50.png\" alt=\"Health - No Odors\" \/><\/div><\/div><\/div>\n\n\n\n<div id=\"section-g-hczxevx\" class=\"wp-block-gutentor-e1 section-g-hczxevx gutentor-element gutentor-element-advanced-text text-align-center-desktop text-align-center-tablet text-align-center-mobile\"><div class=\"gutentor-text-wrap\"><h4 class=\"gutentor-text\">Pas d&rsquo;odeurs<\/h4><\/div><\/div>\n<\/div><\/div>\n\n\n\n<div id=\"col-g-wij85we\" class=\"wp-block-gutentor-m4-col col-g-wij85we gutentor-single-column  grid-lg-4 grid-md-12 grid-12\"><div id=\"section-g-wij85we\" class=\"section-g-wij85we gutentor-col-wrap\">\n<div id=\"section-g-0xxql0h\" class=\"wp-block-gutentor-e6 section-g-0xxql0h gutentor-element gutentor-element-image text-align-center-desktop text-align-center-tablet text-align-center-mobile\"><div class=\"gutentor-element-image-box\"><div class=\"gutentor-image-thumb\"><img decoding=\"async\" class=\"normal-image\" src=\"https:\/\/old.nomestic.com\/wp-content\/uploads\/2024\/11\/health-icon-3-50x50.png\" alt=\"Health - Prevent Allergies\" \/><\/div><\/div><\/div>\n\n\n\n<div id=\"section-g-17gw1ts\" class=\"wp-block-gutentor-e1 section-g-17gw1ts gutentor-element gutentor-element-advanced-text text-align-center-desktop text-align-center-tablet text-align-center-mobile\"><div class=\"gutentor-text-wrap\"><h4 class=\"gutentor-text\">Pr\u00e9venir les allergies<\/h4><\/div><\/div>\n<\/div><\/div>\n\n\n\n<div id=\"col-g-1we6wiv\" class=\"wp-block-gutentor-m4-col col-g-1we6wiv gutentor-single-column  grid-lg-4 grid-md-12 grid-12\"><div id=\"section-g-1we6wiv\" class=\"section-g-1we6wiv gutentor-col-wrap\">\n<div id=\"section-g-rte61j5\" class=\"wp-block-gutentor-e6 section-g-rte61j5 gutentor-element gutentor-element-image text-align-center-desktop text-align-center-tablet text-align-center-mobile\"><div class=\"gutentor-element-image-box\"><div class=\"gutentor-image-thumb\"><img decoding=\"async\" class=\"normal-image\" src=\"https:\/\/old.nomestic.com\/wp-content\/uploads\/2024\/11\/health-icon-6-50x50.png\" alt=\"Health - Prevent Molds\" \/><\/div><\/div><\/div>\n\n\n\n<div id=\"section-g-ei88lrj\" class=\"wp-block-gutentor-e1 section-g-ei88lrj gutentor-element gutentor-element-advanced-text text-align-center-desktop text-align-center-tablet text-align-center-mobile\"><div class=\"gutentor-text-wrap\"><h4 class=\"gutentor-text\">Pr\u00e9venir les moisissures<\/h4><\/div><\/div>\n<\/div><\/div>\n<\/div><\/div><\/section>\n<\/div><\/div>\n<\/div><\/div><\/section>\n","protected":false},"excerpt":{"rendered":"<p>L&rsquo;appareil de mesure de la qualit\u00e9 de l&rsquo;air int\u00e9rieur Nomestic permet de contr\u00f4ler en temps r\u00e9el le dioxyde de carbone (CO2), la temp\u00e9rature et l&rsquo;humidit\u00e9, garantissant ainsi un environnement int\u00e9rieur plus sain pour tous les occupants. Avec des relev\u00e9s pr\u00e9cis 24h\/24 et 7j\/7, il vous permet de maintenir une qualit\u00e9 d&rsquo;air optimale pour une meilleure sant\u00e9 et un meilleur bien-\u00eatre. !<\/p>\n<ul style=\"list-style: none; padding-left: 0; margin-left: 0; margin-bottom: 0px;\">\n<li class=\"usp1\" style=\"padding-bottom: 10px;\"><img decoding=\"async\" style=\"width: 35px; height: 35px; margin-right: 10px;\" src=\"https:\/\/old.nomestic.com\/wp-content\/uploads\/2023\/12\/angle-right-circle.svg\" \/>Capteur NDIR avanc\u00e9 pour une surveillance pr\u00e9cise du CO2, de la temp\u00e9rature et de l&rsquo;humidit\u00e9.<\/li>\n<li class=\"usp1\" style=\"padding-bottom: 10px;\"><img decoding=\"async\" style=\"width: 35px; height: 35px; margin-right: 10px;\" src=\"https:\/\/old.nomestic.com\/wp-content\/uploads\/2023\/12\/angle-right-circle.svg\" \/>Recevez des alertes automatiques en cas de niveaux \u00e9lev\u00e9s de CO2.<\/li>\n<li class=\"usp1\" style=\"padding-bottom: 10px;\"><img decoding=\"async\" style=\"width: 35px; height: 35px; margin-right: 10px;\" src=\"https:\/\/old.nomestic.com\/wp-content\/uploads\/2023\/12\/angle-right-circle.svg\" \/>Conception portable qui s&rsquo;int\u00e8gre parfaitement dans tout espace.<\/li>\n<\/ul>\n","protected":false},"featured_media":10034,"comment_status":"open","ping_status":"closed","template":"","meta":{"inline_featured_image":false},"product_brand":[],"product_cat":[101],"product_tag":[],"class_list":{"0":"post-7265","1":"product","2":"type-product","3":"status-publish","4":"has-post-thumbnail","6":"product_cat-produits","8":"first","9":"instock","10":"taxable","11":"shipping-taxable","12":"product-type-simple"},"_links":{"self":[{"href":"https:\/\/old.nomestic.com\/fr\/wp-json\/wp\/v2\/product\/7265","targetHints":{"allow":["GET"]}}],"collection":[{"href":"https:\/\/old.nomestic.com\/fr\/wp-json\/wp\/v2\/product"}],"about":[{"href":"https:\/\/old.nomestic.com\/fr\/wp-json\/wp\/v2\/types\/product"}],"replies":[{"embeddable":true,"href":"https:\/\/old.nomestic.com\/fr\/wp-json\/wp\/v2\/comments?post=7265"}],"wp:featuredmedia":[{"embeddable":true,"href":"https:\/\/old.nomestic.com\/fr\/wp-json\/wp\/v2\/media\/10034"}],"wp:attachment":[{"href":"https:\/\/old.nomestic.com\/fr\/wp-json\/wp\/v2\/media?parent=7265"}],"wp:term":[{"taxonomy":"product_brand","embeddable":true,"href":"https:\/\/old.nomestic.com\/fr\/wp-json\/wp\/v2\/product_brand?post=7265"},{"taxonomy":"product_cat","embeddable":true,"href":"https:\/\/old.nomestic.com\/fr\/wp-json\/wp\/v2\/product_cat?post=7265"},{"taxonomy":"product_tag","embeddable":true,"href":"https:\/\/old.nomestic.com\/fr\/wp-json\/wp\/v2\/product_tag?post=7265"}],"curies":[{"name":"wp","href":"https:\/\/api.w.org\/{rel}","templated":true}]}}