{"id":7282,"date":"2019-03-17T17:19:40","date_gmt":"2019-03-17T16:19:40","guid":{"rendered":"https:\/\/old.nomestic.com\/conditions-generales-dutilisation\/"},"modified":"2024-10-22T12:48:15","modified_gmt":"2024-10-22T11:48:15","slug":"generales-dutilisation","status":"publish","type":"page","link":"https:\/\/old.nomestic.com\/fr\/generales-dutilisation\/","title":{"rendered":"Conditions g\u00e9n\u00e9rales d\u2019utilisation"},"content":{"rendered":"\n<p><em>Les termes et conditions ont \u00e9t\u00e9 mis \u00e0 jour pour la derni\u00e8re fois le 11\/03\/2023.<\/em><\/p>\n\n<h2 class=\"wp-block-heading\">1. Introduction<\/h2>\n\n<p>Les pr\u00e9sentes conditions g\u00e9n\u00e9rales s&rsquo;appliquent \u00e0 ce site et aux transactions portant sur nos produits et services.\nVous pouvez \u00eatre li\u00e9 par des contrats suppl\u00e9mentaires dans le cadre de votre relation avec nous ou avec les produits ou services que vous recevez de notre part.\nSi les dispositions des contrats annexes entrent en conflit avec les dispositions des pr\u00e9sentes conditions g\u00e9n\u00e9rales, les dispositions de ces contrats annexes pr\u00e9vaudront.  <\/p>\n\n<h2 class=\"wp-block-heading\">2. Liaison<\/h2>\n\n<p>En vous inscrivant sur ce site, en y acc\u00e9dant ou en l&rsquo;utilisant d&rsquo;une autre mani\u00e8re, vous acceptez d&rsquo;\u00eatre li\u00e9 par les conditions g\u00e9n\u00e9rales \u00e9nonc\u00e9es ci-dessous.\nL&rsquo;utilisation de ce site implique que vous avez lu et accept\u00e9 ces conditions.\nDans certains cas sp\u00e9cifiques, nous pouvons \u00e9galement vous demander d&rsquo;accepter express\u00e9ment ces conditions.  <\/p>\n\n<h2 class=\"wp-block-heading\">3. Communication \u00e9lectronique<\/h2>\n\n<p>En utilisant ce site ou en communiquant avec nous par voie num\u00e9rique, vous acceptez et reconnaissez que nous pouvons communiquer avec vous par voie num\u00e9rique sur notre site ou en vous envoyant un courrier \u00e9lectronique, et vous acceptez que tous les accords, avis, divulgations et autres communications que nous vous fournissons par voie num\u00e9rique soient conformes \u00e0 toutes les exigences l\u00e9gales, y compris, mais sans s&rsquo;y limiter, l&rsquo;exigence que ces communications soient faites par \u00e9crit.<\/p>\n\n<h2 class=\"wp-block-heading\">4. La propri\u00e9t\u00e9 intellectuelle<\/h2>\n\n<p>Nous ou nos conc\u00e9dants de licence d\u00e9tenons et contr\u00f4lons tous les droits d&rsquo;auteur et autres droits de propri\u00e9t\u00e9 intellectuelle sur le site et les donn\u00e9es, informations et autres ressources affich\u00e9es ou accessibles sur le site.<\/p>\n\n<p class=\"has-medium-font-size\"><strong>4.1 Tous droits r\u00e9serv\u00e9s<\/strong><\/p>\n\n<p>Sauf indication contraire pour un contenu sp\u00e9cifique, aucune licence ni aucun autre droit ne vous est accord\u00e9 en vertu d&rsquo;un droit d&rsquo;auteur, d&rsquo;une marque, d&rsquo;un brevet ou d&rsquo;un autre droit de propri\u00e9t\u00e9 intellectuelle.\nCela signifie que vous ne devez pas utiliser, copier, reproduire, ex\u00e9cuter, afficher, distribuer, incorporer dans tout support \u00e9lectronique, modifier, d\u00e9sosser, d\u00e9compiler, transmettre, t\u00e9l\u00e9charger, transmettre, mon\u00e9tiser, vendre, commercialiser ou commercialiser tout contenu de ce site sous quelque forme que ce soit sans notre consentement \u00e9crit pr\u00e9alable, sauf et uniquement dans la mesure o\u00f9 le droit imp\u00e9ratif le pr\u00e9voit (tel que le droit de citation). <\/p>\n\n<h2 class=\"wp-block-heading\">5. Bulletin d&rsquo;information<\/h2>\n\n<p>Sans pr\u00e9judice de ce qui pr\u00e9c\u00e8de, vous pouvez transmettre notre bulletin d&rsquo;information sous forme num\u00e9rique \u00e0 d&rsquo;autres personnes susceptibles d&rsquo;\u00eatre int\u00e9ress\u00e9es par notre site.<\/p>\n\n<h2 class=\"wp-block-heading\">6. Biens appartenant \u00e0 des tiers<\/h2>\n\n<p>Notre site peut contenir des hyperliens ou d&rsquo;autres r\u00e9f\u00e9rences \u00e0 des sites d&rsquo;autres parties.\nNous ne contr\u00f4lons ni n&rsquo;examinons le contenu des sites d&rsquo;autres parties li\u00e9s \u00e0 ce site.\nLes produits ou services offerts par d&rsquo;autres sites sont soumis aux conditions applicables de ces tiers.\nNous ne partageons ni n&rsquo;approuvons n\u00e9cessairement les opinions ou le mat\u00e9riel figurant sur ces sites.   <\/p>\n\n<p>Nous ne sommes pas responsables des pratiques de confidentialit\u00e9 ou du contenu de ces sites.\nVous assumez tous les risques li\u00e9s \u00e0 l&rsquo;utilisation de ces sites et de tout service tiers connexe.\nNous n&rsquo;acceptons aucune responsabilit\u00e9 pour toute perte ou tout dommage, quelle qu&rsquo;en soit l&rsquo;origine, r\u00e9sultant des donn\u00e9es personnelles que vous avez fournies \u00e0 des tiers.  <\/p>\n\n<h2 class=\"wp-block-heading\">7. Utilisation responsable<\/h2>\n\n<p>En visitant notre site, vous acceptez de l&rsquo;utiliser uniquement aux fins auxquelles il est destin\u00e9 et dans les limites autoris\u00e9es par les pr\u00e9sentes conditions g\u00e9n\u00e9rales, par tout contrat suppl\u00e9mentaire conclu avec nous, ainsi que par les lois, r\u00e9glementations et pratiques et lignes directrices en ligne g\u00e9n\u00e9ralement accept\u00e9es.\nVous ne devez pas utiliser notre site ou nos services pour utiliser, publier ou distribuer du mat\u00e9riel consistant en (ou li\u00e9 \u00e0) des logiciels informatiques nuisibles ; utiliser les donn\u00e9es de notre site pour des activit\u00e9s de marketing direct ; ou mener des activit\u00e9s de collecte de donn\u00e9es syst\u00e9matiques ou automatis\u00e9es sur ou en relation avec notre site. <\/p>\n\n<p>Il est strictement interdit de se livrer \u00e0 toute activit\u00e9 qui cause ou pourrait causer des dommages au site ou entraver le fonctionnement, la disponibilit\u00e9 ou l&rsquo;accessibilit\u00e9 du site.<\/p>\n\n<h2 class=\"wp-block-heading\">8. L&rsquo;inscription<\/h2>\n\n<p>Vous pouvez cr\u00e9er un compte sur notre site.\nAu cours de cette proc\u00e9dure, il peut vous \u00eatre demand\u00e9 de choisir un mot de passe.\nVous \u00eates responsable du maintien de la confidentialit\u00e9 des mots de passe et des informations relatives \u00e0 votre compte et vous acceptez de ne pas partager avec d&rsquo;autres vos mots de passe, les informations relatives \u00e0 votre compte ou l&rsquo;acc\u00e8s s\u00e9curis\u00e9 \u00e0 notre site ou \u00e0 nos services.\nVous ne devez permettre \u00e0 personne d&rsquo;utiliser votre compte pour acc\u00e9der au site, car vous \u00eates responsable de toutes les activit\u00e9s qui se produisent par l&rsquo;utilisation de vos mots de passe ou de vos comptes.\nVous devez nous avertir imm\u00e9diatement si vous d\u00e9couvrez que votre mot de passe a fait l&rsquo;objet d&rsquo;une fuite ou a \u00e9t\u00e9 divulgu\u00e9 par inadvertance \u00e0 des tiers.    <\/p>\n\n<p>Apr\u00e8s la cl\u00f4ture de votre compte, vous ne pouvez pas tenter d&rsquo;ouvrir un nouveau compte sans notre autorisation.<\/p>\n\n<h2 class=\"wp-block-heading\">9. Politique de remboursement et de retour<\/h2>\n\n<h2 class=\"wp-block-heading has-medium-font-size\"><strong>9.1 Droit de r\u00e9tractation<\/strong><\/h2>\n\n<p>Vous avez le droit de r\u00e9voquer le pr\u00e9sent contrat dans un d\u00e9lai de 30 jours sans donner de raisons.<\/p>\n\n<p>Le d\u00e9lai de r\u00e9tractation expire 30 jours apr\u00e8s la date \u00e0 laquelle vous ou un tiers d\u00e9sign\u00e9 par vous, autre que le transporteur, prend physiquement possession des biens.<\/p>\n\n<p>Pour exercer le droit de r\u00e9tractation, vous devez nous informer de votre d\u00e9cision de r\u00e9tractation du pr\u00e9sent accord par une d\u00e9claration claire (par exemple, une lettre envoy\u00e9e par la poste, par t\u00e9l\u00e9copie ou par courrier \u00e9lectronique).\nVous trouverez nos coordonn\u00e9es ci-dessous.\nVous pouvez utiliser le <a target=\"_blank\" href=\"https:\/\/old.nomestic.com\/nl\/wp-content\/uploads\/complianz\/withdrawal-forms\/withdrawal-form-nl.pdf\" rel=\"noreferrer noopener\">mod\u00e8le de formulaire de r\u00e9tractation<\/a> ci-joint, mais ce n&rsquo;est pas obligatoire.  <\/p>\n\n<p>Vous pouvez \u00e9galement remplir et soumettre \u00e9lectroniquement le mod\u00e8le de formulaire de retrait ou toute autre d\u00e9claration claire sur notre <a href=\"https:\/\/old.nomestic.com\/nl\/contact\/\">site.<\/a> <\/p>\n\n<p>Si vous utilisez cette option, nous vous enverrons sans d\u00e9lai un accus\u00e9 de r\u00e9ception de cette r\u00e9vocation sur un support durable (par exemple, par courrier \u00e9lectronique).<\/p>\n\n<p>Pour respecter le d\u00e9lai de r\u00e9tractation, il suffit que vous envoyiez la communication relative \u00e0 l&rsquo;exercice du droit de r\u00e9tractation avant l&rsquo;expiration du d\u00e9lai de r\u00e9tractation.<\/p>\n\n<p class=\"has-medium-font-size\"><strong>9.2 Cons\u00e9quences de la r\u00e9vocation<\/strong><\/p>\n\n<p>En cas de r\u00e9tractation de votre part du pr\u00e9sent contrat, nous vous rembourserons promptement tous les paiements re\u00e7us de vous, y compris les frais de livraison (\u00e0 l&rsquo;exception des frais suppl\u00e9mentaires d\u00e9coulant du fait que vous avez choisi un mode de livraison autre que le mode de livraison standard le moins cher propos\u00e9 par nous) et, en tout \u00e9tat de cause, au plus tard 14 jours \u00e0 compter du jour o\u00f9 nous sommes inform\u00e9s de votre d\u00e9cision de r\u00e9tractation du pr\u00e9sent contrat.\nNous effectuerons ce remboursement en utilisant le m\u00eame moyen de paiement que celui que vous avez utilis\u00e9 pour la transaction initiale, sauf si vous en avez express\u00e9ment convenu autrement ; en tout \u00e9tat de cause, ce remboursement est gratuit. <\/p>\n\n<p>Vous devez nous renvoyer ou nous remettre les biens ou les remettre \u00e0 une personne autoris\u00e9e par nous sans d\u00e9lai et, en tout \u00e9tat de cause, au plus tard 14 jours \u00e0 compter du jour o\u00f9 vous nous informez de votre r\u00e9tractation du contrat.\nLe d\u00e9lai est respect\u00e9 si vous renvoyez les biens avant l&rsquo;expiration du d\u00e9lai de 14 jours. <\/p>\n\n<p>Nous pouvons attendre pour effectuer le remboursement que nous ayons re\u00e7u les marchandises ou que vous ayez prouv\u00e9 que vous avez renvoy\u00e9 les marchandises, la date retenue \u00e9tant celle du premier de ces faits.<\/p>\n\n<p>Nous prendrons en charge les frais de retour\/r\u00e9cup\u00e9ration des marchandises.<\/p>\n\n<p>Vous n&rsquo;\u00eates responsable que de la d\u00e9pr\u00e9ciation des biens r\u00e9sultant d&rsquo;une utilisation autre que celle n\u00e9cessaire pour \u00e9tablir la nature, les caract\u00e9ristiques et le fonctionnement des biens.<\/p>\n\n<p>Il existe des exceptions l\u00e9gales au droit de r\u00e9tractation, et certains articles ne peuvent donc pas \u00eatre retourn\u00e9s ou \u00e9chang\u00e9s.\nNous vous informerons si cela s&rsquo;applique \u00e0 votre cas particulier. <\/p>\n\n<h2 class=\"wp-block-heading\">10. Soumission d&rsquo;id\u00e9es<\/h2>\n\n<p>Ne nous envoyez pas d&rsquo;id\u00e9es, d&rsquo;inventions, d&rsquo;\u0153uvres prot\u00e9g\u00e9es par le droit d&rsquo;auteur ou d&rsquo;autres informations qui pourraient \u00eatre consid\u00e9r\u00e9es comme votre propre propri\u00e9t\u00e9 intellectuelle, \u00e0 moins que nous n&rsquo;ayons sign\u00e9 au pr\u00e9alable un accord de propri\u00e9t\u00e9 intellectuelle ou de confidentialit\u00e9.\nSi vous nous divulguez le contenu sans un tel accord \u00e9crit, vous nous accordez une licence mondiale, irr\u00e9vocable, non exclusive et libre de redevances pour utiliser, reproduire, stocker, adapter, publier, traduire et distribuer le contenu sous toutes les formes de m\u00e9dias existants ou futurs. <\/p>\n\n<h2 class=\"wp-block-heading\">11. Fin de l&rsquo;utilisation<\/h2>\n\n<p>Nous pouvons, \u00e0 notre seule discr\u00e9tion, modifier ou interrompre, temporairement ou d\u00e9finitivement, l&rsquo;acc\u00e8s au site ou \u00e0 tout service qu&rsquo;il propose, et ce \u00e0 tout moment.\nVous acceptez que nous ne soyons pas responsables envers vous ou envers un tiers de toute modification, suspension ou interruption de votre acc\u00e8s ou de votre utilisation du site ou de tout contenu que vous avez partag\u00e9 sur le site.\nVous n&rsquo;aurez droit \u00e0 aucune indemnit\u00e9 ni \u00e0 aucun autre paiement, m\u00eame si certaines fonctionnalit\u00e9s, certains param\u00e8tres et\/ou certains contenus auxquels vous avez contribu\u00e9 ou sur lesquels vous vous \u00eates appuy\u00e9 sont d\u00e9finitivement perdus.\nVous ne pouvez pas contourner ou tenter de contourner les mesures de restriction d&rsquo;acc\u00e8s \u00e0 notre site.   <\/p>\n\n<h2 class=\"wp-block-heading\">12. Garanties et responsabilit\u00e9<\/h2>\n\n<p>Rien dans le pr\u00e9sent article ne limite ou n&rsquo;exclut une garantie impos\u00e9e par la loi qu&rsquo;il serait ill\u00e9gal de limiter ou d&rsquo;exclure.\nCe site et tout son contenu sont fournis \u00ab\u00a0en l&rsquo;\u00e9tat\u00a0\u00bb et \u00ab\u00a0tels que disponibles\u00a0\u00bb et peuvent contenir des inexactitudes ou des erreurs typographiques.\nNous d\u00e9clinons express\u00e9ment toute garantie, expresse ou implicite, quant \u00e0 la disponibilit\u00e9, l&rsquo;exactitude ou l&rsquo;exhaustivit\u00e9 du contenu.\nNous ne garantissons pas que :   <\/p>\n\n<ul class=\"wp-block-list\">\n<li>que ce site ou nos produits r\u00e9pondent \u00e0 vos besoins ;<\/li>\n\n\n\n<li>ce site sera disponible de mani\u00e8re ininterrompue, opportune, s\u00fbre ou sans erreur ;<\/li>\n\n\n\n<li>la qualit\u00e9 de tout produit ou service que vous achetez ou obtenez par l&rsquo;interm\u00e9diaire de ce site r\u00e9pondra \u00e0 vos attentes.<\/li>\n<\/ul>\n\n<p>Aucun \u00e9l\u00e9ment de ce site ne peut \u00eatre consid\u00e9r\u00e9 comme un conseil juridique, financier ou m\u00e9dical de quelque nature que ce soit.\nSi vous avez besoin d&rsquo;un conseil, vous devez consulter un expert. <\/p>\n\n<p>Les dispositions suivantes de la pr\u00e9sente clause s&rsquo;appliquent dans toute la mesure permise par la loi applicable et ne limitent ni n&rsquo;excluent notre responsabilit\u00e9 dans les cas o\u00f9 cela serait ill\u00e9gal ou interdit.\nNous ne serons en aucun cas responsables des dommages directs ou indirects (y compris la perte de profits ou de revenus, la perte ou l&rsquo;endommagement de donn\u00e9es, de logiciels ou de bases de donn\u00e9es, la perte ou l&rsquo;endommagement de biens ou de donn\u00e9es) subis par vous ou par un tiers et r\u00e9sultant de votre acc\u00e8s \u00e0 notre site ou de votre utilisation de celui-ci. <\/p>\n\n<p>Sauf disposition contraire express\u00e9ment pr\u00e9vue dans un contrat suppl\u00e9mentaire, notre responsabilit\u00e9 maximale \u00e0 votre \u00e9gard pour tous les dommages r\u00e9sultant de ou li\u00e9s au site ou aux produits et services commercialis\u00e9s ou vendus par l&rsquo;interm\u00e9diaire du site, quelle que soit la cause de cette responsabilit\u00e9, sera limit\u00e9e au prix total que vous nous avez pay\u00e9 pour acheter ces produits ou services ou pour utiliser le site.\nCette limitation s&rsquo;appliquera \u00e0 toutes vos r\u00e9clamations, de quelque nature qu&rsquo;elles soient. <\/p>\n\n<h2 class=\"wp-block-heading\">13. Protection de la vie priv\u00e9e<\/h2>\n\n<p>Pour acc\u00e9der \u00e0 notre site et\/ou \u00e0 nos services, il peut vous \u00eatre demand\u00e9 de fournir certaines informations vous concernant dans le cadre de la proc\u00e9dure d&rsquo;enregistrement.\nVous vous engagez \u00e0 ce que les informations que vous fournissez soient toujours exactes, correctes et \u00e0 jour. <\/p>\n\n<p>Nous prenons au s\u00e9rieux le traitement de vos donn\u00e9es personnelles et nous nous engageons \u00e0 prot\u00e9ger votre vie priv\u00e9e.\nNous n&rsquo;utiliserons pas votre adresse \u00e9lectronique pour envoyer des courriers non sollicit\u00e9s.\nTous les courriers \u00e9lectroniques que nous vous envoyons le sont uniquement dans le cadre de la fourniture de produits ou de services convenus.  <\/p>\n\n<p>Nous avons \u00e9labor\u00e9 des politiques pour r\u00e9pondre \u00e0 toutes les pr\u00e9occupations possibles en mati\u00e8re de protection de la vie priv\u00e9e.\nPour plus d&rsquo;informations, veuillez consulter notre <a href=\"https:\/\/old.nomestic.com\/fr\/declaration-de-confidentialite\/\">d\u00e9claration de confidentialit\u00e9<\/a> et notre <a href=\"https:\/\/old.nomestic.com\/fr\/politique-en-matiere-de-cookies\/\" data-type=\"link\" data-id=\"https:\/\/old.nomestic.com\/cookiebeleid\/\">politique en mati\u00e8re de cookies<\/a>. <\/p>\n\n<h2 class=\"wp-block-heading\">14. Restrictions \u00e0 l&rsquo;exportation \/ Respect de la l\u00e9gislation<\/h2>\n\n<p>L&rsquo;acc\u00e8s au site est interdit aux visiteurs provenant de r\u00e9gions ou de pays o\u00f9 le contenu ou l&rsquo;achat de produits ou de services vendus sur le site est ill\u00e9gal.\nVous ne pouvez pas utiliser ce site en violation des lois et r\u00e8glements des Pays-Bas en mati\u00e8re d&rsquo;exportation. <\/p>\n\n<h2 class=\"wp-block-heading\">15. Marketing d&rsquo;affiliation<\/h2>\n\n<p>Par l&rsquo;interm\u00e9diaire de ce site, nous pouvons nous engager dans un marketing d&rsquo;affiliation dans le cadre duquel nous recevons un pourcentage ou une commission sur les ventes de services ou de produits sur ou par l&rsquo;interm\u00e9diaire de ce site.\nNous pouvons \u00e9galement accepter des parrainages ou d&rsquo;autres formes de r\u00e9mun\u00e9ration publicitaire de la part d&rsquo;entreprises.\nLe pr\u00e9sent document est destin\u00e9 \u00e0 se conformer aux r\u00e9glementations l\u00e9gales en mati\u00e8re de marketing et de publicit\u00e9 qui peuvent s&rsquo;appliquer, telles que celles de la Federal Trade Commission (Commission f\u00e9d\u00e9rale du commerce) des \u00c9tats-Unis.  <\/p>\n\n<h2 class=\"wp-block-heading\">16. Affectation<\/h2>\n\n<p>Vous ne pouvez pas c\u00e9der, transf\u00e9rer ou sous-traiter tout ou partie de vos droits et\/ou obligations au titre des pr\u00e9sentes conditions g\u00e9n\u00e9rales \u00e0 un tiers sans notre consentement \u00e9crit pr\u00e9alable.\nToute pr\u00e9tendue cession en violation de cette section est nulle et non avenue. <\/p>\n\n<h2 class=\"wp-block-heading\">17. Violation des pr\u00e9sentes conditions g\u00e9n\u00e9rales<\/h2>\n\n<p>Sans pr\u00e9judice de nos autres droits en vertu des pr\u00e9sentes conditions, si vous enfreignez ces conditions de quelque mani\u00e8re que ce soit, nous pouvons prendre les mesures que nous jugeons appropri\u00e9es pour rem\u00e9dier \u00e0 l&rsquo;infraction, y compris suspendre temporairement ou d\u00e9finitivement votre acc\u00e8s au site, contacter votre fournisseur d&rsquo;acc\u00e8s \u00e0 Internet pour lui demander de bloquer votre acc\u00e8s au site et\/ou intenter une action en justice \u00e0 votre encontre.<\/p>\n\n<h2 class=\"wp-block-heading\">18. Force majeure<\/h2>\n\n<p>\u00c0 l&rsquo;exception de l&rsquo;obligation de payer une somme d&rsquo;argent, aucun retard, omission ou manquement de l&rsquo;une ou l&rsquo;autre partie dans l&rsquo;ex\u00e9cution ou le respect de l&rsquo;une des obligations qui lui incombent en vertu des pr\u00e9sentes conditions g\u00e9n\u00e9rales ne sera consid\u00e9r\u00e9 comme une violation des pr\u00e9sentes conditions g\u00e9n\u00e9rales si et aussi longtemps que ce retard, cette omission ou ce manquement r\u00e9sultera d&rsquo;une cause \u00e9chappant au contr\u00f4le raisonnable de cette partie.<\/p>\n\n<h2 class=\"wp-block-heading\">19. Indemnisation<\/h2>\n\n<p>Vous acceptez de nous indemniser, de nous d\u00e9fendre et de nous tenir \u00e0 l&rsquo;\u00e9cart de toutes les r\u00e9clamations, responsabilit\u00e9s, dommages, pertes et d\u00e9penses li\u00e9s \u00e0 votre violation des pr\u00e9sentes conditions et des lois applicables, y compris les droits de propri\u00e9t\u00e9 intellectuelle et les droits \u00e0 la protection de la vie priv\u00e9e.\nVous nous indemniserez rapidement pour nos dommages, pertes, co\u00fbts et d\u00e9penses li\u00e9s \u00e0 ces r\u00e9clamations ou en d\u00e9coulant. <\/p>\n\n<h2 class=\"wp-block-heading\">20. Renonciation<\/h2>\n\n<p>Le fait de ne pas appliquer l&rsquo;une des dispositions des pr\u00e9sentes conditions g\u00e9n\u00e9rales et de tout autre document, ou de ne pas exercer une option de r\u00e9siliation, ne doit pas \u00eatre interpr\u00e9t\u00e9 comme une renonciation ou un consentement implicite, et n&rsquo;affecte pas la validit\u00e9 des pr\u00e9sentes conditions g\u00e9n\u00e9rales ou de tout autre accord ou partie de celui-ci, ni le droit d&rsquo;appliquer toutes les dispositions par la suite.<\/p>\n\n<h2 class=\"wp-block-heading\">21. Langue<\/h2>\n\n<p>Les pr\u00e9sentes conditions g\u00e9n\u00e9rales seront interpr\u00e9t\u00e9es exclusivement en n\u00e9erlandais.\nToutes les communications et la correspondance se feront exclusivement dans cette langue. <\/p>\n\n<h2 class=\"wp-block-heading\">22. Int\u00e9gralit\u00e9 de l&rsquo;accord<\/h2>\n\n<p>Les pr\u00e9sentes conditions g\u00e9n\u00e9rales, ainsi que notre <a href=\"https:\/\/old.nomestic.com\/fr\/declaration-de-confidentialite\/\">d\u00e9claration de confidentialit\u00e9<\/a> et notre <a href=\"https:\/\/old.nomestic.com\/fr\/politique-en-matiere-de-cookies\/\">politique en mati\u00e8re de cookies<\/a>, constituent l&rsquo;int\u00e9gralit\u00e9 de l&rsquo;accord entre vous et Nomestic B.V. en ce qui concerne votre utilisation de ce site.<\/p>\n\n<h2 class=\"wp-block-heading\">23. Mise \u00e0 jour des pr\u00e9sentes conditions g\u00e9n\u00e9rales<\/h2>\n\n<p>Nous pouvons mettre \u00e0 jour les pr\u00e9sentes conditions g\u00e9n\u00e9rales de temps \u00e0 autre.\nVous \u00eates tenu de v\u00e9rifier r\u00e9guli\u00e8rement si ces conditions ont \u00e9t\u00e9 modifi\u00e9es ou mises \u00e0 jour.\nLa date figurant au d\u00e9but des pr\u00e9sentes conditions g\u00e9n\u00e9rales est la date de la derni\u00e8re r\u00e9vision.\nLes modifications apport\u00e9es aux pr\u00e9sentes conditions g\u00e9n\u00e9rales entreront en vigueur d\u00e8s qu&rsquo;elles seront publi\u00e9es sur ce site.\nEn continuant \u00e0 utiliser ce site apr\u00e8s la publication des modifications ou des mises \u00e0 jour, vous \u00eates r\u00e9put\u00e9 avoir accept\u00e9 de vous conformer aux pr\u00e9sentes conditions g\u00e9n\u00e9rales et d&rsquo;\u00eatre li\u00e9 par elles.    <\/p>\n\n<h2 class=\"wp-block-heading\">24. Choix de la loi et de la juridiction<\/h2>\n\n<p>Les pr\u00e9sentes conditions g\u00e9n\u00e9rales sont r\u00e9gies par le droit n\u00e9erlandais.\nTout litige relatif aux pr\u00e9sentes conditions g\u00e9n\u00e9rales sera soumis \u00e0 la comp\u00e9tence des tribunaux des Pays-Bas.\nSi une partie ou une disposition des pr\u00e9sentes conditions g\u00e9n\u00e9rales est jug\u00e9e invalide et\/ou inapplicable par un tribunal ou une autre autorit\u00e9, cette partie ou disposition sera modifi\u00e9e, supprim\u00e9e et\/ou appliqu\u00e9e dans toute la mesure permise pour donner effet \u00e0 l&rsquo;intention des pr\u00e9sentes conditions g\u00e9n\u00e9rales.\nLes autres dispositions ne seront pas affect\u00e9es.   <\/p>\n\n<h2 class=\"wp-block-heading\">25. Informations sur les contacts<\/h2>\n\n<p>Ce site est d\u00e9tenu et exploit\u00e9 par Nomestic B.V.<\/p>\n\n<p>Vous pouvez nous contacter au sujet de ces termes et conditions via notre page de <a href=\"https:\/\/old.nomestic.com\/fr\/contactez-nous\/\">contact<\/a>.<\/p>\n\n<h2 class=\"wp-block-heading\"><\/h2>\n","protected":false},"excerpt":{"rendered":"<p>Les termes et conditions ont \u00e9t\u00e9 mis \u00e0 jour pour la derni\u00e8re fois le 11\/03\/2023. 1. Introduction Les pr\u00e9sentes conditions g\u00e9n\u00e9rales s&rsquo;appliquent \u00e0 ce site et aux transactions portant sur nos produits et services. Vous pouvez \u00eatre li\u00e9 par des contrats suppl\u00e9mentaires dans le cadre de votre relation avec nous [&hellip;]<\/p>\n","protected":false},"author":1,"featured_media":0,"parent":0,"menu_order":0,"comment_status":"closed","ping_status":"closed","template":"","meta":{"inline_featured_image":false,"footnotes":""},"class_list":["post-7282","page","type-page","status-publish","hentry"],"_links":{"self":[{"href":"https:\/\/old.nomestic.com\/fr\/wp-json\/wp\/v2\/pages\/7282","targetHints":{"allow":["GET"]}}],"collection":[{"href":"https:\/\/old.nomestic.com\/fr\/wp-json\/wp\/v2\/pages"}],"about":[{"href":"https:\/\/old.nomestic.com\/fr\/wp-json\/wp\/v2\/types\/page"}],"author":[{"embeddable":true,"href":"https:\/\/old.nomestic.com\/fr\/wp-json\/wp\/v2\/users\/1"}],"replies":[{"embeddable":true,"href":"https:\/\/old.nomestic.com\/fr\/wp-json\/wp\/v2\/comments?post=7282"}],"version-history":[{"count":0,"href":"https:\/\/old.nomestic.com\/fr\/wp-json\/wp\/v2\/pages\/7282\/revisions"}],"wp:attachment":[{"href":"https:\/\/old.nomestic.com\/fr\/wp-json\/wp\/v2\/media?parent=7282"}],"curies":[{"name":"wp","href":"https:\/\/api.w.org\/{rel}","templated":true}]}}