{"id":7244,"date":"2024-01-04T14:48:20","date_gmt":"2024-01-04T13:48:20","guid":{"rendered":"https:\/\/old.nomestic.com\/modes-de-paiement\/"},"modified":"2024-11-30T01:16:46","modified_gmt":"2024-11-30T00:16:46","slug":"modes-de-paiement","status":"publish","type":"page","link":"https:\/\/old.nomestic.com\/fr\/modes-de-paiement\/","title":{"rendered":"Modes de paiement"},"content":{"rendered":"\n<p><\/p>\n\n\n\n<p><strong><mark style=\"background-color:rgba(0, 0, 0, 0)\" class=\"has-inline-color has-gutenberg-accent-color\">LES MODES DE PAIEMENT<\/mark><\/strong><\/p>\n\n\n\n<p>Nous nous effor\u00e7ons de rendre votre exp\u00e9rience d&rsquo;achat transparente en vous proposant une vari\u00e9t\u00e9 de m\u00e9thodes de paiement s\u00e9curis\u00e9es. Vous pouvez choisir parmi les options suivantes :<\/p>\n\n\n\n<ul class=\"wp-block-list\">\n<li>iDeal<\/li>\n\n\n\n<li>Visa<\/li>\n\n\n\n<li>Master<\/li>\n\n\n\n<li>Maestro<\/li>\n\n\n\n<li>American Express<\/li>\n\n\n\n<li>SEPA<\/li>\n\n\n\n<li>Bancontact<\/li>\n\n\n\n<li>SOFORT<\/li>\n\n\n\n<li>Klarna<\/li>\n\n\n\n<li>KBC<\/li>\n\n\n\n<li>Belfius<\/li>\n\n\n\n<li>Giropay<\/li>\n\n\n\n<li>EPS<\/li>\n\n\n\n<li>Apple Pay<\/li>\n\n\n\n<li>Google Pay<\/li>\n<\/ul>\n\n\n\n<p>Veuillez noter que nous n&rsquo;acceptons pas le paiement \u00e0 la livraison comme option de paiement. Pour votre commodit\u00e9, nous vous proposons plusieurs m\u00e9thodes de paiement s\u00fbres et fiables pour compl\u00e9ter votre achat.<\/p>\n\n\n\n<p>Nous appr\u00e9cions sinc\u00e8rement la confiance que vous accordez \u00e0 Nomestic et sommes impatients de vous servir avec les meilleurs produits et la meilleure assistance.<\/p>\n","protected":false},"excerpt":{"rendered":"<p>LES MODES DE PAIEMENT Nous nous effor\u00e7ons de rendre votre exp\u00e9rience d&rsquo;achat transparente en vous proposant une vari\u00e9t\u00e9 de m\u00e9thodes de paiement s\u00e9curis\u00e9es. Vous pouvez choisir parmi les options suivantes : Veuillez noter que nous n&rsquo;acceptons pas le paiement \u00e0 la livraison comme option de paiement. Pour votre commodit\u00e9, nous [&hellip;]<\/p>\n","protected":false},"author":1,"featured_media":0,"parent":0,"menu_order":0,"comment_status":"closed","ping_status":"closed","template":"","meta":{"inline_featured_image":false,"footnotes":""},"class_list":["post-7244","page","type-page","status-publish","hentry"],"_links":{"self":[{"href":"https:\/\/old.nomestic.com\/fr\/wp-json\/wp\/v2\/pages\/7244","targetHints":{"allow":["GET"]}}],"collection":[{"href":"https:\/\/old.nomestic.com\/fr\/wp-json\/wp\/v2\/pages"}],"about":[{"href":"https:\/\/old.nomestic.com\/fr\/wp-json\/wp\/v2\/types\/page"}],"author":[{"embeddable":true,"href":"https:\/\/old.nomestic.com\/fr\/wp-json\/wp\/v2\/users\/1"}],"replies":[{"embeddable":true,"href":"https:\/\/old.nomestic.com\/fr\/wp-json\/wp\/v2\/comments?post=7244"}],"version-history":[{"count":1,"href":"https:\/\/old.nomestic.com\/fr\/wp-json\/wp\/v2\/pages\/7244\/revisions"}],"predecessor-version":[{"id":11314,"href":"https:\/\/old.nomestic.com\/fr\/wp-json\/wp\/v2\/pages\/7244\/revisions\/11314"}],"wp:attachment":[{"href":"https:\/\/old.nomestic.com\/fr\/wp-json\/wp\/v2\/media?parent=7244"}],"curies":[{"name":"wp","href":"https:\/\/api.w.org\/{rel}","templated":true}]}}