{"id":7230,"date":"2024-01-04T11:14:22","date_gmt":"2024-01-04T10:14:22","guid":{"rendered":"https:\/\/old.nomestic.com\/a-propos-de-nous\/"},"modified":"2025-04-29T21:17:16","modified_gmt":"2025-04-29T20:17:16","slug":"a-propos-de-nous","status":"publish","type":"page","link":"https:\/\/old.nomestic.com\/fr\/a-propos-de-nous\/","title":{"rendered":"A Propos De Nous"},"content":{"rendered":"\n<div class=\"wp-block-cover is-light\"><img loading=\"lazy\" decoding=\"async\" width=\"2560\" height=\"1705\" class=\"wp-block-cover__image-background wp-image-9892\" alt=\"About Us - Clean Air\" src=\"https:\/\/old.nomestic.com\/wp-content\/uploads\/2024\/11\/about-us-clean-air-1-1.jpg\" data-object-fit=\"cover\" srcset=\"https:\/\/old.nomestic.com\/wp-content\/uploads\/2024\/11\/about-us-clean-air-1-1.jpg 2560w, https:\/\/old.nomestic.com\/wp-content\/uploads\/2024\/11\/about-us-clean-air-1-1-300x200.jpg 300w, https:\/\/old.nomestic.com\/wp-content\/uploads\/2024\/11\/about-us-clean-air-1-1-1024x682.jpg 1024w, https:\/\/old.nomestic.com\/wp-content\/uploads\/2024\/11\/about-us-clean-air-1-1-768x512.jpg 768w, https:\/\/old.nomestic.com\/wp-content\/uploads\/2024\/11\/about-us-clean-air-1-1-1536x1023.jpg 1536w, https:\/\/old.nomestic.com\/wp-content\/uploads\/2024\/11\/about-us-clean-air-1-1-2048x1364.jpg 2048w, https:\/\/old.nomestic.com\/wp-content\/uploads\/2024\/11\/about-us-clean-air-1-1-150x100.jpg 150w, https:\/\/old.nomestic.com\/wp-content\/uploads\/2024\/11\/about-us-clean-air-1-1-1320x879.jpg 1320w, https:\/\/old.nomestic.com\/wp-content\/uploads\/2024\/11\/about-us-clean-air-1-1-450x300.jpg 450w, https:\/\/old.nomestic.com\/wp-content\/uploads\/2024\/11\/about-us-clean-air-1-1-1000x666.jpg 1000w\" sizes=\"auto, (max-width: 2560px) 100vw, 2560px\" \/><span aria-hidden=\"true\" class=\"wp-block-cover__background has-background-dim\" style=\"background-color:#7c94a8\"><\/span><div class=\"wp-block-cover__inner-container is-layout-constrained wp-block-cover-is-layout-constrained\">\n<p class=\"has-text-align-center has-gutenberg-accent-color has-text-color has-link-color has-x-large-font-size wp-elements-08b851e36830a70012d3966b3eed076b\"><strong><mark style=\"background-color:rgba(0, 0, 0, 0)\" class=\"has-inline-color has-gutenberg-accent-color\">Healthier Lives Through Cleaner Air<\/mark><\/strong><\/p>\n<\/div><\/div>\n\n\n\n<section id=\"g-osjsmsu\" class=\"wp-block-gutentor-m4 section-g-osjsmsu gutentor-module gutentor-advanced-columns has-color-bg has-custom-bg gutentor-equal-column-height\"><div class=\"grid-container\"><div class=\"grid-row\">\n<div id=\"col-g-2vetr1y\" class=\"wp-block-gutentor-m4-col col-g-2vetr1y gutentor-single-column  grid-lg-6 grid-md-12 grid-12\"><div id=\"section-g-2vetr1y\" class=\"section-g-2vetr1y gutentor-col-wrap\">\n<div id=\"section-g-r1wgmy2\" class=\"wp-block-gutentor-e1 section-g-r1wgmy2 gutentor-element gutentor-element-advanced-text text-align-left-desktop text-align-center-tablet text-align-center-mobile\"><div class=\"gutentor-text-wrap\"><h2 class=\"gutentor-text\">Qui sommes-nous<\/h2><\/div><\/div>\n\n\n\n<div id=\"section-g-s41ivn4\" class=\"wp-block-gutentor-e1 section-g-s41ivn4 gutentor-element gutentor-element-advanced-text text-align-left-desktop text-align-center-tablet text-align-center-mobile\"><div class=\"gutentor-text-wrap\"><p class=\"gutentor-text\">Fond\u00e9e en 2021, Nomestic est une startup GreenTech n\u00e9erlandaise dont la mission est de rendre les compteurs de qualit\u00e9 de l&rsquo;air int\u00e9rieur (QAI) aussi essentiels que les d\u00e9tecteurs de fum\u00e9e. Anim\u00e9e par l&rsquo;innovation et un engagement pour la sant\u00e9, notre \u00e9quipe d&rsquo;ing\u00e9nieurs, de d\u00e9veloppeurs et de pionniers exp\u00e9riment\u00e9s se consacre \u00e0 la cr\u00e9ation de solutions QAI pr\u00e9cises et conviviales pour tout le monde.<br><br>Notre objectif est de sensibiliser \u00e0 l&rsquo;impact du CO2 et des autres polluants de l&rsquo;air int\u00e9rieur tout en proposant une technologie accessible qui permet aux gens de vivre une vie plus saine. Chez Nomestic, nous ne nous contentons pas de fabriquer des appareils ; nous fa\u00e7onnons un avenir o\u00f9 l&rsquo;air int\u00e9rieur propre est une norme et non un luxe.<\/p><\/div><\/div>\n<\/div><\/div>\n\n\n\n<div id=\"col-g-13jjjs6\" class=\"wp-block-gutentor-m4-col col-g-13jjjs6 gutentor-single-column  grid-lg-6 grid-md-12 grid-12\"><div id=\"section-g-13jjjs6\" class=\"section-g-13jjjs6 gutentor-col-wrap\">\n<div id=\"section-g-mrddrr3\" class=\"wp-block-gutentor-e6 section-g-mrddrr3 gutentor-element gutentor-element-image\"><div class=\"gutentor-element-image-box\"><div class=\"gutentor-image-thumb\"><img decoding=\"async\" class=\"normal-image\" src=\"https:\/\/old.nomestic.com\/wp-content\/uploads\/2025\/04\/about-us-who-4-scaled.jpg\" \/><\/div><\/div><\/div>\n<\/div><\/div>\n<\/div><\/div><\/section>\n\n\n\n<section id=\"g-oc1decb\" class=\"wp-block-gutentor-m4 section-g-oc1decb gutentor-module gutentor-advanced-columns has-color-bg has-custom-bg gutentor-equal-column-height\"><div class=\"grid-container\"><div class=\"grid-row\">\n<div id=\"col-g-zvhkkql\" class=\"wp-block-gutentor-m4-col col-g-zvhkkql gutentor-single-column  grid-lg-6 grid-md-12 grid-12\"><div id=\"section-g-zvhkkql\" class=\"section-g-zvhkkql gutentor-col-wrap\">\n<div id=\"section-g-71b1588\" class=\"wp-block-gutentor-e6 section-g-71b1588 gutentor-element gutentor-element-image  d-md-none d-lg-block d-none hieghtzside\"><div class=\"gutentor-element-image-box\"><div class=\"gutentor-image-thumb\"><img decoding=\"async\" class=\"normal-image\" src=\"https:\/\/old.nomestic.com\/wp-content\/uploads\/2025\/04\/about-us-what-5-scaled.jpg\" \/><\/div><\/div><\/div>\n<\/div><\/div>\n\n\n\n<div id=\"col-g-1utrikl\" class=\"wp-block-gutentor-m4-col col-g-1utrikl gutentor-single-column  grid-lg-6 grid-md-12 grid-12\"><div id=\"section-g-1utrikl\" class=\"section-g-1utrikl gutentor-col-wrap\">\n<div id=\"section-g-b335cic\" class=\"wp-block-gutentor-e1 section-g-b335cic gutentor-element gutentor-element-advanced-text text-align-left-desktop text-align-center-tablet text-align-center-mobile\"><div class=\"gutentor-text-wrap\"><h2 class=\"gutentor-text\">Ce que nous faisons<\/h2><\/div><\/div>\n\n\n\n<div id=\"section-g-dbxnl7s\" class=\"wp-block-gutentor-e1 section-g-dbxnl7s gutentor-element gutentor-element-advanced-text text-align-left-desktop text-align-center-tablet text-align-center-mobile\"><div class=\"gutentor-text-wrap\"><p class=\"gutentor-text\">Nous proposons une gamme compl\u00e8te de capteurs avanc\u00e9s de qualit\u00e9 de l&rsquo;air int\u00e9rieur con\u00e7us pour fournir des donn\u00e9es pr\u00e9cises en temps r\u00e9el afin de garantir des espaces int\u00e9rieurs plus sains. Nos capteurs intelligents de qualit\u00e9 de l&rsquo;air mesurent avec pr\u00e9cision les niveaux de CO2, ainsi que d&rsquo;autres polluants tels que la temp\u00e9rature, l&rsquo;humidit\u00e9, les particules (PM2,5, PM10), les compos\u00e9s organiques volatils totaux (COVT) et divers gaz. \u00c9quip\u00e9s de capteurs hautement sensibles, ces capteurs garantissent une surveillance pr\u00e9cise de la qualit\u00e9 de l&rsquo;air int\u00e9rieur.<br><br>Gr\u00e2ce \u00e0 leur conception intuitive, nos appareils offrent une vue d&rsquo;ensemble claire de votre environnement int\u00e9rieur, vous permettant de prendre des d\u00e9cisions \u00e9clair\u00e9es pour prot\u00e9ger votre sant\u00e9 et celle de votre entourage. Vous pouvez surveiller la qualit\u00e9 de l&rsquo;air en temps r\u00e9el et suivre votre environnement \u00e0 tout moment, ce qui vous donne un contr\u00f4le total sur la qualit\u00e9 de l&rsquo;air int\u00e9rieur \u00e0 tout moment.<\/p><\/div><\/div>\n\n\n\n<div id=\"section-g-u1hipkk\" class=\"wp-block-gutentor-e6 section-g-u1hipkk gutentor-element gutentor-element-image d-lg-none\"><div class=\"gutentor-element-image-box\"><div class=\"gutentor-image-thumb\"><img decoding=\"async\" class=\"normal-image\" src=\"https:\/\/old.nomestic.com\/wp-content\/uploads\/2025\/04\/about-us-what-5-scaled.jpg\" \/><\/div><\/div><\/div>\n<\/div><\/div>\n<\/div><\/div><\/section>\n\n\n\n<section id=\"g-l00yx6p\" class=\"wp-block-gutentor-m4 section-g-l00yx6p gutentor-module gutentor-advanced-columns has-color-bg has-custom-bg\"><div class=\"grid-container\"><div class=\"grid-row\">\n<div id=\"col-g-27z1zs6\" class=\"wp-block-gutentor-m4-col col-g-27z1zs6 gutentor-single-column  grid-lg-12 grid-md-12 grid-12\"><div id=\"section-g-27z1zs6\" class=\"section-g-27z1zs6 gutentor-col-wrap\">\n<div id=\"section-g-tol1s2o\" class=\"wp-block-gutentor-e1 section-g-tol1s2o gutentor-element gutentor-element-advanced-text text-align-center-desktop text-align-center-tablet text-align-center-mobile\"><div class=\"gutentor-text-wrap\"><h2 class=\"gutentor-text\">Pourquoi nous choisir<\/h2><\/div><\/div>\n<\/div><\/div>\n<\/div><\/div><\/section>\n\n\n\n<section id=\"gm0cde5a1\" class=\"wp-block-gutentor-m4 section-gm0cde5a1 gutentor-module gutentor-advanced-columns has-color-bg has-custom-bg\"><div class=\"grid-container\"><div class=\"grid-row\">\n<div id=\"col-gme9a366\" class=\"wp-block-gutentor-m4-col col-gme9a366 gutentor-single-column  grid-lg-4 grid-md-12 grid-12\"><div id=\"section-gme9a366\" class=\"section-gme9a366 gutentor-col-wrap\">\n<div id=\"section-gdf8316\" class=\"wp-block-gutentor-e6 section-gdf8316 gutentor-element gutentor-element-image text-align-center-desktop text-align-center-tablet text-align-center-mobile\"><div class=\"gutentor-element-image-box\"><div class=\"gutentor-image-thumb\"><img decoding=\"async\" class=\"normal-image\" src=\"https:\/\/old.nomestic.com\/wp-content\/uploads\/\/check.svg\" \/><\/div><\/div><\/div>\n\n\n\n<div id=\"section-gc9c2f5\" class=\"wp-block-gutentor-e1 section-gc9c2f5 gutentor-element gutentor-element-advanced-text text-align-center-desktop text-align-center-tablet text-align-center-mobile\"><div class=\"gutentor-text-wrap\"><h3 class=\"gutentor-text\">La sant\u00e9 est primordiale<\/h3><\/div><\/div>\n\n\n\n<div id=\"section-g8a3ecc\" class=\"wp-block-gutentor-e1 section-g8a3ecc gutentor-element gutentor-element-advanced-text text-align-left-desktop text-align-center-tablet text-align-center-mobile\"><div class=\"gutentor-text-wrap\"><p class=\"gutentor-text\">Votre sant\u00e9 et votre bien-\u00eatre sont notre priorit\u00e9 absolue. Nos moniteurs de qualit\u00e9 de l&rsquo;air avanc\u00e9s vous permettent de cr\u00e9er l&rsquo;environnement int\u00e9rieur le plus sain et le plus s\u00fbr pour vous et votre famille. En suivant les param\u00e8tres cl\u00e9s de la qualit\u00e9 de l&rsquo;air, nos solutions vous aident \u00e0 garantir un air plus propre et plus frais, favorisant ainsi une meilleure sant\u00e9 et un bien-\u00eatre g\u00e9n\u00e9ral.<\/p><\/div><\/div>\n<\/div><\/div>\n\n\n\n<div id=\"col-gm6f7dc4\" class=\"wp-block-gutentor-m4-col col-gm6f7dc4 gutentor-single-column  grid-lg-4 grid-md-12 grid-12\"><div id=\"section-gm6f7dc4\" class=\"section-gm6f7dc4 gutentor-col-wrap\">\n<div id=\"section-g8e5620\" class=\"wp-block-gutentor-e6 section-g8e5620 gutentor-element gutentor-element-image text-align-center-desktop text-align-center-tablet text-align-center-mobile\"><div class=\"gutentor-element-image-box\"><div class=\"gutentor-image-thumb\"><img decoding=\"async\" class=\"normal-image\" src=\"https:\/\/old.nomestic.com\/wp-content\/uploads\/\/light.svg\" \/><\/div><\/div><\/div>\n\n\n\n<div id=\"section-geb9e1b\" class=\"wp-block-gutentor-e1 section-geb9e1b gutentor-element gutentor-element-advanced-text text-align-center-desktop text-align-center-tablet text-align-center-mobile\"><div class=\"gutentor-text-wrap\"><h3 class=\"gutentor-text\">Des solutions fiables<\/h3><\/div><\/div>\n\n\n\n<div id=\"section-g5afc73\" class=\"wp-block-gutentor-e1 section-g5afc73 gutentor-element gutentor-element-advanced-text text-align-left-desktop text-align-center-tablet text-align-center-mobile\"><div class=\"gutentor-text-wrap\"><p class=\"gutentor-text\">Nous nous consacrons au d\u00e9veloppement de solutions innovantes, fiables et conviviales qui facilitent la surveillance et l&rsquo;am\u00e9lioration de la qualit\u00e9 de l&rsquo;air int\u00e9rieur. Nos produits avanc\u00e9s de qualit\u00e9 de l&rsquo;air vous permettent de suivre sans effort les param\u00e8tres cl\u00e9s de l&rsquo;air, garantissant ainsi un environnement de vie ou de travail plus sain et plus confortable.<\/p><\/div><\/div>\n<\/div><\/div>\n\n\n\n<div id=\"col-gmdbd43c\" class=\"wp-block-gutentor-m4-col col-gmdbd43c gutentor-single-column  grid-lg-4 grid-md-12 grid-12\"><div id=\"section-gmdbd43c\" class=\"section-gmdbd43c gutentor-col-wrap\">\n<div id=\"section-g7862ff\" class=\"wp-block-gutentor-e6 section-g7862ff gutentor-element gutentor-element-image text-align-center-desktop text-align-center-tablet text-align-center-mobile\"><div class=\"gutentor-element-image-box\"><div class=\"gutentor-image-thumb\"><img decoding=\"async\" class=\"normal-image\" src=\"https:\/\/old.nomestic.com\/wp-content\/uploads\/\/display2.svg\" \/><\/div><\/div><\/div>\n\n\n\n<div id=\"section-gd5d599\" class=\"wp-block-gutentor-e1 section-gd5d599 gutentor-element gutentor-element-advanced-text text-align-center-desktop text-align-center-tablet text-align-center-mobile\"><div class=\"gutentor-text-wrap\"><h3 class=\"gutentor-text\">Transparence et int\u00e9grit\u00e9<\/h3><\/div><\/div>\n\n\n\n<div id=\"section-g584e3a\" class=\"wp-block-gutentor-e1 section-g584e3a gutentor-element gutentor-element-advanced-text text-align-left-desktop text-align-center-tablet text-align-center-mobile\"><div class=\"gutentor-text-wrap\"><p class=\"gutentor-text\">Nous pr\u00f4nons la transparence et l&rsquo;honn\u00eatet\u00e9 dans tout ce que nous faisons. Nos moniteurs de qualit\u00e9 de l&rsquo;air int\u00e9rieur fournissent des donn\u00e9es pr\u00e9cises et fiables, ce qui vous permet de prendre des d\u00e9cisions \u00e9clair\u00e9es concernant votre environnement int\u00e9rieur. Gr\u00e2ce \u00e0 nos solutions fiables, vous pouvez profiter d&rsquo;un espace de vie sans souci, en sachant que la qualit\u00e9 de l&rsquo;air est sous contr\u00f4le.<\/p><\/div><\/div>\n<\/div><\/div>\n<\/div><\/div><\/section>\n\n\n\n<section id=\"gm4c2771c\" class=\"wp-block-gutentor-m4 section-gm4c2771c gutentor-module gutentor-advanced-columns has-color-bg has-custom-bg\"><div class=\"grid-container\"><div class=\"grid-row\">\n<div id=\"col-gmdbe36b\" class=\"wp-block-gutentor-m4-col col-gmdbe36b gutentor-single-column  grid-lg-4 grid-md-12 grid-12\"><div id=\"section-gmdbe36b\" class=\"section-gmdbe36b gutentor-col-wrap\">\n<div id=\"section-gbd56cd\" class=\"wp-block-gutentor-e6 section-gbd56cd gutentor-element gutentor-element-image text-align-center-desktop text-align-center-tablet text-align-center-mobile\"><div class=\"gutentor-element-image-box\"><div class=\"gutentor-image-thumb\"><img decoding=\"async\" class=\"normal-image\" src=\"https:\/\/old.nomestic.com\/wp-content\/uploads\/\/refresh-2.svg\" \/><\/div><\/div><\/div>\n\n\n\n<div id=\"section-g3a4029\" class=\"wp-block-gutentor-e1 section-g3a4029 gutentor-element gutentor-element-advanced-text text-align-center-desktop text-align-center-tablet text-align-center-mobile\"><div class=\"gutentor-text-wrap\"><h3 class=\"gutentor-text\">Am\u00e9lioration continue<\/h3><\/div><\/div>\n\n\n\n<div id=\"section-gefda06\" class=\"wp-block-gutentor-e1 section-gefda06 gutentor-element gutentor-element-advanced-text text-align-left-desktop text-align-center-tablet text-align-center-mobile\"><div class=\"gutentor-text-wrap\"><p class=\"gutentor-text\">Nous sommes d\u00e9termin\u00e9s \u00e0 \u00eatre les meilleurs du secteur. L&rsquo;am\u00e9lioration continue est au c\u0153ur de notre mission, nous poussant \u00e0 affiner et \u00e0 am\u00e9liorer nos solutions en mati\u00e8re de qualit\u00e9 de l&rsquo;air. Nous nous engageons \u00e0 fournir \u00e0 nos clients les produits les plus efficaces et les plus innovants pour garantir les environnements int\u00e9rieurs les plus sains.<\/p><\/div><\/div>\n<\/div><\/div>\n\n\n\n<div id=\"col-gm629b39\" class=\"wp-block-gutentor-m4-col col-gm629b39 gutentor-single-column  grid-lg-4 grid-md-12 grid-12\"><div id=\"section-gm629b39\" class=\"section-gm629b39 gutentor-col-wrap\">\n<div id=\"section-g052bfb\" class=\"wp-block-gutentor-e6 section-g052bfb gutentor-element gutentor-element-image text-align-center-desktop text-align-center-tablet text-align-center-mobile\"><div class=\"gutentor-element-image-box\"><div class=\"gutentor-image-thumb\"><img decoding=\"async\" class=\"normal-image\" src=\"https:\/\/old.nomestic.com\/wp-content\/uploads\/\/tools.svg\" \/><\/div><\/div><\/div>\n\n\n\n<div id=\"section-g60cf5b\" class=\"wp-block-gutentor-e1 section-g60cf5b gutentor-element gutentor-element-advanced-text text-align-center-desktop text-align-center-tablet text-align-center-mobile\"><div class=\"gutentor-text-wrap\"><h3 class=\"gutentor-text\">Responsabiliser les individus<\/h3><\/div><\/div>\n\n\n\n<div id=\"section-gdcec3f\" class=\"wp-block-gutentor-e1 section-gdcec3f gutentor-element gutentor-element-advanced-text text-align-left-desktop text-align-center-tablet text-align-center-mobile\"><div class=\"gutentor-text-wrap\"><p class=\"gutentor-text\">Nous croyons au pouvoir du travail d&rsquo;\u00e9quipe comme moteur de l&rsquo;innovation et de la r\u00e9ussite. Notre \u00e9quipe d\u00e9vou\u00e9e favorise un lieu de travail cr\u00e9atif, solidaire et s\u00fbr, ce qui nous permet de fournir \u00e0 nos clients des solutions exceptionnelles en mati\u00e8re de qualit\u00e9 de l&rsquo;air. Nous nous engageons \u00e0 fournir un service \u00e0 la client\u00e8le exceptionnel, permettant aux individus de cr\u00e9er des environnements int\u00e9rieurs plus sains et plus s\u00fbrs pour eux-m\u00eames et leurs familles.<\/p><\/div><\/div>\n<\/div><\/div>\n\n\n\n<div id=\"col-gm670ffa\" class=\"wp-block-gutentor-m4-col col-gm670ffa gutentor-single-column  grid-lg-4 grid-md-12 grid-12\"><div id=\"section-gm670ffa\" class=\"section-gm670ffa gutentor-col-wrap\">\n<div id=\"section-g60e19a\" class=\"wp-block-gutentor-e6 section-g60e19a gutentor-element gutentor-element-image text-align-center-desktop text-align-center-tablet text-align-center-mobile\"><div class=\"gutentor-element-image-box\"><div class=\"gutentor-image-thumb\"><img decoding=\"async\" class=\"normal-image\" src=\"https:\/\/old.nomestic.com\/wp-content\/uploads\/\/users.svg\" \/><\/div><\/div><\/div>\n\n\n\n<div id=\"section-g0119d8\" class=\"wp-block-gutentor-e1 section-g0119d8 gutentor-element gutentor-element-advanced-text text-align-center-desktop text-align-center-tablet text-align-center-mobile\"><div class=\"gutentor-text-wrap\"><h3 class=\"gutentor-text\">Notre \u00e9quipe d\u00e9vou\u00e9e<\/h3><\/div><\/div>\n\n\n\n<div id=\"section-g3f7344\" class=\"wp-block-gutentor-e1 section-g3f7344 gutentor-element gutentor-element-advanced-text text-align-left-desktop text-align-center-tablet text-align-center-mobile\"><div class=\"gutentor-text-wrap\"><p class=\"gutentor-text\">Notre \u00e9quipe d&rsquo;assistance exp\u00e9riment\u00e9e et d\u00e9vou\u00e9e se concentre sur la cr\u00e9ation de produits fiables et rentables pour la surveillance de la qualit\u00e9 de l&rsquo;air int\u00e9rieur. Nous nous engageons \u00e0 fournir des solutions innovantes qui vous aident \u00e0 am\u00e9liorer et \u00e0 maintenir un environnement int\u00e9rieur plus sain, garantissant ainsi votre tranquillit\u00e9 d&rsquo;esprit et celle de votre famille.<\/p><\/div><\/div>\n<\/div><\/div>\n<\/div><\/div><\/section>\n\n\n\n<section id=\"gmf7e4308\" class=\"wp-block-gutentor-m4 section-gmf7e4308 gutentor-module gutentor-advanced-columns has-color-bg has-custom-bg gutentor-equal-column-height\"><div class=\"grid-container\"><div class=\"grid-row\">\n<div id=\"col-gm2c76a5\" class=\"wp-block-gutentor-m4-col col-gm2c76a5 gutentor-single-column  grid-lg-6 grid-md-12 grid-12\"><div id=\"section-gm2c76a5\" class=\"section-gm2c76a5 gutentor-col-wrap\">\n<div id=\"section-g9a6f32\" class=\"wp-block-gutentor-e1 section-g9a6f32 gutentor-element gutentor-element-advanced-text text-align-left-desktop text-align-center-tablet text-align-center-mobile\"><div class=\"gutentor-text-wrap\"><h2 class=\"gutentor-text\">Mission<\/h2><\/div><\/div>\n\n\n\n<div id=\"section-gb85438\" class=\"wp-block-gutentor-e1 section-gb85438 gutentor-element gutentor-element-advanced-text text-align-left-desktop text-align-center-tablet text-align-center-mobile\"><div class=\"gutentor-text-wrap\"><p class=\"gutentor-text\">Notre mission est de d\u00e9finir la norme des environnements de vie et de travail en fournissant des solutions de surveillance de la qualit\u00e9 de l&rsquo;air int\u00e9rieur bas\u00e9es sur des donn\u00e9es afin d&rsquo;am\u00e9liorer la sant\u00e9 et la s\u00e9curit\u00e9, de r\u00e9duire de mani\u00e8re significative les \u00e9missions de gaz \u00e0 effet de serre et la consommation d&rsquo;\u00e9nergie, et de contribuer au d\u00e9veloppement durable et \u00e0 une plan\u00e8te plus saine.<\/p><\/div><\/div>\n<\/div><\/div>\n\n\n\n<div id=\"col-gm1711ac\" class=\"wp-block-gutentor-m4-col col-gm1711ac gutentor-single-column  grid-lg-6 grid-md-12 grid-12\"><div id=\"section-gm1711ac\" class=\"section-gm1711ac gutentor-col-wrap\">\n<div id=\"section-g-bd3w3mc\" class=\"wp-block-gutentor-e6 section-g-bd3w3mc gutentor-element gutentor-element-image\"><div class=\"gutentor-element-image-box\"><div class=\"gutentor-image-thumb\"><img decoding=\"async\" class=\"normal-image\" src=\"https:\/\/old.nomestic.com\/wp-content\/uploads\/2024\/12\/about-us-mission-2.jpg\" alt=\"About Us - Mission\" \/><\/div><\/div><\/div>\n<\/div><\/div>\n<\/div><\/div><\/section>\n\n\n\n<section id=\"gme7c8877\" class=\"wp-block-gutentor-m4 section-gme7c8877 gutentor-module gutentor-advanced-columns has-color-bg has-custom-bg gutentor-equal-column-height\"><div class=\"grid-container\"><div class=\"grid-row\">\n<div id=\"col-gmabae4c\" class=\"wp-block-gutentor-m4-col col-gmabae4c gutentor-single-column  grid-lg-6 grid-md-12 grid-12\"><div id=\"section-gmabae4c\" class=\"section-gmabae4c gutentor-col-wrap\">\n<div id=\"section-g7cbff3\" class=\"wp-block-gutentor-e6 section-g7cbff3 gutentor-element gutentor-element-image  d-md-none d-lg-block d-none hieghtzside\"><div class=\"gutentor-element-image-box\"><div class=\"gutentor-image-thumb\"><img decoding=\"async\" class=\"normal-image\" src=\"https:\/\/old.nomestic.com\/wp-content\/uploads\/2024\/12\/about-us-vission-3.jpg\" alt=\"About Us - Vision\" \/><\/div><\/div><\/div>\n<\/div><\/div>\n\n\n\n<div id=\"col-gmb522bc\" class=\"wp-block-gutentor-m4-col col-gmb522bc gutentor-single-column  grid-lg-6 grid-md-12 grid-12\"><div id=\"section-gmb522bc\" class=\"section-gmb522bc gutentor-col-wrap\">\n<div id=\"section-g8ac297\" class=\"wp-block-gutentor-e1 section-g8ac297 gutentor-element gutentor-element-advanced-text text-align-left-desktop text-align-center-tablet text-align-center-mobile\"><div class=\"gutentor-text-wrap\"><h2 class=\"gutentor-text\">Vision<\/h2><\/div><\/div>\n\n\n\n<div id=\"section-g8a2922\" class=\"wp-block-gutentor-e1 section-g8a2922 gutentor-element gutentor-element-advanced-text text-align-left-desktop text-align-center-tablet text-align-center-mobile\"><div class=\"gutentor-text-wrap\"><p class=\"gutentor-text\">Notre vision est de permettre aux particuliers et aux entreprises de prendre le contr\u00f4le de leur sant\u00e9 environnementale en leur fournissant des informations fiables et compl\u00e8tes sur la qualit\u00e9 de l&rsquo;air int\u00e9rieur afin qu&rsquo;ils puissent prendre des d\u00e9cisions \u00e9clair\u00e9es et r\u00e9duire les risques de pollution de l&rsquo;air int\u00e9rieur, am\u00e9liorer leur bien-\u00eatre personnel et obtenir un environnement plus sain.<br><br><\/p><\/div><\/div>\n\n\n\n<div id=\"section-g32ce9b\" class=\"wp-block-gutentor-e6 section-g32ce9b gutentor-element gutentor-element-image d-lg-none\"><div class=\"gutentor-element-image-box\"><div class=\"gutentor-image-thumb\"><img decoding=\"async\" class=\"normal-image\" src=\"https:\/\/old.nomestic.com\/wp-content\/uploads\/2024\/12\/about-us-vission-3.jpg\" alt=\"About Us - Vision\" \/><\/div><\/div><\/div>\n<\/div><\/div>\n<\/div><\/div><\/section>\n","protected":false},"excerpt":{"rendered":"","protected":false},"author":1,"featured_media":0,"parent":0,"menu_order":0,"comment_status":"closed","ping_status":"closed","template":"template-gutentor-full-width.php","meta":{"inline_featured_image":false,"footnotes":""},"class_list":["post-7230","page","type-page","status-publish","hentry"],"_links":{"self":[{"href":"https:\/\/old.nomestic.com\/fr\/wp-json\/wp\/v2\/pages\/7230","targetHints":{"allow":["GET"]}}],"collection":[{"href":"https:\/\/old.nomestic.com\/fr\/wp-json\/wp\/v2\/pages"}],"about":[{"href":"https:\/\/old.nomestic.com\/fr\/wp-json\/wp\/v2\/types\/page"}],"author":[{"embeddable":true,"href":"https:\/\/old.nomestic.com\/fr\/wp-json\/wp\/v2\/users\/1"}],"replies":[{"embeddable":true,"href":"https:\/\/old.nomestic.com\/fr\/wp-json\/wp\/v2\/comments?post=7230"}],"version-history":[{"count":21,"href":"https:\/\/old.nomestic.com\/fr\/wp-json\/wp\/v2\/pages\/7230\/revisions"}],"predecessor-version":[{"id":14794,"href":"https:\/\/old.nomestic.com\/fr\/wp-json\/wp\/v2\/pages\/7230\/revisions\/14794"}],"wp:attachment":[{"href":"https:\/\/old.nomestic.com\/fr\/wp-json\/wp\/v2\/media?parent=7230"}],"curies":[{"name":"wp","href":"https:\/\/api.w.org\/{rel}","templated":true}]}}