{"id":7214,"date":"2023-12-28T13:29:51","date_gmt":"2023-12-28T12:29:51","guid":{"rendered":"https:\/\/old.nomestic.com\/garantie\/"},"modified":"2024-11-30T01:31:07","modified_gmt":"2024-11-30T00:31:07","slug":"garantie","status":"publish","type":"page","link":"https:\/\/old.nomestic.com\/fr\/garantie\/","title":{"rendered":"Garantie"},"content":{"rendered":"\n<p><\/p>\n\n\n\n<p><strong><mark style=\"background-color:rgba(0, 0, 0, 0)\" class=\"has-inline-color has-gutenberg-accent-color\">GARANTIE<\/mark><\/strong><\/p>\n\n\n\n<p>Tous les produits achet\u00e9s dans la boutique en ligne Nomestic sont assortis d&rsquo;une garantie l\u00e9gale de deux ans, ce qui vous assure une fiabilit\u00e9 et une qualit\u00e9 auxquelles vous pouvez vous fier. Nos produits sont con\u00e7us pour r\u00e9pondre \u00e0 vos attentes et fonctionner comme pr\u00e9vu, ce qui vous assure une tranquillit\u00e9 d&rsquo;esprit \u00e0 chaque achat.<\/p>\n\n\n\n<p>Si votre produit pr\u00e9sente un d\u00e9faut pendant la p\u00e9riode de garantie sans que vous en soyez responsable, nous sommes l\u00e0 pour vous aider. Il vous suffit de nous contacter en d\u00e9crivant le probl\u00e8me, en joignant une photo ou une vid\u00e9o du d\u00e9faut et votre num\u00e9ro de commande, et nous travaillerons avec vous pour trouver la meilleure solution. Votre satisfaction est notre priorit\u00e9 !<\/p>\n\n\n\n<p>Bien que nous nous efforcions de fournir le meilleur service possible, certaines circonstances sont logiquement exclues de la couverture de la garantie, comme par exemple<\/p>\n\n\n\n<ul class=\"wp-block-list\">\n<li><strong>Utilisation incorrecte :<\/strong> D\u00e9fauts ou dommages caus\u00e9s par une utilisation incorrecte du produit.<\/li>\n\n\n\n<li><strong>Dommages intentionnels ou n\u00e9gligence :<\/strong> Il s&rsquo;agit de dommages caus\u00e9s par une chute, une exposition \u00e0 l&rsquo;eau, un choc ou une usure exceptionnelle.<\/li>\n\n\n\n<li><strong>Alt\u00e9ration de l&rsquo;\u00e9tat du produit :<\/strong> Les produits qui ne sont plus dans leur \u00e9tat d&rsquo;origine en raison de r\u00e9parations non autoris\u00e9es, d&rsquo;une installation incorrecte ou de modifications apport\u00e9es par des tiers.<\/li>\n<\/ul>\n\n\n\n<p><strong><strong>Assistance pour les produits hors garantie<\/strong><\/strong><br>Si votre produit n&rsquo;est plus sous garantie mais que vous rencontrez toujours des probl\u00e8mes, n&rsquo;h\u00e9sitez pas \u00e0 nous contacter. Notre \u00e9quipe s&rsquo;engage \u00e0 vous aider et fera tout son possible pour r\u00e9soudre le probl\u00e8me. Votre satisfaction nous tient \u00e0 c\u0153ur !<\/p>\n","protected":false},"excerpt":{"rendered":"<p>GARANTIE Tous les produits achet\u00e9s dans la boutique en ligne Nomestic sont assortis d&rsquo;une garantie l\u00e9gale de deux ans, ce qui vous assure une fiabilit\u00e9 et une qualit\u00e9 auxquelles vous pouvez vous fier. Nos produits sont con\u00e7us pour r\u00e9pondre \u00e0 vos attentes et fonctionner comme pr\u00e9vu, ce qui vous assure [&hellip;]<\/p>\n","protected":false},"author":1,"featured_media":0,"parent":0,"menu_order":0,"comment_status":"closed","ping_status":"closed","template":"","meta":{"inline_featured_image":false,"footnotes":""},"class_list":["post-7214","page","type-page","status-publish","hentry"],"_links":{"self":[{"href":"https:\/\/old.nomestic.com\/fr\/wp-json\/wp\/v2\/pages\/7214","targetHints":{"allow":["GET"]}}],"collection":[{"href":"https:\/\/old.nomestic.com\/fr\/wp-json\/wp\/v2\/pages"}],"about":[{"href":"https:\/\/old.nomestic.com\/fr\/wp-json\/wp\/v2\/types\/page"}],"author":[{"embeddable":true,"href":"https:\/\/old.nomestic.com\/fr\/wp-json\/wp\/v2\/users\/1"}],"replies":[{"embeddable":true,"href":"https:\/\/old.nomestic.com\/fr\/wp-json\/wp\/v2\/comments?post=7214"}],"version-history":[{"count":2,"href":"https:\/\/old.nomestic.com\/fr\/wp-json\/wp\/v2\/pages\/7214\/revisions"}],"predecessor-version":[{"id":11323,"href":"https:\/\/old.nomestic.com\/fr\/wp-json\/wp\/v2\/pages\/7214\/revisions\/11323"}],"wp:attachment":[{"href":"https:\/\/old.nomestic.com\/fr\/wp-json\/wp\/v2\/media?parent=7214"}],"curies":[{"name":"wp","href":"https:\/\/api.w.org\/{rel}","templated":true}]}}