{"id":7191,"date":"2023-12-28T13:28:41","date_gmt":"2023-12-28T12:28:41","guid":{"rendered":"https:\/\/old.nomestic.com\/livraison\/"},"modified":"2024-11-30T01:28:30","modified_gmt":"2024-11-30T00:28:30","slug":"livraison","status":"publish","type":"page","link":"https:\/\/old.nomestic.com\/fr\/livraison\/","title":{"rendered":"Livraison"},"content":{"rendered":"\n<p><strong><mark style=\"background-color:rgba(0, 0, 0, 0)\" class=\"has-inline-color has-gutenberg-accent-color\">LIVRAISON<\/mark><\/strong><\/p>\n\n\n\n<ul class=\"wp-block-list\">\n<li><strong>Pays-Bas et Belgique :<\/strong> Les commandes pass\u00e9es en semaine avant 17 heures sont livr\u00e9es le jour ouvrable suivant.<\/li>\n<\/ul>\n\n\n\n<ul class=\"wp-block-list\">\n<li><strong>Allemagne et France :<\/strong> Les commandes pass\u00e9es en semaine avant 17 heures sont livr\u00e9es dans un d\u00e9lai de 1 \u00e0 3 jours ouvrables.<\/li>\n<\/ul>\n\n\n\n<ul class=\"wp-block-list\">\n<li><strong>Autres pays :<\/strong> Pour les d\u00e9lais de livraison en dehors des Pays-Bas et de la Belgique, veuillez <a href=\"https:\/\/old.nomestic.com\/fr\/contactez-nous\/\" target=\"_blank\" rel=\"noreferrer noopener\"><u>contacter notre service client\u00e8le<\/u><\/a> pour obtenir des informations pr\u00e9cises.<\/li>\n<\/ul>\n\n\n\n<p><strong><mark style=\"background-color:rgba(0, 0, 0, 0)\" class=\"has-inline-color has-gutenberg-accent-color\">Processus de livraison<\/mark><\/strong><\/p>\n\n\n\n<p><strong>Pays-Bas et Belgique:<\/strong><\/p>\n\n\n\n<figure class=\"wp-block-table\"><table class=\"has-fixed-layout\"><tbody><tr><td>Commande pass\u00e9e avant 17 heures en semaine<\/td><td>Livraison le lendemain<\/td><\/tr><tr><td>Commande pass\u00e9e le samedi et le dimanche<\/td><td>Livraison le mardi<\/td><\/tr><tr><td>Commande pass\u00e9e les jours f\u00e9ri\u00e9s<\/td><td>1 jour apr\u00e8s le jour ouvrable suivant<\/td><\/tr><\/tbody><\/table><\/figure>\n\n\n\n<p><strong><strong>Allemagne et France:<\/strong><\/strong><\/p>\n\n\n\n<figure class=\"wp-block-table\"><table class=\"has-fixed-layout\"><tbody><tr><td>Commande pass\u00e9e avant 17 heures en semaine<\/td><td>Livraison en 1-3 jours ouvrables<\/td><\/tr><tr><td>Commande pass\u00e9e le samedi et le dimanche<\/td><td>Livraison en 1-3 jours ouvrables \u00e0 partir du lundi<\/td><\/tr><tr><td>Commande pass\u00e9e les jours f\u00e9ri\u00e9s<\/td><td>Livraison en 1-3 jours ouvrables apr\u00e8s le jour ouvrable suivant<\/td><\/tr><\/tbody><\/table><\/figure>\n\n\n\n<p><strong><strong>Autres pays d&rsquo;Europe:<\/strong><\/strong><\/p>\n\n\n\n<figure class=\"wp-block-table\"><table class=\"has-fixed-layout\"><tbody><tr><td>Commande pass\u00e9e avant 17 heures en semaine<\/td><td>Livraison en 2-5 jours ouvrables<\/td><\/tr><tr><td>Commande pass\u00e9e le samedi et le dimanche<\/td><td>Livraison en 2-5 jours ouvrables \u00e0 partir du lundi<\/td><\/tr><tr><td>Commande pass\u00e9e les jours f\u00e9ri\u00e9s<\/td><td>Livraison en 2-5 jours ouvrables apr\u00e8s le jour ouvrable suivant<\/td><\/tr><\/tbody><\/table><\/figure>\n\n\n\n<p><strong>Pays hors Europe :<\/strong> Veuillez <a href=\"https:\/\/old.nomestic.com\/fr\/contactez-nous\/\" target=\"_blank\" rel=\"noreferrer noopener\"><u>contacter notre service client\u00e8le<\/u><\/a> pour obtenir des informations pr\u00e9cises.<\/p>\n\n\n\n<p><strong><mark style=\"background-color:rgba(0, 0, 0, 0)\" class=\"has-inline-color has-gutenberg-accent-color\">Frais d&rsquo;exp\u00e9dition pour les commandes inf\u00e9rieures \u00e0 \u20ac120<\/mark><\/strong><\/p>\n\n\n\n<figure class=\"wp-block-table\"><table class=\"has-fixed-layout\"><tbody><tr><td>Pays-Bas, Belgique, Allemagne et France<\/td><td>\u20ac4.95<\/td><\/tr><tr><td>Autres pays<\/td><td>Veuillez <a href=\"https:\/\/old.nomestic.com\/fr\/contactez-nous\/\" target=\"_blank\" rel=\"noreferrer noopener\"><u>contacter notre service client\u00e8le<\/u><\/a> pour obtenir des informations pr\u00e9cises.<\/td><\/tr><\/tbody><\/table><\/figure>\n\n\n\n<p><strong><mark style=\"background-color:rgba(0, 0, 0, 0)\" class=\"has-inline-color has-gutenberg-accent-color\">Avis important : Frais de douane et d&rsquo;importation<\/mark><\/strong><\/p>\n\n\n\n<ul class=\"wp-block-list\">\n<li><strong>D\u00e9lais douaniers :<\/strong> Nomestic n&rsquo;est pas responsable des retards caus\u00e9s par les proc\u00e9dures douani\u00e8res dans le pays du destinataire.<\/li>\n<\/ul>\n\n\n\n<ul class=\"wp-block-list\">\n<li><strong>Taxes et frais d&rsquo;importation :<\/strong> Les destinataires peuvent \u00eatre tenus de payer des taxes d&rsquo;importation, des droits de douane ou des frais suppl\u00e9mentaires \u00e0 la livraison. Ces frais sont ind\u00e9pendants de la volont\u00e9 de Nomestic et doivent \u00eatre pris en charge par le destinataire.<\/li>\n<\/ul>\n\n\n\n<p><strong><mark style=\"background-color:rgba(0, 0, 0, 0)\" class=\"has-inline-color has-gutenberg-accent-color\">Changement d&rsquo;adresse<\/mark><\/strong><\/p>\n\n\n\n<ul class=\"wp-block-list\">\n<li><strong>Avant de commander :<\/strong> Vous pouvez facilement mettre \u00e0 jour votre adresse dans les param\u00e8tres de votre compte.<\/li>\n<\/ul>\n\n\n\n<ul class=\"wp-block-list\">\n<li><strong>Apr\u00e8s avoir pass\u00e9 une commande :<\/strong> Si votre commande est d\u00e9j\u00e0 pass\u00e9e, veuillez contacter imm\u00e9diatement notre service client\u00e8le. Nous ferons de notre mieux pour mettre \u00e0 jour l&rsquo;adresse avant que votre commande ne soit trait\u00e9e.<\/li>\n<\/ul>\n\n\n\n<p><strong><mark style=\"background-color:rgba(0, 0, 0, 0)\" class=\"has-inline-color has-gutenberg-accent-color\">Suivre et tracer<\/mark><\/strong><\/p>\n\n\n\n<p>D\u00e8s que votre colis quitte notre centre de distribution, vous recevez un e-mail contenant un code Track &amp; Trace, qui vous permet de suivre son parcours jusqu&rsquo;\u00e0 ce qu&rsquo;il vous parvienne.<\/p>\n","protected":false},"excerpt":{"rendered":"<p>LIVRAISON Processus de livraison Pays-Bas et Belgique: Commande pass\u00e9e avant 17 heures en semaine Livraison le lendemain Commande pass\u00e9e le samedi et le dimanche Livraison le mardi Commande pass\u00e9e les jours f\u00e9ri\u00e9s 1 jour apr\u00e8s le jour ouvrable suivant Allemagne et France: Commande pass\u00e9e avant 17 heures en semaine Livraison [&hellip;]<\/p>\n","protected":false},"author":1,"featured_media":0,"parent":0,"menu_order":0,"comment_status":"closed","ping_status":"closed","template":"","meta":{"inline_featured_image":false,"footnotes":""},"class_list":["post-7191","page","type-page","status-publish","hentry"],"_links":{"self":[{"href":"https:\/\/old.nomestic.com\/fr\/wp-json\/wp\/v2\/pages\/7191","targetHints":{"allow":["GET"]}}],"collection":[{"href":"https:\/\/old.nomestic.com\/fr\/wp-json\/wp\/v2\/pages"}],"about":[{"href":"https:\/\/old.nomestic.com\/fr\/wp-json\/wp\/v2\/types\/page"}],"author":[{"embeddable":true,"href":"https:\/\/old.nomestic.com\/fr\/wp-json\/wp\/v2\/users\/1"}],"replies":[{"embeddable":true,"href":"https:\/\/old.nomestic.com\/fr\/wp-json\/wp\/v2\/comments?post=7191"}],"version-history":[{"count":3,"href":"https:\/\/old.nomestic.com\/fr\/wp-json\/wp\/v2\/pages\/7191\/revisions"}],"predecessor-version":[{"id":11321,"href":"https:\/\/old.nomestic.com\/fr\/wp-json\/wp\/v2\/pages\/7191\/revisions\/11321"}],"wp:attachment":[{"href":"https:\/\/old.nomestic.com\/fr\/wp-json\/wp\/v2\/media?parent=7191"}],"curies":[{"name":"wp","href":"https:\/\/api.w.org\/{rel}","templated":true}]}}