{"id":7159,"date":"2023-12-28T09:59:00","date_gmt":"2023-12-28T08:59:00","guid":{"rendered":"https:\/\/old.nomestic.com\/avantages\/"},"modified":"2024-12-19T03:05:19","modified_gmt":"2024-12-19T02:05:19","slug":"avantages-qualite-de-lair","status":"publish","type":"page","link":"https:\/\/old.nomestic.com\/fr\/avantages-qualite-de-lair\/","title":{"rendered":"Avantages"},"content":{"rendered":"\n<section id=\"gm90e66dc\" class=\"wp-block-gutentor-m4 section-gm90e66dc gutentor-module gutentor-advanced-columns has-image-bg has-custom-bg g-valign-c-mobile g-valign-c-tablet g-valign-c-desktop header-hero-dom-thuis\"><div class=\"grid-container\"><div class=\"grid-row\">\n<div id=\"col-gm733311\" class=\"wp-block-gutentor-m4-col col-gm733311 gutentor-single-column  grid-lg-12 grid-md-12 grid-12\"><div id=\"section-gm733311\" class=\"section-gm733311 gutentor-col-wrap\"><\/div><\/div>\n<\/div><\/div><\/section>\n\n\n\n<section id=\"gm1e269e9\" class=\"wp-block-gutentor-m4 section-gm1e269e9 gutentor-module gutentor-advanced-columns has-color-bg has-custom-bg\"><div class=\"grid-container\"><div class=\"grid-row\">\n<div id=\"col-gm772a7b\" class=\"wp-block-gutentor-m4-col col-gm772a7b gutentor-single-column  grid-lg-12 grid-md-12 grid-12\"><div id=\"section-gm772a7b\" class=\"section-gm772a7b gutentor-col-wrap\">\n<section id=\"gmbd8638f\" class=\"wp-block-gutentor-m4 section-gmbd8638f gutentor-module gutentor-advanced-columns has-color-bg has-custom-bg\"><div class=\"grid-container gutentor-rm-ct-space-t gutentor-rm-ct-space\"><div class=\"grid-row\">\n<div id=\"col-gm569fab\" class=\"wp-block-gutentor-m4-col col-gm569fab gutentor-single-column  grid-lg-12 grid-md-12 grid-12\"><div id=\"section-gm569fab\" class=\"section-gm569fab gutentor-col-wrap\">\n<div id=\"section-g89bec0\" class=\"wp-block-gutentor-e1 section-g89bec0 gutentor-element gutentor-element-advanced-text text-align-left-desktop text-align-center-tablet text-align-center-mobile head-title\"><div class=\"gutentor-text-wrap\"><h2 class=\"gutentor-text\">Vivez une vie saine dans une maison saine avec un air plus frais et plus propre<\/h2><\/div><\/div>\n\n\n\n<div id=\"section-gcb32f7\" class=\"wp-block-gutentor-e1 section-gcb32f7 gutentor-element gutentor-element-advanced-text text-align-left-desktop text-align-center-tablet text-align-center-mobile\"><div class=\"gutentor-text-wrap\"><p class=\"gutentor-text\">Votre bien-\u00eatre et celui de votre famille doivent toujours \u00eatre une priorit\u00e9. Cr\u00e9ez un espace de vie plus s\u00fbr et plus sain en assurant un air frais et propre dans toute votre maison. Avec les solutions de qualit\u00e9 de l&rsquo;air de Nomestic, vous pouvez contr\u00f4ler et am\u00e9liorer la qualit\u00e9 de l&rsquo;air int\u00e9rieur, ce qui facilite le maintien d&rsquo;un environnement domestique sain. Respirez plus facilement et vivez mieux avec un air plus frais qui favorise la sant\u00e9 et la s\u00e9curit\u00e9 de tous les habitants de votre maison.<\/p><\/div><\/div>\n<\/div><\/div>\n<\/div><\/div><\/section>\n<\/div><\/div>\n<\/div><\/div><\/section>\n\n\n\n<section id=\"gm161a6d2\" class=\"wp-block-gutentor-m4 section-gm161a6d2 gutentor-module gutentor-advanced-columns has-color-bg has-custom-bg gutentor-equal-column-height\"><div class=\"grid-container\"><div class=\"grid-row\">\n<div id=\"col-gm4beca7\" class=\"wp-block-gutentor-m4-col col-gm4beca7 gutentor-single-column  grid-lg-6 grid-md-12 grid-12\"><div id=\"section-gm4beca7\" class=\"section-gm4beca7 gutentor-col-wrap\">\n<div id=\"section-gfdec52\" class=\"wp-block-gutentor-e1 section-gfdec52 gutentor-element gutentor-element-advanced-text\"><div class=\"gutentor-text-wrap\"><h2 class=\"gutentor-text\">Un probl\u00e8me invisible : la pollution de l&rsquo;air int\u00e9rieur et ses dangers cach\u00e9s<\/h2><\/div><\/div>\n\n\n\n<div id=\"section-gf6503b\" class=\"wp-block-gutentor-e1 section-gf6503b gutentor-element gutentor-element-advanced-text\"><div class=\"gutentor-text-wrap\"><h4 class=\"gutentor-text\">Saviez-vous que nous passons jusqu&rsquo;\u00e0 90 % de notre vie \u00e0 l&rsquo;int\u00e9rieur, en respirant souvent un air de mauvaise qualit\u00e9 ?<\/h4><\/div><\/div>\n\n\n\n<div id=\"section-g4a6887\" class=\"wp-block-gutentor-e1 section-g4a6887 gutentor-element gutentor-element-advanced-text\"><div class=\"gutentor-text-wrap\"><p class=\"gutentor-text\"><br>La pollution de l&rsquo;air int\u00e9rieur est l&rsquo;un des plus grands risques environnementaux au monde, et des \u00e9tudes montrent que l&rsquo;air int\u00e9rieur peut \u00eatre jusqu&rsquo;\u00e0 cinq fois plus pollu\u00e9 que l&rsquo;air ext\u00e9rieur. Cela entra\u00eene de graves risques pour la sant\u00e9, notamment des troubles du sommeil, de l&rsquo;asthme, des maux de t\u00eate, des allergies, des probl\u00e8mes pulmonaires et cardiaques, ainsi qu&rsquo;une alt\u00e9ration des performances mentales et physiques. Plus la qualit\u00e9 de l&rsquo;air est faible, plus vous et votre famille \u00eates vuln\u00e9rables aux maladies et aux virus.<br>&nbsp;<br>Selon l&rsquo;OMS, 4,3 millions de d\u00e9c\u00e8s sont attribu\u00e9s \u00e0 la pollution de l&rsquo;air domestique chaque ann\u00e9e. Rien que dans l&rsquo;Union europ\u00e9enne, plus de 70 millions de foyers souffriraient d&rsquo;une mauvaise qualit\u00e9 de l&rsquo;air int\u00e9rieur.<br>&nbsp;<br>L&rsquo;air int\u00e9rieur est invisible et il est difficile de savoir ce que l&rsquo;on respire, ce qui rend encore plus difficile la gestion de la qualit\u00e9 de l&rsquo;air. La premi\u00e8re \u00e9tape pour am\u00e9liorer votre environnement int\u00e9rieur est de comprendre l&rsquo;air que vous respirez. L&rsquo;appareil de mesure de la qualit\u00e9 de l&rsquo;air de Nomestic assure une surveillance en temps r\u00e9el, vous donnant les informations n\u00e9cessaires pour prendre le contr\u00f4le de votre air int\u00e9rieur. En suivant les mesures cl\u00e9s de la qualit\u00e9 de l&rsquo;air, vous pouvez prendre des mesures proactives pour am\u00e9liorer la qualit\u00e9 de l&rsquo;air de votre maison, favorisant ainsi une meilleure sant\u00e9 et un meilleur bien-\u00eatre pour vous et votre famille.<\/p><\/div><\/div>\n<\/div><\/div>\n\n\n\n<div id=\"col-gm65f7e4\" class=\"wp-block-gutentor-m4-col col-gm65f7e4 gutentor-single-column  grid-lg-6 grid-md-12 grid-12\"><div id=\"section-gm65f7e4\" class=\"section-gm65f7e4 gutentor-col-wrap\">\n<div id=\"section-g652583\" class=\"wp-block-gutentor-e6 section-g652583 gutentor-element gutentor-element-image hieghtzside\"><div class=\"gutentor-element-image-box\"><div class=\"gutentor-image-thumb\"><img decoding=\"async\" class=\"normal-image\" src=\"https:\/\/old.nomestic.com\/wp-content\/uploads\/2024\/11\/benefits-of-monitoring-indoor-air-quality-1.png\" alt=\"Benefits of Monitoring Indoor Air Quality\" \/><\/div><\/div><\/div>\n<\/div><\/div>\n<\/div><\/div><\/section>\n\n\n\n<h2 class=\"wp-block-heading\"><\/h2>\n\n\n\n<section id=\"gmcf4fba6\" class=\"wp-block-gutentor-m4 section-gmcf4fba6 gutentor-module gutentor-advanced-columns has-color-bg has-custom-bg gutentor-equal-column-height\"><div class=\"grid-container\"><div class=\"grid-row\">\n<div id=\"col-gm5e006d\" class=\"wp-block-gutentor-m4-col col-gm5e006d gutentor-single-column  grid-lg-6 grid-md-12 grid-12\"><div id=\"section-gm5e006d\" class=\"section-gm5e006d gutentor-col-wrap\">\n<div id=\"section-ge0deff\" class=\"wp-block-gutentor-e6 section-ge0deff gutentor-element gutentor-element-image  d-md-none d-lg-block d-none hieghtzside\"><div class=\"gutentor-element-image-box\"><div class=\"gutentor-image-thumb\"><img decoding=\"async\" class=\"normal-image\" src=\"https:\/\/old.nomestic.com\/wp-content\/uploads\/2024\/11\/benefits-of-monitoring-indoor-air-quality-2.jpeg\" alt=\"Benefits of Monitoring Indoor Air Quality\" \/><\/div><\/div><\/div>\n<\/div><\/div>\n\n\n\n<div id=\"col-gmd826e5\" class=\"wp-block-gutentor-m4-col col-gmd826e5 gutentor-single-column  grid-lg-6 grid-md-12 grid-12\"><div id=\"section-gmd826e5\" class=\"section-gmd826e5 gutentor-col-wrap\">\n<div id=\"section-gfce601\" class=\"wp-block-gutentor-e1 section-gfce601 gutentor-element gutentor-element-advanced-text\"><div class=\"gutentor-text-wrap\"><h2 class=\"gutentor-text\">Prenez le contr\u00f4le de l&rsquo;air que vous respirez pour une vie plus saine<\/h2><\/div><\/div>\n\n\n\n<div id=\"section-gc5c85a\" class=\"wp-block-gutentor-e1 section-gc5c85a gutentor-element gutentor-element-advanced-text\"><div class=\"gutentor-text-wrap\"><p class=\"gutentor-text\">Avec les solutions innovantes de Nomestic, vous pouvez cr\u00e9er une qualit\u00e9 d&rsquo;air int\u00e9rieur parfaite et un environnement sain pour votre maison ou votre espace de travail. Nos outils avanc\u00e9s vous permettent de surveiller et de contr\u00f4ler l&rsquo;air que vous respirez, garantissant ainsi des conditions optimales pour une meilleure sant\u00e9, un meilleur bien-\u00eatre et un bonheur g\u00e9n\u00e9ral. Faites le premier pas vers une vie longue et saine en am\u00e9liorant d\u00e8s aujourd&rsquo;hui la qualit\u00e9 de votre air int\u00e9rieur.<\/p><\/div><\/div>\n\n\n\n<section id=\"gmdd319a4\" class=\"wp-block-gutentor-m4 section-gmdd319a4 gutentor-module gutentor-advanced-columns\"><div class=\"grid-container\"><div class=\"grid-row\">\n<div id=\"col-gm47c3a4\" class=\"wp-block-gutentor-m4-col col-gm47c3a4 gutentor-single-column  grid-lg-6 grid-md-12 grid-12\"><div id=\"section-gm47c3a4\" class=\"section-gm47c3a4 gutentor-col-wrap\">\n<div id=\"section-ge7faba\" class=\"wp-block-gutentor-e6 section-ge7faba gutentor-element gutentor-element-image gutentor-enabled-width\"><div class=\"gutentor-element-image-box\"><div class=\"gutentor-image-thumb\"><img decoding=\"async\" class=\"normal-image\" src=\"https:\/\/old.nomestic.com\/wp-content\/uploads\/\/moon.svg\" \/><\/div><\/div><\/div>\n\n\n\n<div id=\"section-g5a825b\" class=\"wp-block-gutentor-e1 section-g5a825b gutentor-element gutentor-element-advanced-text\"><div class=\"gutentor-text-wrap\"><h4 class=\"gutentor-text\">Des nuits reposantes vous attendent gr\u00e2ce \u00e0 une qualit\u00e9 de l&rsquo;air int\u00e9rieur id\u00e9ale<\/h4><\/div><\/div>\n\n\n\n<div id=\"section-g2a4099\" class=\"wp-block-gutentor-e1 section-g2a4099 gutentor-element gutentor-element-advanced-text\"><div class=\"gutentor-text-wrap\"><p class=\"gutentor-text\">Faites l&rsquo;exp\u00e9rience du confort ultime et de la qualit\u00e9 du sommeil avec les solutions de qualit\u00e9 de l&rsquo;air de Nomestic. Notre technologie avanc\u00e9e cr\u00e9e l&rsquo;environnement parfait pour des nuits reposantes en optimisant les conditions de l&rsquo;air int\u00e9rieur. Favorisez un meilleur sommeil, la relaxation et la sant\u00e9 en g\u00e9n\u00e9ral avec une qualit\u00e9 d&rsquo;air qui soutient votre bien-\u00eatre tout au long de la nuit.<\/p><\/div><\/div>\n<\/div><\/div>\n\n\n\n<div id=\"col-gmb7aaf8\" class=\"wp-block-gutentor-m4-col col-gmb7aaf8 gutentor-single-column  grid-lg-6 grid-md-12 grid-12\"><div id=\"section-gmb7aaf8\" class=\"section-gmb7aaf8 gutentor-col-wrap\">\n<div id=\"section-g081245\" class=\"wp-block-gutentor-e6 section-g081245 gutentor-element gutentor-element-image gutentor-enabled-width\"><div class=\"gutentor-element-image-box\"><div class=\"gutentor-image-thumb\"><img decoding=\"async\" class=\"normal-image\" src=\"https:\/\/old.nomestic.com\/wp-content\/uploads\/\/like2.svg\" \/><\/div><\/div><\/div>\n\n\n\n<div id=\"section-gb168bf\" class=\"wp-block-gutentor-e1 section-gb168bf gutentor-element gutentor-element-advanced-text\"><div class=\"gutentor-text-wrap\"><h4 class=\"gutentor-text\">Dites adieu \u00e0 l&rsquo;inconfort quotidien<\/h4><\/div><\/div>\n\n\n\n<div id=\"section-g56799e\" class=\"wp-block-gutentor-e1 section-g56799e gutentor-element gutentor-element-advanced-text\"><div class=\"gutentor-text-wrap\"><p class=\"gutentor-text\">\u00c9liminez les maux et les douleurs caus\u00e9s par une mauvaise qualit\u00e9 de l&rsquo;air gr\u00e2ce aux solutions intelligentes de surveillance et d&rsquo;optimisation de Nomestic. Notre technologie avanc\u00e9e vous aide \u00e0 cr\u00e9er un environnement int\u00e9rieur plus sain, r\u00e9duisant l&rsquo;inconfort et favorisant le bien-\u00eatre g\u00e9n\u00e9ral. Respirez plus facilement et ressentez un soulagement quotidien en prenant le contr\u00f4le de votre qualit\u00e9 d&rsquo;air pour une vie plus confortable et sans douleur.<\/p><\/div><\/div>\n<\/div><\/div>\n<\/div><\/div><\/section>\n\n\n\n<section id=\"gm1e1b385\" class=\"wp-block-gutentor-m4 section-gm1e1b385 gutentor-module gutentor-advanced-columns\"><div class=\"grid-container\"><div class=\"grid-row\">\n<div id=\"col-gmebd121\" class=\"wp-block-gutentor-m4-col col-gmebd121 gutentor-single-column  grid-lg-6 grid-md-12 grid-12\"><div id=\"section-gmebd121\" class=\"section-gmebd121 gutentor-col-wrap\">\n<div id=\"section-g383ec8\" class=\"wp-block-gutentor-e6 section-g383ec8 gutentor-element gutentor-element-image gutentor-enabled-width\"><div class=\"gutentor-element-image-box\"><div class=\"gutentor-image-thumb\"><img decoding=\"async\" class=\"normal-image\" src=\"https:\/\/old.nomestic.com\/wp-content\/uploads\/\/target.svg\" \/><\/div><\/div><\/div>\n\n\n\n<div id=\"section-g3e4efa\" class=\"wp-block-gutentor-e1 section-g3e4efa gutentor-element gutentor-element-advanced-text\"><div class=\"gutentor-text-wrap\"><h4 class=\"gutentor-text\">Am\u00e9liorez votre concentration gr\u00e2ce \u00e0 une qualit\u00e9 d&rsquo;air int\u00e9rieur optimale<\/h4><\/div><\/div>\n\n\n\n<div id=\"section-g1731b9\" class=\"wp-block-gutentor-e1 section-g1731b9 gutentor-element gutentor-element-advanced-text\"><div class=\"gutentor-text-wrap\"><p class=\"gutentor-text\">Respirez tranquillement en sachant que notre solution maintiendra des niveaux de CO2 s\u00fbrs, vous permettant de vous concentrer clairement et de donner le meilleur de vous-m\u00eame chaque jour.<\/p><\/div><\/div>\n<\/div><\/div>\n\n\n\n<div id=\"col-gmfc8903\" class=\"wp-block-gutentor-m4-col col-gmfc8903 gutentor-single-column  grid-lg-6 grid-md-12 grid-12\"><div id=\"section-gmfc8903\" class=\"section-gmfc8903 gutentor-col-wrap\">\n<div id=\"section-gbe7c51\" class=\"wp-block-gutentor-e6 section-gbe7c51 gutentor-element gutentor-element-image gutentor-enabled-width\"><div class=\"gutentor-element-image-box\"><div class=\"gutentor-image-thumb\"><img decoding=\"async\" class=\"normal-image\" src=\"https:\/\/old.nomestic.com\/wp-content\/uploads\/\/like.svg\" \/><\/div><\/div><\/div>\n\n\n\n<div id=\"section-g390fcc\" class=\"wp-block-gutentor-e1 section-g390fcc gutentor-element gutentor-element-advanced-text\"><div class=\"gutentor-text-wrap\"><h4 class=\"gutentor-text\">Respirez en toute confiance dans un environnement int\u00e9rieur sain<\/h4><\/div><\/div>\n\n\n\n<div id=\"section-g2c0455\" class=\"wp-block-gutentor-e1 section-g2c0455 gutentor-element gutentor-element-advanced-text\"><div class=\"gutentor-text-wrap\"><p class=\"gutentor-text\">Soyez rassur\u00e9 en sachant que votre famille respire un air sain et frais gr\u00e2ce aux solutions avanc\u00e9es de qualit\u00e9 de l&rsquo;air de Nomestic, ce qui vous donne une tranquillit\u00e9 d&rsquo;esprit et favorise le bien-\u00eatre de tous les habitants de votre maison. Profitez chaque jour d&rsquo;un air plus pur, d&rsquo;une meilleure sant\u00e9 et d&rsquo;un espace de vie plus s\u00fbr.<\/p><\/div><\/div>\n<\/div><\/div>\n<\/div><\/div><\/section>\n\n\n\n<div id=\"section-g0a863b\" class=\"wp-block-gutentor-e6 section-g0a863b gutentor-element gutentor-element-image d-lg-none\"><div class=\"gutentor-element-image-box\"><div class=\"gutentor-image-thumb\"><img decoding=\"async\" class=\"normal-image\" src=\"https:\/\/old.nomestic.com\/wp-content\/uploads\/2024\/11\/benefits-of-monitoring-indoor-air-quality-2.jpeg\" alt=\"Benefits of Monitoring Indoor Air Quality\" \/><\/div><\/div><\/div>\n<\/div><\/div>\n<\/div><\/div><\/section>\n\n\n\n<section id=\"gm3b0ef26\" class=\"wp-block-gutentor-m4 section-gm3b0ef26 gutentor-module gutentor-advanced-columns has-color-bg has-custom-bg gutentor-equal-column-height\"><div class=\"grid-container\"><div class=\"grid-row\">\n<div id=\"col-gmdc8a1b\" class=\"wp-block-gutentor-m4-col col-gmdc8a1b gutentor-single-column  grid-lg-6 grid-md-12 grid-12\"><div id=\"section-gmdc8a1b\" class=\"section-gmdc8a1b gutentor-col-wrap\">\n<div id=\"section-g4067bf\" class=\"wp-block-gutentor-e1 section-g4067bf gutentor-element gutentor-element-advanced-text\"><div class=\"gutentor-text-wrap\"><h2 class=\"gutentor-text\">Devenez ma\u00eetre de votre hygi\u00e8ne de vie gr\u00e2ce \u00e0 la surveillance de la qualit\u00e9 de l&rsquo;air en temps r\u00e9el<\/h2><\/div><\/div>\n\n\n\n<div id=\"section-gaf053a\" class=\"wp-block-gutentor-e1 section-gaf053a gutentor-element gutentor-element-advanced-text\"><div class=\"gutentor-text-wrap\"><p class=\"gutentor-text\">Vous avez du mal \u00e0 dormir ou vous souffrez d&rsquo;allergies fr\u00e9quentes ? D\u00e9couvrez les causes cach\u00e9es gr\u00e2ce aux compteurs de CO2 innovants de Nomestic, con\u00e7us pour fournir les donn\u00e9es dont vous avez besoin pour maintenir un mode de vie sain. Nos solutions avanc\u00e9es de contr\u00f4le de la qualit\u00e9 de l&rsquo;air vous aident \u00e0 comprendre et \u00e0 optimiser votre environnement int\u00e9rieur, afin que vous puissiez mieux respirer, mieux dormir et rester en forme et en bonne sant\u00e9. Prenez le contr\u00f4le de votre bien-\u00eatre gr\u00e2ce \u00e0 des informations en temps r\u00e9el sur la qualit\u00e9 de votre air int\u00e9rieur.<\/p><\/div><\/div>\n<\/div><\/div>\n\n\n\n<div id=\"col-gm4eee89\" class=\"wp-block-gutentor-m4-col col-gm4eee89 gutentor-single-column  grid-lg-6 grid-md-12 grid-12\"><div id=\"section-gm4eee89\" class=\"section-gm4eee89 gutentor-col-wrap\">\n<div id=\"section-g86603d\" class=\"wp-block-gutentor-e6 section-g86603d gutentor-element gutentor-element-image  d-md-none d-lg-block d-none hieghtzside\"><div class=\"gutentor-element-image-box\"><div class=\"gutentor-image-thumb\"><img decoding=\"async\" class=\"normal-image\" src=\"https:\/\/old.nomestic.com\/wp-content\/uploads\/2024\/11\/benefits-of-monitoring-indoor-air-quality-3.jpg\" alt=\"Benefits of Monitoring Indoor Air Quality\" \/><\/div><\/div><\/div>\n<\/div><\/div>\n<\/div><\/div><\/section>\n\n\n\n<div id=\"section-g-itkk5k5\" class=\"wp-block-gutentor-e2 section-g-itkk5k5 gutentor-element gutentor-element-button button-align-center-desktop button-align-center-tablet button-align-center-mobile\"><span class=\"gutentor-button-wrap\"><a class=\"gutentor-button gutentor-block-button gutentor-icon-hide\" href=\"https:\/\/old.nomestic.com\/fr\/produit\/compteur-de-co2-airsight\/\" rel=\"https:\/\/old.nomestic.com\/voor-thuis\/\"><i class=\"gutentor-button-icon fas fa-book\"><\/i><span>Acheter<\/span><\/a><\/span><\/div>\n\n\n\n<div style=\"height:100px\" aria-hidden=\"true\" class=\"wp-block-spacer\"><\/div>\n","protected":false},"excerpt":{"rendered":"","protected":false},"author":1,"featured_media":0,"parent":0,"menu_order":0,"comment_status":"closed","ping_status":"closed","template":"template-gutentor-full-width.php","meta":{"inline_featured_image":false,"footnotes":""},"class_list":["post-7159","page","type-page","status-publish","hentry"],"_links":{"self":[{"href":"https:\/\/old.nomestic.com\/fr\/wp-json\/wp\/v2\/pages\/7159","targetHints":{"allow":["GET"]}}],"collection":[{"href":"https:\/\/old.nomestic.com\/fr\/wp-json\/wp\/v2\/pages"}],"about":[{"href":"https:\/\/old.nomestic.com\/fr\/wp-json\/wp\/v2\/types\/page"}],"author":[{"embeddable":true,"href":"https:\/\/old.nomestic.com\/fr\/wp-json\/wp\/v2\/users\/1"}],"replies":[{"embeddable":true,"href":"https:\/\/old.nomestic.com\/fr\/wp-json\/wp\/v2\/comments?post=7159"}],"version-history":[{"count":19,"href":"https:\/\/old.nomestic.com\/fr\/wp-json\/wp\/v2\/pages\/7159\/revisions"}],"predecessor-version":[{"id":12697,"href":"https:\/\/old.nomestic.com\/fr\/wp-json\/wp\/v2\/pages\/7159\/revisions\/12697"}],"wp:attachment":[{"href":"https:\/\/old.nomestic.com\/fr\/wp-json\/wp\/v2\/media?parent=7159"}],"curies":[{"name":"wp","href":"https:\/\/api.w.org\/{rel}","templated":true}]}}