{"id":7390,"date":"2023-12-09T23:16:04","date_gmt":"2023-12-09T22:16:04","guid":{"rendered":"https:\/\/old.nomestic.com\/airsight-co2-messgeraet\/"},"modified":"2026-01-11T15:54:09","modified_gmt":"2026-01-11T14:54:09","slug":"airsight-co2-meter","status":"publish","type":"product","link":"https:\/\/old.nomestic.com\/de\/produkt\/airsight-co2-meter\/","title":{"rendered":"Airsight CO2 Meter"},"content":{"rendered":"\n<section id=\"gmacd2d30\" class=\"wp-block-gutentor-m4 section-gmacd2d30 gutentor-module gutentor-advanced-columns gutentor-equal-column-height\"><div class=\"grid-container\"><div class=\"grid-row\">\n<div id=\"col-gm904635\" class=\"wp-block-gutentor-m4-col col-gm904635 gutentor-single-column  grid-lg-12 grid-md-12 grid-12\"><div id=\"section-gm904635\" class=\"section-gm904635 gutentor-col-wrap\">\n<div id=\"section-gb8e383\" class=\"wp-block-gutentor-e1 section-gb8e383 gutentor-element gutentor-element-advanced-text text-align-center-desktop text-align-center-tablet text-align-center-mobile\"><div class=\"gutentor-text-wrap\"><h1 class=\"gutentor-text\">Klein und Kompakt, Aber Sehr Leistungsf\u00e4hig<\/h1><\/div><\/div>\n\n\n\n<div id=\"section-g-zieka2q\" class=\"wp-block-gutentor-e1 section-g-zieka2q gutentor-element gutentor-element-advanced-text text-align-center-desktop text-align-center-tablet text-align-center-mobile\"><div class=\"gutentor-text-wrap\"><h4 class=\"gutentor-text\"><br>Das Nomestic Airsight CO2 Messger\u00e4t ist Ihre ultimative L\u00f6sung zur \u00dcberwachung der Luftqualit\u00e4t in Innenr\u00e4umen. Es \u00fcberwacht kontinuierlich Kohlendioxid (CO2), Temperatur und Luftfeuchtigkeit in Echtzeit und liefert 24\/7 aktuelle Ergebnisse. Mit diesem All-in-One-Ger\u00e4t k\u00f6nnen Sie Ihr Raumklima effektiv verwalten und eine optimale Raumluftqualit\u00e4t f\u00fcr alle sicherstellen. Verbessern Sie Ihre Gesundheit und Ihr Wohlbefinden, indem Sie die Luftqualit\u00e4t in Innenr\u00e4umen mit dem Nomestic Luftqualit\u00e4tsmessger\u00e4t noch heute \u00fcberwachen!<\/h4><\/div><\/div>\n\n\n\n<div id=\"section-g-1eechhh\" class=\"wp-block-gutentor-e6 section-g-1eechhh gutentor-element gutentor-element-image text-align-center-desktop text-align-center-tablet text-align-center-mobile\"><div class=\"gutentor-element-image-box\"><div class=\"gutentor-image-thumb\"><img decoding=\"async\" class=\"normal-image\" src=\"https:\/\/old.nomestic.com\/wp-content\/uploads\/2024\/11\/airsight-co2-meter-1-298x300.jpg\" alt=\"Airsight CO2 Meter\" \/><\/div><\/div><\/div>\n<\/div><\/div>\n<\/div><\/div><\/section>\n\n\n\n<section id=\"gm29a5a00\" class=\"wp-block-gutentor-m4 section-gm29a5a00 gutentor-module gutentor-advanced-columns gutentor-equal-column-height\"><div class=\"grid-container\"><div class=\"grid-row\">\n<div id=\"col-gm0e4f82\" class=\"wp-block-gutentor-m4-col col-gm0e4f82 gutentor-single-column  grid-lg-12 grid-md-12 grid-12\"><div id=\"section-gm0e4f82\" class=\"section-gm0e4f82 gutentor-col-wrap\">\n<div id=\"section-gc78871\" class=\"wp-block-gutentor-e1 section-gc78871 gutentor-element gutentor-element-advanced-text text-align-center-desktop text-align-center-tablet text-align-center-mobile\"><div class=\"gutentor-text-wrap\"><h1 class=\"gutentor-text\">Ihr Messger\u00e4t f\u00fcr die Luftqualit\u00e4t in Innenr\u00e4umen<\/h1><\/div><\/div>\n\n\n\n<div id=\"section-gdf5dc8\" class=\"wp-block-gutentor-e1 section-gdf5dc8 gutentor-element gutentor-element-advanced-text text-align-center-desktop text-align-center-tablet text-align-center-mobile\"><div class=\"gutentor-text-wrap\"><h4 class=\"gutentor-text\">Frische Luft ist vielleicht nicht unsere Erfindung, aber wir k\u00f6nnen Ihnen helfen, sie f\u00fcr Ihr Innenraumklima zu verbessern.<br><br><\/h4><\/div><\/div>\n\n\n\n<figure class=\"wp-block-video\"><video height=\"2160\" style=\"aspect-ratio: 3840 \/ 2160\" width=\"3840\" autoplay preload=\"auto\" src=\"https:\/\/old.nomestic.com\/wp-content\/uploads\/2024\/11\/airsight-co2-meter-video-de.mp4\" playsinline><\/video><\/figure>\n<\/div><\/div>\n<\/div><\/div><\/section>\n\n\n\n<section id=\"g-hdo1h7y\" class=\"wp-block-gutentor-m4 section-g-hdo1h7y gutentor-module gutentor-advanced-columns gutentor-equal-column-height\"><div class=\"grid-container\"><div class=\"grid-row\">\n<div id=\"col-g-zrry6dy\" class=\"wp-block-gutentor-m4-col col-g-zrry6dy gutentor-single-column  grid-lg-12 grid-md-12 grid-12\"><div id=\"section-g-zrry6dy\" class=\"section-g-zrry6dy gutentor-col-wrap\">\n<div id=\"section-g-5tt7o93\" class=\"wp-block-gutentor-e1 section-g-5tt7o93 gutentor-element gutentor-element-advanced-text text-align-center-desktop text-align-center-tablet text-align-center-mobile\"><div class=\"gutentor-text-wrap\"><h1 class=\"gutentor-text\">Resources<\/h1><\/div><\/div>\n\n\n\n<div id=\"section-g-d0dog6t\" class=\"wp-block-gutentor-e1 section-g-d0dog6t gutentor-element gutentor-element-advanced-text\"><div class=\"gutentor-text-wrap\"><p class=\"gutentor-text\"><br><\/p><\/div><\/div>\n\n\n\n<section id=\"g-d1o3rl1\" class=\"wp-block-gutentor-m4 section-g-d1o3rl1 gutentor-module gutentor-advanced-columns\"><div class=\"grid-container\"><div class=\"grid-row\">\n<div id=\"col-g-gg171hi\" class=\"wp-block-gutentor-m4-col col-g-gg171hi gutentor-single-column  grid-lg-6 grid-md-12 grid-12\"><div id=\"section-g-gg171hi\" class=\"section-g-gg171hi gutentor-col-wrap\">\n<div id=\"section-g-9u5f41x\" class=\"wp-block-gutentor-e6 section-g-9u5f41x gutentor-element gutentor-element-image text-align-center-desktop text-align-center-tablet text-align-center-mobile\"><div class=\"gutentor-element-image-box\"><div class=\"gutentor-image-thumb\"><img decoding=\"async\" class=\"normal-image\" src=\"https:\/\/old.nomestic.com\/wp-content\/uploads\/2024\/11\/icon-product-user-guide-50x50.png\" alt=\"Product - User Guide\" \/><\/div><\/div><\/div>\n\n\n\n<div id=\"section-g-7na7z17\" class=\"wp-block-gutentor-e1 section-g-7na7z17 gutentor-element gutentor-element-advanced-text text-align-center-desktop text-align-center-tablet text-align-center-mobile\"><div class=\"gutentor-text-wrap\"><a class=\"gutentor-element-advanced-text-link\" href=\"https:\/\/old.nomestic.com\/wp-content\/uploads\/2024\/11\/User-Guide-Nomestic-Airsight-CO2-Meter.pdf\" target=\"_blank\" rel=\" noopener noreferrer\"><h4 class=\"gutentor-text\">Benutzerhandbuch<\/h4><\/a><\/div><\/div>\n<\/div><\/div>\n\n\n\n<div id=\"col-g-ylmamgg\" class=\"wp-block-gutentor-m4-col col-g-ylmamgg gutentor-single-column  grid-lg-6 grid-md-12 grid-12\"><div id=\"section-g-ylmamgg\" class=\"section-g-ylmamgg gutentor-col-wrap\">\n<div id=\"section-g-8e1nyli\" class=\"wp-block-gutentor-e6 section-g-8e1nyli gutentor-element gutentor-element-image text-align-center-desktop text-align-center-tablet text-align-center-mobile\"><div class=\"gutentor-element-image-box\"><div class=\"gutentor-image-thumb\"><img decoding=\"async\" class=\"normal-image\" src=\"https:\/\/old.nomestic.com\/wp-content\/uploads\/2024\/11\/icon-product-brochure-50x50.png\" alt=\"Product - Brochure Icon\" \/><\/div><\/div><\/div>\n\n\n\n<div id=\"section-g-mi0m811\" class=\"wp-block-gutentor-e1 section-g-mi0m811 gutentor-element gutentor-element-advanced-text text-align-center-desktop text-align-center-tablet text-align-center-mobile\"><div class=\"gutentor-text-wrap\"><a class=\"gutentor-element-advanced-text-link\" href=\"https:\/\/old.nomestic.com\/wp-content\/uploads\/2024\/11\/Brochure-Nomestic-Airsight-CO2-Meter.pdf\" target=\"_blank\" rel=\" noopener noreferrer\"><h4 class=\"gutentor-text\">Brochure<\/h4><\/a><\/div><\/div>\n<\/div><\/div>\n<\/div><\/div><\/section>\n<\/div><\/div>\n<\/div><\/div><\/section>\n\n\n\n<section id=\"g-1ceiec5\" class=\"wp-block-gutentor-m4 section-g-1ceiec5 gutentor-module gutentor-advanced-columns gutentor-equal-column-height\"><div class=\"grid-container\"><div class=\"grid-row\">\n<div id=\"col-g-ievv81u\" class=\"wp-block-gutentor-m4-col col-g-ievv81u gutentor-single-column  grid-lg-12 grid-md-12 grid-12\"><div id=\"section-g-ievv81u\" class=\"section-g-ievv81u gutentor-col-wrap\">\n<div id=\"section-g-zln4z1z\" class=\"wp-block-gutentor-e1 section-g-zln4z1z gutentor-element gutentor-element-advanced-text text-align-center-desktop text-align-center-tablet text-align-center-mobile\"><div class=\"gutentor-text-wrap\"><h1 class=\"gutentor-text\">Verbessern und Kontrollieren Sie die Raumluftqualit\u00e4t in Ihren R\u00e4umen<\/h1><\/div><\/div>\n\n\n\n<div id=\"section-g-3163k63\" class=\"wp-block-gutentor-e1 section-g-3163k63 gutentor-element gutentor-element-advanced-text\"><div class=\"gutentor-text-wrap\"><p class=\"gutentor-text\"><br><\/p><\/div><\/div>\n\n\n\n<section id=\"g-jpetays\" class=\"wp-block-gutentor-m4 section-g-jpetays gutentor-module gutentor-advanced-columns\"><div class=\"grid-container\"><div class=\"grid-row\">\n<div id=\"col-g-17q0mmt\" class=\"wp-block-gutentor-m4-col col-g-17q0mmt gutentor-single-column  grid-lg-4 grid-md-12 grid-12\"><div id=\"section-g-17q0mmt\" class=\"section-g-17q0mmt gutentor-col-wrap\">\n<div id=\"section-g-qsrzqe2\" class=\"wp-block-gutentor-e6 section-g-qsrzqe2 gutentor-element gutentor-element-image text-align-center-desktop text-align-center-tablet text-align-center-mobile\"><div class=\"gutentor-element-image-box\"><div class=\"gutentor-image-thumb\"><img decoding=\"async\" class=\"normal-image\" src=\"https:\/\/old.nomestic.com\/wp-content\/uploads\/2024\/12\/Monitor-CO2-50x50.png\" alt=\"Monitor - CO2\" \/><\/div><\/div><\/div>\n\n\n\n<div id=\"section-g-gi7ekit\" class=\"wp-block-gutentor-e1 section-g-gi7ekit gutentor-element gutentor-element-advanced-text text-align-center-desktop text-align-center-tablet text-align-center-mobile\"><div class=\"gutentor-text-wrap\"><h4 class=\"gutentor-text\">Kohlendioxid (CO2)<\/h4><\/div><\/div>\n\n\n\n<div id=\"section-g-ltrex1t\" class=\"wp-block-gutentor-e1 section-g-ltrex1t gutentor-element gutentor-element-advanced-text text-align-left-desktop text-align-left-tablet text-align-left-mobile\"><div class=\"gutentor-text-wrap\"><p class=\"gutentor-text\">Erh\u00f6hte Kohlendioxid (CO2)-Konzentrationen in Innenr\u00e4umen k\u00f6nnen die Luftqualit\u00e4t und das allgemeine Wohlbefinden beeintr\u00e4chtigen. Hohe CO2-Konzentrationen k\u00f6nnen zu Konzentrationsschwierigkeiten, verminderter Schlafqualit\u00e4t, Kopfschmerzen, Schwindelgef\u00fchl und beeintr\u00e4chtigten kognitiven Funktionen f\u00fchren. Die \u00dcberwachung und Steuerung des CO2-Gehalts ist f\u00fcr die Aufrechterhaltung eines gesunden Raumklimas unerl\u00e4sslich.<\/p><\/div><\/div>\n<\/div><\/div>\n\n\n\n<div id=\"col-g-i2yzbkw\" class=\"wp-block-gutentor-m4-col col-g-i2yzbkw gutentor-single-column  grid-lg-4 grid-md-12 grid-12\"><div id=\"section-g-i2yzbkw\" class=\"section-g-i2yzbkw gutentor-col-wrap\">\n<div id=\"section-g-p3rj1jm\" class=\"wp-block-gutentor-e6 section-g-p3rj1jm gutentor-element gutentor-element-image text-align-center-desktop text-align-center-tablet text-align-center-mobile\"><div class=\"gutentor-element-image-box\"><div class=\"gutentor-image-thumb\"><img decoding=\"async\" class=\"normal-image\" src=\"https:\/\/old.nomestic.com\/wp-content\/uploads\/2024\/12\/Monitor-Temperature-50x50.png\" alt=\"Monitor - Temperature\" \/><\/div><\/div><\/div>\n\n\n\n<div id=\"section-g-np3nri8\" class=\"wp-block-gutentor-e1 section-g-np3nri8 gutentor-element gutentor-element-advanced-text text-align-center-desktop text-align-center-tablet text-align-center-mobile\"><div class=\"gutentor-text-wrap\"><h4 class=\"gutentor-text\">Temperatur<\/h4><\/div><\/div>\n\n\n\n<div id=\"section-g-di2zp0l\" class=\"wp-block-gutentor-e1 section-g-di2zp0l gutentor-element gutentor-element-advanced-text text-align-left-desktop text-align-left-tablet text-align-left-mobile\"><div class=\"gutentor-text-wrap\"><p class=\"gutentor-text\">Die Temperatur spielt eine entscheidende Rolle f\u00fcr die Luftqualit\u00e4t in Innenr\u00e4umen und die allgemeine Gesundheit. Es geht nicht nur um den Komfort, sondern die Temperatur hat auch einen erheblichen Einfluss auf die Schlafqualit\u00e4t, die Stimmung und die Wachsamkeit. Extreme Temperaturen k\u00f6nnen Hitzestress, Dehydrierung und Herz-Kreislauf-Probleme verursachen, w\u00e4hrend zu kalte Umgebungen zu Unterk\u00fchlung und verminderten kognitiven Funktionen f\u00fchren k\u00f6nnen. Die \u00dcberwachung der Innentemperatur ist f\u00fcr die Schaffung eines gesunden Lebens- und Arbeitsumfelds unerl\u00e4sslich.<\/p><\/div><\/div>\n<\/div><\/div>\n\n\n\n<div id=\"col-g-nyqqrcp\" class=\"wp-block-gutentor-m4-col col-g-nyqqrcp gutentor-single-column  grid-lg-4 grid-md-12 grid-12\"><div id=\"section-g-nyqqrcp\" class=\"section-g-nyqqrcp gutentor-col-wrap\">\n<div id=\"section-g-sjal1o6\" class=\"wp-block-gutentor-e6 section-g-sjal1o6 gutentor-element gutentor-element-image text-align-center-desktop text-align-center-tablet text-align-center-mobile\"><div class=\"gutentor-element-image-box\"><div class=\"gutentor-image-thumb\"><img decoding=\"async\" class=\"normal-image\" src=\"https:\/\/old.nomestic.com\/wp-content\/uploads\/2024\/12\/Monitor-Humidity-50x50.png\" alt=\"Monitor - Humidity\" \/><\/div><\/div><\/div>\n\n\n\n<div id=\"section-g-14kcpu1\" class=\"wp-block-gutentor-e1 section-g-14kcpu1 gutentor-element gutentor-element-advanced-text text-align-center-desktop text-align-center-tablet text-align-center-mobile\"><div class=\"gutentor-text-wrap\"><h4 class=\"gutentor-text\">Luftfeuchtigkeit<\/h4><\/div><\/div>\n\n\n\n<div id=\"section-g-olj11yn\" class=\"wp-block-gutentor-e1 section-g-olj11yn gutentor-element gutentor-element-advanced-text text-align-left-desktop text-align-left-tablet text-align-left-mobile\"><div class=\"gutentor-text-wrap\"><p class=\"gutentor-text\">Eine zu hohe Luftfeuchtigkeit in Innenr\u00e4umen f\u00f6rdert das Wachstum von Schimmelpilzen und verschlimmert Asthmasymptome, was zu Atemproblemen und erh\u00f6hten Allergenkonzentrationen f\u00fchrt. Eine hohe Luftfeuchtigkeit kann auch allgemeines Unbehagen bei den Bewohnern hervorrufen. Umgekehrt kann zu trockene Luft zu Hautreizungen und Rachenbeschwerden f\u00fchren. Die \u00dcberwachung und Kontrolle der Luftfeuchtigkeit ist entscheidend f\u00fcr die Aufrechterhaltung einer gesunden Raumluftqualit\u00e4t und das Wohlbefinden aller Bewohner.<\/p><\/div><\/div>\n<\/div><\/div>\n<\/div><\/div><\/section>\n<\/div><\/div>\n<\/div><\/div><\/section>\n\n\n\n<section id=\"gm44a5ed0\" class=\"wp-block-gutentor-m4 section-gm44a5ed0 gutentor-module gutentor-advanced-columns gutentor-equal-column-height\"><div class=\"grid-container\"><div class=\"grid-row\">\n<div id=\"col-gm2e33f8\" class=\"wp-block-gutentor-m4-col col-gm2e33f8 gutentor-single-column  grid-lg-12 grid-md-12 grid-12\"><div id=\"section-gm2e33f8\" class=\"section-gm2e33f8 gutentor-col-wrap\">\n<div id=\"section-g58c487\" class=\"wp-block-gutentor-e1 section-g58c487 gutentor-element gutentor-element-advanced-text text-align-center-desktop text-align-center-tablet text-align-center-mobile\"><div class=\"gutentor-text-wrap\"><h1 class=\"gutentor-text\">Ein Gesundes Leben in Einem Gesunden Zuhause mit Frischerer und Sauberer Luft<\/h1><\/div><\/div>\n\n\n\n<div id=\"section-g72a5bf\" class=\"wp-block-gutentor-e1 section-g72a5bf gutentor-element gutentor-element-advanced-text text-align-center-desktop text-align-center-tablet text-align-center-mobile\"><div class=\"gutentor-text-wrap\"><h4 class=\"gutentor-text\">Ihr Wohlbefinden ist genauso wichtig wie das Ihrer Familienmitglieder. Sorgen Sie also mit frischerer und sauberer Luft f\u00fcr die Sicherheit und Gesundheit aller.<br><br><\/h4><\/div><\/div>\n\n\n\n<div id=\"section-g-4jfdxnn\" class=\"wp-block-gutentor-e2 section-g-4jfdxnn gutentor-element gutentor-element-button button-align-center-desktop button-align-center-tablet button-align-center-mobile\"><span class=\"gutentor-button-wrap\"><a class=\"gutentor-button gutentor-block-button gutentor-icon-hide\" href=\"https:\/\/old.nomestic.com\/de\/vorteile\/\"><i class=\"gutentor-button-icon fas fa-book\"><\/i><span>Vorteile entdecken<\/span><\/a><\/span><\/div>\n<\/div><\/div>\n<\/div><\/div><\/section>\n\n\n\n<section id=\"g-eby3yz7\" class=\"wp-block-gutentor-m4 section-g-eby3yz7 gutentor-module gutentor-advanced-columns gutentor-equal-column-height\"><div class=\"grid-container\"><div class=\"grid-row\">\n<div id=\"col-g-336y1im\" class=\"wp-block-gutentor-m4-col col-g-336y1im gutentor-single-column  grid-lg-12 grid-md-12 grid-12\"><div id=\"section-g-336y1im\" class=\"section-g-336y1im gutentor-col-wrap\">\n<div id=\"section-g-l11sfhg\" class=\"wp-block-gutentor-e1 section-g-l11sfhg gutentor-element gutentor-element-advanced-text text-align-center-desktop text-align-center-tablet text-align-center-mobile\"><div class=\"gutentor-text-wrap\"><h1 class=\"gutentor-text\">Verbessern Sie Ihre Allgemeine Gesundheit, Ihr Wohlbefinden und Ihre Produktivit\u00e4t<\/h1><\/div><\/div>\n\n\n\n<div id=\"section-g-24eena1\" class=\"wp-block-gutentor-e1 section-g-24eena1 gutentor-element gutentor-element-advanced-text text-align-center-desktop text-align-center-tablet text-align-center-mobile\"><div class=\"gutentor-text-wrap\"><p class=\"gutentor-text\">Wenn Sie die Zusammensetzung Ihrer Raumluftqualit\u00e4t kennen, k\u00f6nnen Sie eine optimale Umgebung schaffen, die einen ges\u00fcnderen Lebensstil f\u00f6rdert.<br><br><\/p><\/div><\/div>\n\n\n\n<section id=\"g-12dspa7\" class=\"wp-block-gutentor-m4 section-g-12dspa7 gutentor-module gutentor-advanced-columns\"><div class=\"grid-container\"><div class=\"grid-row\">\n<div id=\"col-g-393p29x\" class=\"wp-block-gutentor-m4-col col-g-393p29x gutentor-single-column  grid-lg-4 grid-md-12 grid-12\"><div id=\"section-g-393p29x\" class=\"section-g-393p29x gutentor-col-wrap\">\n<div id=\"section-g-ztotytf\" class=\"wp-block-gutentor-e6 section-g-ztotytf gutentor-element gutentor-element-image text-align-center-desktop text-align-center-tablet text-align-center-mobile\"><div class=\"gutentor-element-image-box\"><div class=\"gutentor-image-thumb\"><img decoding=\"async\" class=\"normal-image\" src=\"https:\/\/old.nomestic.com\/wp-content\/uploads\/2024\/11\/health-icon-1-50x50.png\" alt=\"Health - Sleep Better\" \/><\/div><\/div><\/div>\n\n\n\n<div id=\"section-g-1x8ssxx\" class=\"wp-block-gutentor-e1 section-g-1x8ssxx gutentor-element gutentor-element-advanced-text text-align-center-desktop text-align-center-tablet text-align-center-mobile\"><div class=\"gutentor-text-wrap\"><h4 class=\"gutentor-text\">Besser schlafen<\/h4><\/div><\/div>\n<\/div><\/div>\n\n\n\n<div id=\"col-g-xh7t7yv\" class=\"wp-block-gutentor-m4-col col-g-xh7t7yv gutentor-single-column  grid-lg-4 grid-md-12 grid-12\"><div id=\"section-g-xh7t7yv\" class=\"section-g-xh7t7yv gutentor-col-wrap\">\n<div id=\"section-g-sbl7hal\" class=\"wp-block-gutentor-e6 section-g-sbl7hal gutentor-element gutentor-element-image text-align-center-desktop text-align-center-tablet text-align-center-mobile\"><div class=\"gutentor-element-image-box\"><div class=\"gutentor-image-thumb\"><img decoding=\"async\" class=\"normal-image\" src=\"https:\/\/old.nomestic.com\/wp-content\/uploads\/2024\/11\/health-icon-2-50x50.png\" alt=\"Health - Stay Focused\" \/><\/div><\/div><\/div>\n\n\n\n<div id=\"section-g-288r2fe\" class=\"wp-block-gutentor-e1 section-g-288r2fe gutentor-element gutentor-element-advanced-text text-align-center-desktop text-align-center-tablet text-align-center-mobile\"><div class=\"gutentor-text-wrap\"><h4 class=\"gutentor-text\">Konzentriert bleiben<\/h4><\/div><\/div>\n<\/div><\/div>\n\n\n\n<div id=\"col-g-ocjqfm7\" class=\"wp-block-gutentor-m4-col col-g-ocjqfm7 gutentor-single-column  grid-lg-4 grid-md-12 grid-12\"><div id=\"section-g-ocjqfm7\" class=\"section-g-ocjqfm7 gutentor-col-wrap\">\n<div id=\"section-g-1swsrm1\" class=\"wp-block-gutentor-e6 section-g-1swsrm1 gutentor-element gutentor-element-image text-align-center-desktop text-align-center-tablet text-align-center-mobile\"><div class=\"gutentor-element-image-box\"><div class=\"gutentor-image-thumb\"><img decoding=\"async\" class=\"normal-image\" src=\"https:\/\/old.nomestic.com\/wp-content\/uploads\/2024\/11\/health-icon-4-50x50.png\" alt=\"Health - Stay Healthy\" \/><\/div><\/div><\/div>\n\n\n\n<div id=\"section-g-q5y11d3\" class=\"wp-block-gutentor-e1 section-g-q5y11d3 gutentor-element gutentor-element-advanced-text text-align-center-desktop text-align-center-tablet text-align-center-mobile\"><div class=\"gutentor-text-wrap\"><h4 class=\"gutentor-text\">Gesund bleiben<\/h4><\/div><\/div>\n<\/div><\/div>\n<\/div><\/div><\/section>\n\n\n\n<div id=\"section-g-mtxusss\" class=\"wp-block-gutentor-e1 section-g-mtxusss gutentor-element gutentor-element-advanced-text\"><div class=\"gutentor-text-wrap\"><p class=\"gutentor-text\"><\/p><\/div><\/div>\n\n\n\n<section id=\"g-7ijge1e\" class=\"wp-block-gutentor-m4 section-g-7ijge1e gutentor-module gutentor-advanced-columns\"><div class=\"grid-container\"><div class=\"grid-row\">\n<div id=\"col-g-21hwwel\" class=\"wp-block-gutentor-m4-col col-g-21hwwel gutentor-single-column  grid-lg-4 grid-md-12 grid-12\"><div id=\"section-g-21hwwel\" class=\"section-g-21hwwel gutentor-col-wrap\">\n<div id=\"section-g-upsd2g2\" class=\"wp-block-gutentor-e6 section-g-upsd2g2 gutentor-element gutentor-element-image text-align-center-desktop text-align-center-tablet text-align-center-mobile\"><div class=\"gutentor-element-image-box\"><div class=\"gutentor-image-thumb\"><img decoding=\"async\" class=\"normal-image\" src=\"https:\/\/old.nomestic.com\/wp-content\/uploads\/2024\/11\/health-icon-5-50x50.png\" alt=\"Health - No Odors\" \/><\/div><\/div><\/div>\n\n\n\n<div id=\"section-g-hczxevx\" class=\"wp-block-gutentor-e1 section-g-hczxevx gutentor-element gutentor-element-advanced-text text-align-center-desktop text-align-center-tablet text-align-center-mobile\"><div class=\"gutentor-text-wrap\"><h4 class=\"gutentor-text\">Keine Ger\u00fcche<\/h4><\/div><\/div>\n<\/div><\/div>\n\n\n\n<div id=\"col-g-wij85we\" class=\"wp-block-gutentor-m4-col col-g-wij85we gutentor-single-column  grid-lg-4 grid-md-12 grid-12\"><div id=\"section-g-wij85we\" class=\"section-g-wij85we gutentor-col-wrap\">\n<div id=\"section-g-3smawyi\" class=\"wp-block-gutentor-e6 section-g-3smawyi gutentor-element gutentor-element-image text-align-center-desktop text-align-center-tablet text-align-center-mobile\"><div class=\"gutentor-element-image-box\"><div class=\"gutentor-image-thumb\"><img decoding=\"async\" class=\"normal-image\" src=\"https:\/\/old.nomestic.com\/wp-content\/uploads\/2024\/11\/health-icon-3-50x50.png\" alt=\"Health - Prevent Allergies\" \/><\/div><\/div><\/div>\n\n\n\n<div id=\"section-g-17gw1ts\" class=\"wp-block-gutentor-e1 section-g-17gw1ts gutentor-element gutentor-element-advanced-text text-align-center-desktop text-align-center-tablet text-align-center-mobile\"><div class=\"gutentor-text-wrap\"><h4 class=\"gutentor-text\">Allergien vorbeugen<\/h4><\/div><\/div>\n<\/div><\/div>\n\n\n\n<div id=\"col-g-1we6wiv\" class=\"wp-block-gutentor-m4-col col-g-1we6wiv gutentor-single-column  grid-lg-4 grid-md-12 grid-12\"><div id=\"section-g-1we6wiv\" class=\"section-g-1we6wiv gutentor-col-wrap\">\n<div id=\"section-g-xtsrt1w\" class=\"wp-block-gutentor-e6 section-g-xtsrt1w gutentor-element gutentor-element-image text-align-center-desktop text-align-center-tablet text-align-center-mobile\"><div class=\"gutentor-element-image-box\"><div class=\"gutentor-image-thumb\"><img decoding=\"async\" class=\"normal-image\" src=\"https:\/\/old.nomestic.com\/wp-content\/uploads\/2024\/11\/health-icon-6-50x50.png\" alt=\"Health - Prevent Molds\" \/><\/div><\/div><\/div>\n\n\n\n<div id=\"section-g-ei88lrj\" class=\"wp-block-gutentor-e1 section-g-ei88lrj gutentor-element gutentor-element-advanced-text text-align-center-desktop text-align-center-tablet text-align-center-mobile\"><div class=\"gutentor-text-wrap\"><h4 class=\"gutentor-text\">Schimmelpilzen vorbeugen<\/h4><\/div><\/div>\n<\/div><\/div>\n<\/div><\/div><\/section>\n<\/div><\/div>\n<\/div><\/div><\/section>\n","protected":false},"excerpt":{"rendered":"<p>Das Nomestic Messger\u00e4t f\u00fcr die Luftqualit\u00e4t in Innenr\u00e4umen \u00fcberwacht in Echtzeit Kohlendioxid (CO2), Temperatur und Luftfeuchtigkeit und sorgt so f\u00fcr ein ges\u00fcnderes Raumklima f\u00fcr alle in Ihrem Haus. Mit 24\/7 genauen Messwerten erm\u00f6glicht es Ihnen, eine optimale Luftqualit\u00e4t f\u00fcr mehr Gesundheit und Wohlbefinden zu erhalten.<\/p>\n<ul style=\"list-style: none; padding-left: 0; margin-left: 0; margin-bottom: 0px;\">\n<li class=\"usp1\" style=\"padding-bottom: 10px;\"><img decoding=\"async\" style=\"width: 35px; height: 35px; margin-right: 10px;\" src=\"https:\/\/old.nomestic.com\/wp-content\/uploads\/2023\/12\/angle-right-circle.svg\" \/>Fortschrittlicher NDIR-Sensor f\u00fcr die genaue \u00dcberwachung von CO2, Temperatur und Luftfeuchtigkeit.<\/li>\n<li class=\"usp1\" style=\"padding-bottom: 10px;\"><img decoding=\"async\" style=\"width: 35px; height: 35px; margin-right: 10px;\" src=\"https:\/\/old.nomestic.com\/wp-content\/uploads\/2023\/12\/angle-right-circle.svg\" \/>Erhalten Sie automatische Warnungen bei erh\u00f6hten CO2-Werten.<\/li>\n<li class=\"usp1\" style=\"padding-bottom: 10px;\"><img decoding=\"async\" style=\"width: 35px; height: 35px; margin-right: 10px;\" src=\"https:\/\/old.nomestic.com\/wp-content\/uploads\/2023\/12\/angle-right-circle.svg\" \/>Tragbares Design, das sich nahtlos in jeden Raum einf\u00fcgt.<\/li>\n<\/ul>\n","protected":false},"featured_media":10035,"comment_status":"open","ping_status":"closed","template":"","meta":{"inline_featured_image":false},"product_brand":[],"product_cat":[100],"product_tag":[],"class_list":{"0":"post-7390","1":"product","2":"type-product","3":"status-publish","4":"has-post-thumbnail","6":"product_cat-produkte","8":"first","9":"instock","10":"taxable","11":"shipping-taxable","12":"product-type-simple"},"_links":{"self":[{"href":"https:\/\/old.nomestic.com\/de\/wp-json\/wp\/v2\/product\/7390","targetHints":{"allow":["GET"]}}],"collection":[{"href":"https:\/\/old.nomestic.com\/de\/wp-json\/wp\/v2\/product"}],"about":[{"href":"https:\/\/old.nomestic.com\/de\/wp-json\/wp\/v2\/types\/product"}],"replies":[{"embeddable":true,"href":"https:\/\/old.nomestic.com\/de\/wp-json\/wp\/v2\/comments?post=7390"}],"wp:featuredmedia":[{"embeddable":true,"href":"https:\/\/old.nomestic.com\/de\/wp-json\/wp\/v2\/media\/10035"}],"wp:attachment":[{"href":"https:\/\/old.nomestic.com\/de\/wp-json\/wp\/v2\/media?parent=7390"}],"wp:term":[{"taxonomy":"product_brand","embeddable":true,"href":"https:\/\/old.nomestic.com\/de\/wp-json\/wp\/v2\/product_brand?post=7390"},{"taxonomy":"product_cat","embeddable":true,"href":"https:\/\/old.nomestic.com\/de\/wp-json\/wp\/v2\/product_cat?post=7390"},{"taxonomy":"product_tag","embeddable":true,"href":"https:\/\/old.nomestic.com\/de\/wp-json\/wp\/v2\/product_tag?post=7390"}],"curies":[{"name":"wp","href":"https:\/\/api.w.org\/{rel}","templated":true}]}}