{"id":7266,"date":"2019-03-17T17:19:40","date_gmt":"2019-03-17T16:19:40","guid":{"rendered":"https:\/\/old.nomestic.com\/allgemeine-bedingungen-und-konditionen\/"},"modified":"2024-11-28T23:56:23","modified_gmt":"2024-11-28T22:56:23","slug":"allgemeine-geschaeftsbedingungen","status":"publish","type":"page","link":"https:\/\/old.nomestic.com\/de\/allgemeine-geschaeftsbedingungen\/","title":{"rendered":"Allgemeine Gesch\u00e4ftsbedingungen"},"content":{"rendered":"\n<p><em>Die Allgemeinen Gesch\u00e4ftsbedingungen wurden zuletzt am 11\/03\/2023 aktualisiert.<\/em><\/p>\n\n<h2 class=\"wp-block-heading\">1. Einf\u00fchrung<\/h2>\n\n<p>Diese Allgemeinen Gesch\u00e4ftsbedingungen gelten f\u00fcr diese Website und f\u00fcr Transaktionen mit unseren Produkten und Dienstleistungen.\nIm Zusammenhang mit Ihrer Beziehung zu uns oder mit Produkten oder Dienstleistungen, die Sie von uns erhalten, k\u00f6nnen Sie an zus\u00e4tzliche Vertr\u00e4ge gebunden sein.\nSollten die Bestimmungen der Zusatzvertr\u00e4ge im Widerspruch zu den Bestimmungen dieser Gesch\u00e4ftsbedingungen stehen, haben die Bestimmungen dieser Zusatzvertr\u00e4ge Vorrang.  <\/p>\n\n<h2 class=\"wp-block-heading\">2. Binden<\/h2>\n\n<p>Indem Sie sich auf dieser Website registrieren, auf sie zugreifen oder sie anderweitig nutzen, erkl\u00e4ren Sie sich mit den unten aufgef\u00fchrten Bedingungen einverstanden.\nDie Nutzung dieser Website impliziert, dass Sie diese Bedingungen gelesen haben und akzeptieren.\nIn einigen speziellen F\u00e4llen k\u00f6nnen wir Sie auch bitten, ausdr\u00fccklich zuzustimmen.  <\/p>\n\n<h2 class=\"wp-block-heading\">3. Elektronische Kommunikation<\/h2>\n\n<p>Indem Sie diese Website nutzen oder mit uns digital kommunizieren, erkl\u00e4ren Sie sich damit einverstanden und erkennen an, dass wir mit Ihnen digital \u00fcber unsere Website oder per E-Mail kommunizieren k\u00f6nnen. Sie erkl\u00e4ren sich damit einverstanden, dass alle Vereinbarungen, Mitteilungen, Offenlegungen und andere Mitteilungen, die wir Ihnen digital zur Verf\u00fcgung stellen, allen gesetzlichen Anforderungen entsprechen, einschlie\u00dflich, aber nicht beschr\u00e4nkt auf die Anforderung, dass solche Mitteilungen schriftlich erfolgen m\u00fcssen.<\/p>\n\n<h2 class=\"wp-block-heading\">4. Geistiges Eigentum<\/h2>\n\n<p>Wir oder unsere Lizenzgeber besitzen und kontrollieren alle Urheberrechte und sonstigen geistigen Eigentumsrechte an der Website und den Daten, Informationen und anderen Ressourcen, die auf der Website angezeigt werden oder auf die Sie zugreifen k\u00f6nnen.<\/p>\n\n<p class=\"has-medium-font-size\"><strong>4.1 Alle Rechte vorbehalten<\/strong><\/p>\n\n<p>Sofern f\u00fcr bestimmte Inhalte nicht anders angegeben, wird Ihnen keine Lizenz oder ein anderes Recht unter einem Urheberrecht, einer Marke, einem Patent oder einem anderen geistigen Eigentumsrecht gew\u00e4hrt.\nDas bedeutet, dass Sie Inhalte dieser Website ohne unsere vorherige schriftliche Zustimmung in keiner Form nutzen, kopieren, reproduzieren, vorf\u00fchren, ausstellen, verbreiten, in ein elektronisches Medium einbinden, modifizieren, zur\u00fcckentwickeln, dekompilieren, \u00fcbertragen, herunterladen, \u00fcbermitteln, monetarisieren, verkaufen, vermarkten oder kommerzialisieren d\u00fcrfen, es sei denn, dies ist gesetzlich zwingend vorgeschrieben (z. B. das Recht zum Zitieren). <\/p>\n\n<h2 class=\"wp-block-heading\">5. Newsletter<\/h2>\n\n<p>Unbeschadet des Vorstehenden k\u00f6nnen Sie unseren Newsletter in digitaler Form an andere Personen weiterleiten, die an einem Besuch unserer Website interessiert sein k\u00f6nnten.<\/p>\n\n<h2 class=\"wp-block-heading\">6. Eigentum von Dritten<\/h2>\n\n<p>Unsere Website kann Hyperlinks oder andere Verweise auf Websites anderer Parteien enthalten.\nWir kontrollieren oder \u00fcberpr\u00fcfen den Inhalt von Websites anderer Parteien, die von dieser Website aus verlinkt sind, nicht.\nProdukte oder Dienstleistungen, die von anderen Websites angeboten werden, unterliegen den geltenden Gesch\u00e4ftsbedingungen dieser Dritten.\nDie Meinungen oder das Material auf diesen Websites werden von uns nicht unbedingt geteilt oder unterst\u00fctzt.   <\/p>\n\n<p>Wir sind nicht verantwortlich f\u00fcr die Datenschutzpraktiken oder den Inhalt dieser Websites.\nSie tragen alle Risiken, die mit der Nutzung dieser Websites und der damit verbundenen Dienste Dritter verbunden sind.\nWir \u00fcbernehmen keine Verantwortung f\u00fcr Verluste oder Sch\u00e4den, die sich aus den von Ihnen an Dritte weitergegebenen pers\u00f6nlichen Daten ergeben.  <\/p>\n\n<h2 class=\"wp-block-heading\">7. Verantwortungsvolle Nutzung<\/h2>\n\n<p>Mit dem Besuch unserer Website erkl\u00e4ren Sie sich damit einverstanden, diese nur f\u00fcr die Zwecke zu nutzen, f\u00fcr die sie bestimmt ist und die durch diese Gesch\u00e4ftsbedingungen, etwaige zus\u00e4tzliche Vertr\u00e4ge mit uns sowie durch geltende Gesetze, Vorschriften und allgemein anerkannte Online-Praktiken und Richtlinien erlaubt sind.\nSie d\u00fcrfen unsere Website oder Dienste nicht nutzen, um Material zu verwenden, zu ver\u00f6ffentlichen oder zu verbreiten, das aus sch\u00e4dlicher Computersoftware besteht (oder mit dieser verlinkt ist); Sie d\u00fcrfen Daten von unserer Website nicht f\u00fcr Direktmarketing-Aktivit\u00e4ten verwenden oder systematische oder automatische Datenerfassungsaktivit\u00e4ten auf oder in Verbindung mit unserer Website durchf\u00fchren. <\/p>\n\n<p>Es ist strengstens untersagt, sich an Aktivit\u00e4ten zu beteiligen, die Sch\u00e4den an der Website verursachen oder verursachen k\u00f6nnen oder den Betrieb, die Verf\u00fcgbarkeit oder die Zug\u00e4nglichkeit der Website beeintr\u00e4chtigen.<\/p>\n\n<h2 class=\"wp-block-heading\">8. Registrierung<\/h2>\n\n<p>Sie k\u00f6nnen sich auf unserer Website f\u00fcr ein Konto registrieren.\nW\u00e4hrend dieses Vorgangs werden Sie m\u00f6glicherweise aufgefordert, ein Passwort zu w\u00e4hlen.\nSie sind f\u00fcr die Geheimhaltung Ihrer Passw\u00f6rter und Kontoinformationen verantwortlich und erkl\u00e4ren sich damit einverstanden, Ihre Passw\u00f6rter, Kontoinformationen oder den sicheren Zugang zu unserer Website oder unseren Dienstleistungen nicht an andere weiterzugeben.\nSie d\u00fcrfen niemandem erlauben, Ihr Konto f\u00fcr den Zugriff auf die Website zu verwenden, da Sie f\u00fcr alle Aktivit\u00e4ten verantwortlich sind, die durch die Verwendung Ihrer Passw\u00f6rter oder Konten erfolgen.\nSie m\u00fcssen uns sofort benachrichtigen, wenn Sie feststellen, dass Ihr Kennwort an Dritte weitergegeben wurde oder auf andere Weise versehentlich offengelegt wurde.    <\/p>\n\n<p>Nach Beendigung Ihres Kontos d\u00fcrfen Sie nicht versuchen, ohne unsere Erlaubnis ein neues Konto zu registrieren.<\/p>\n\n<h2 class=\"wp-block-heading\">9. R\u00fcckerstattung und R\u00fcckgabe<\/h2>\n\n<h2 class=\"wp-block-heading has-medium-font-size\"><strong>9.1 Recht auf Widerruf<\/strong><\/h2>\n\n<p>Sie haben das Recht, binnen 30 Tagen ohne Angabe von Gr\u00fcnden diesen Vertrag zu widerrufen.<\/p>\n\n<p>Die Widerrufsfrist betr\u00e4gt 30 Tage ab dem Tag, an dem Sie oder ein von Ihnen benannter Dritter, der nicht der Bef\u00f6rderer ist, die Waren physisch in Besitz genommen hat.<\/p>\n\n<p>Um Ihr Widerrufsrecht auszu\u00fcben, m\u00fcssen Sie uns mittels einer eindeutigen Erkl\u00e4rung (z. B. ein mit der Post versandter Brief, Telefax oder E-Mail) \u00fcber Ihren Entschluss, diesen Vertrag zu widerrufen, informieren.\nUnsere Kontaktinformationen finden Sie unten.\nSie k\u00f6nnen daf\u00fcr das beigef\u00fcgte <a target=\"_blank\" href=\"https:\/\/old.nomestic.com\/nl\/wp-content\/uploads\/complianz\/withdrawal-forms\/withdrawal-form-nl.pdf\" rel=\"noreferrer noopener\">Muster-Widerrufsformular<\/a> verwenden, das jedoch nicht vorgeschrieben ist.  <\/p>\n\n<p>Sie k\u00f6nnen auch das Muster-Widerrufsformular oder eine andere eindeutige Erkl\u00e4rung auf unserer <a href=\"https:\/\/old.nomestic.com\/nl\/contact\/\">Website<\/a> elektronisch ausf\u00fcllen und \u00fcbermitteln.<\/p>\n\n<p>Wenn Sie von dieser M\u00f6glichkeit Gebrauch machen, werden wir Ihnen unverz\u00fcglich eine Empfangsbest\u00e4tigung f\u00fcr einen solchen Widerruf auf einem dauerhaften Datentr\u00e4ger (z.B. per E-Mail) zusenden.<\/p>\n\n<p>Zur Wahrung der Widerrufsfrist reicht es aus, dass Sie die Mitteilung \u00fcber die Aus\u00fcbung des Widerrufsrechts vor Ablauf der Widerrufsfrist absenden.<\/p>\n\n<p class=\"has-medium-font-size\"><strong>9.2 Folgen des Widerrufs<\/strong><\/p>\n\n<p>Wenn Sie diesen Vertrag widerrufen, haben wir Ihnen alle Zahlungen, die wir von Ihnen erhalten haben, einschlie\u00dflich der Lieferkosten (mit Ausnahme der zus\u00e4tzlichen Kosten, die sich daraus ergeben, dass Sie eine andere Art der Lieferung als die von uns angebotene, g\u00fcnstigste Standardlieferung gew\u00e4hlt haben), unverz\u00fcglich und sp\u00e4testens binnen 14 Tagen ab dem Tag zur\u00fcckzuzahlen, an dem die Mitteilung \u00fcber Ihren Widerruf dieses Vertrags bei uns eingegangen ist.\nF\u00fcr diese R\u00fcckzahlung verwenden wir dasselbe Zahlungsmittel, das Sie bei der urspr\u00fcnglichen Transaktion eingesetzt haben, es sei denn, mit Ihnen wurde ausdr\u00fccklich etwas anderes vereinbart; in keinem Fall werden Ihnen wegen dieser R\u00fcckzahlung Entgelte berechnet. <\/p>\n\n<p>Sie haben die Waren unverz\u00fcglich und in jedem Fall sp\u00e4testens binnen 14 Tagen ab dem Tag, an dem Sie uns \u00fcber den Widerruf dieses Vertrags unterrichten, an uns oder eine von uns beauftragte Person zur\u00fcckzusenden oder zu \u00fcbergeben.\nDie Frist ist gewahrt, wenn Sie die Waren vor Ablauf der 14-Tage-Frist zur\u00fccksenden. <\/p>\n\n<p>Wir k\u00f6nnen mit der R\u00fcckzahlung warten, bis wir die Waren wieder zur\u00fcckerhalten haben oder bis Sie den Nachweis erbracht haben, dass Sie die Waren zur\u00fcckgesandt haben, je nachdem, welches der fr\u00fchere Zeitpunkt ist.<\/p>\n\n<p>Wir tragen die Kosten f\u00fcr die R\u00fccksendung\/Abholung der Waren.<\/p>\n\n<p>Sie m\u00fcssen f\u00fcr einen etwaigen Wertverlust der Waren nur aufkommen, wenn dieser Wertverlust auf einen zur Pr\u00fcfung der Beschaffenheit, Eigenschaften und Funktionsweise der Waren nicht notwendigen Umgang mit ihnen zur\u00fcckzuf\u00fchren ist.<\/p>\n\n<p>Es gibt einige gesetzliche Ausnahmen vom Widerrufsrecht, und einige Artikel k\u00f6nnen daher nicht zur\u00fcckgegeben oder umgetauscht werden.\nWir werden Ihnen mitteilen, ob dies in Ihrem speziellen Fall zutrifft. <\/p>\n\n<h2 class=\"wp-block-heading\">10. Einreichung von Ideen<\/h2>\n\n<p>Senden Sie uns keine Ideen, Erfindungen, urheberrechtlich gesch\u00fctzte Werke oder andere Informationen, die als Ihr eigenes geistiges Eigentum betrachtet werden k\u00f6nnten, es sei denn, wir haben zuvor eine Vereinbarung \u00fcber geistiges Eigentum oder eine Vertraulichkeitsvereinbarung unterzeichnet.\nWenn Sie uns Inhalte ohne eine solche schriftliche Vereinbarung zur Verf\u00fcgung stellen, gew\u00e4hren Sie uns eine weltweite, unwiderrufliche, nicht-exklusive und geb\u00fchrenfreie Lizenz zur Nutzung, Vervielf\u00e4ltigung, Speicherung, Anpassung, Ver\u00f6ffentlichung, \u00dcbersetzung und Verbreitung der Inhalte in allen bestehenden oder zuk\u00fcnftigen Medienformen. <\/p>\n\n<h2 class=\"wp-block-heading\">11. Beendigung der Nutzung<\/h2>\n\n<p>Wir k\u00f6nnen nach eigenem Ermessen jederzeit den Zugang zur Website oder zu einem Dienst auf der Website vor\u00fcbergehend oder dauerhaft \u00e4ndern oder einstellen.\nSie erkl\u00e4ren sich damit einverstanden, dass wir weder Ihnen noch Dritten gegen\u00fcber f\u00fcr eine solche \u00c4nderung, Aussetzung oder Beendigung Ihres Zugriffs auf die Website oder die Nutzung der Website oder von Inhalten, die Sie auf der Website freigegeben haben, haften.\nSie haben keinen Anspruch auf eine Entsch\u00e4digung oder andere Zahlungen, selbst wenn bestimmte Funktionen, Einstellungen und\/oder Inhalte, zu denen Sie beigetragen haben oder auf die Sie sich verlassen haben, dauerhaft verloren gehen.\nSie d\u00fcrfen keine Zugangsbeschr\u00e4nkungsma\u00dfnahmen auf unserer Seite umgehen oder versuchen, diese zu umgehen.   <\/p>\n\n<h2 class=\"wp-block-heading\">12. Garantien und Haftung<\/h2>\n\n<p>Nichts in diesem Artikel soll eine gesetzlich vorgeschriebene Garantie einschr\u00e4nken oder ausschlie\u00dfen, deren Einschr\u00e4nkung oder Ausschluss ungesetzlich w\u00e4re.\nDiese Website und alle Inhalte auf der Website werden auf einer &#8222;wie besehen&#8220; und &#8222;wie verf\u00fcgbar&#8220; Basis bereitgestellt und k\u00f6nnen Ungenauigkeiten oder typografische Fehler enthalten.\nWir lehnen ausdr\u00fccklich alle ausdr\u00fccklichen oder stillschweigenden Garantien f\u00fcr die Verf\u00fcgbarkeit, Richtigkeit oder Vollst\u00e4ndigkeit des Inhalts ab.\nWir garantieren nicht, dass:   <\/p>\n\n<ul class=\"wp-block-list\">\n<li>dass diese Website oder unsere Produkte Ihren Anforderungen entsprechen;<\/li>\n\n\n\n<li>diese Website ununterbrochen, zeitnah, sicher und fehlerfrei zur Verf\u00fcgung steht;<\/li>\n\n\n\n<li>die Qualit\u00e4t der Produkte oder Dienstleistungen, die Sie \u00fcber diese Website kaufen oder erhalten, Ihren Erwartungen entspricht.<\/li>\n<\/ul>\n\n<p>Nichts auf dieser Website ist als rechtliche, finanzielle oder medizinische Beratung jeglicher Art gedacht.\nWenn Sie Rat brauchen, sollten Sie einen Experten konsultieren. <\/p>\n\n<p>Die folgenden Bestimmungen dieses Artikels gelten im gr\u00f6\u00dftm\u00f6glichen Umfang, den das geltende Recht zul\u00e4sst, und schr\u00e4nken unsere Haftung in F\u00e4llen, in denen dies ungesetzlich oder verboten w\u00e4re, nicht ein oder schlie\u00dfen sie aus.\nIn keinem Fall haften wir f\u00fcr direkte oder indirekte Sch\u00e4den (einschlie\u00dflich entgangener Gewinne oder Einnahmen, Verlust oder Besch\u00e4digung von Daten, Software oder Datenbanken, Verlust oder Besch\u00e4digung von Eigentum oder Daten), die Ihnen oder einem Dritten durch Ihren Zugriff auf unsere Website oder deren Nutzung entstehen. <\/p>\n\n<p>Sofern in einem Zusatzvertrag nicht ausdr\u00fccklich etwas anderes vorgesehen ist, ist unsere maximale Haftung Ihnen gegen\u00fcber f\u00fcr alle Sch\u00e4den, die sich aus oder in Verbindung mit der Website oder den \u00fcber die Website vermarkteten oder verkauften Produkten und Dienstleistungen ergeben, unabh\u00e4ngig von der Ursache, aus der eine solche Haftung entstehen w\u00fcrde, auf den Gesamtpreis beschr\u00e4nkt, den Sie uns f\u00fcr den Kauf dieser Produkte oder Dienstleistungen oder die Nutzung der Website gezahlt haben.\nDiese Beschr\u00e4nkung gilt f\u00fcr alle Ihre Anspr\u00fcche jeglicher Art und Natur. <\/p>\n\n<h2 class=\"wp-block-heading\">13. Datenschutz<\/h2>\n\n<p>Um Zugang zu unserer Website und\/oder unseren Diensten zu erhalten, werden Sie m\u00f6glicherweise aufgefordert, im Rahmen des Registrierungsprozesses bestimmte Informationen \u00fcber sich selbst anzugeben.\nSie erkl\u00e4ren sich damit einverstanden, dass alle von Ihnen bereitgestellten Informationen immer genau, korrekt und aktuell sind. <\/p>\n\n<p>Wir nehmen den Umgang mit Ihren pers\u00f6nlichen Daten ernst und verpflichten uns, Ihre Privatsph\u00e4re zu sch\u00fctzen.\nWir werden Ihre E-Mail-Adresse nicht f\u00fcr unaufgeforderte Post verwenden.\nAlle von uns an Sie gesendeten E-Mails werden nur im Zusammenhang mit der Bereitstellung von vereinbarten Produkten oder Dienstleistungen an Sie gesendet.  <\/p>\n\n<p>Wir haben Richtlinien entwickelt, die alle m\u00f6glichen Datenschutzbedenken ber\u00fccksichtigen.\nWeitere Informationen finden Sie in unserer <a href=\"https:\/\/old.nomestic.com\/de\/erklaerung-zum-datenschutz\/\">Datenschutzerkl\u00e4rung<\/a> und unserer <a href=\"https:\/\/old.nomestic.com\/de\/cookie-richtlinie\/\" data-type=\"link\" data-id=\"https:\/\/old.nomestic.com\/cookiebeleid\/\">Cookie-Richtlinie<\/a>. <\/p>\n\n<h2 class=\"wp-block-heading\">14. Exportbeschr\u00e4nkungen \/ Einhaltung von Gesetzen<\/h2>\n\n<p>Der Zugriff auf die Website ist Besuchern aus Gebieten oder L\u00e4ndern verboten, in denen der Inhalt oder der Kauf der auf der Website verkauften Produkte oder Dienstleistungen illegal ist.\nSie d\u00fcrfen diese Website nicht unter Versto\u00df gegen die Exportgesetze und -vorschriften der Niederlande nutzen. <\/p>\n\n<h2 class=\"wp-block-heading\">15. Affiliate Marketing<\/h2>\n\n<p>\u00dcber diese Website k\u00f6nnen wir Affiliate-Marketing betreiben, bei dem wir einen Prozentsatz oder eine Provision f\u00fcr den Verkauf von Dienstleistungen oder Produkten auf oder \u00fcber diese Website erhalten.\nWir k\u00f6nnen auch Sponsoring oder andere Formen der Werbeverg\u00fctung von Unternehmen annehmen.\nDieses Dokument dient dazu, die geltenden gesetzlichen Marketing- und Werbevorschriften einzuhalten, wie z.B. die der US Federal Trade Commission.  <\/p>\n\n<h2 class=\"wp-block-heading\">16. Zuweisung<\/h2>\n\n<p>Ohne unsere vorherige schriftliche Zustimmung d\u00fcrfen Sie Ihre Rechte und\/oder Pflichten aus diesen Bedingungen weder ganz noch teilweise an Dritte abtreten, \u00fcbertragen oder untervergeben.\nJede vermeintliche Abtretung, die gegen diesen Abschnitt verst\u00f6\u00dft, ist nichtig und ung\u00fcltig. <\/p>\n\n<h2 class=\"wp-block-heading\">17. Verst\u00f6\u00dfe gegen diese Bedingungen und Konditionen<\/h2>\n\n<p>Unbeschadet unserer sonstigen Rechte im Rahmen dieser Bedingungen k\u00f6nnen wir im Falle eines Versto\u00dfes gegen diese Bedingungen die uns angemessen erscheinenden Ma\u00dfnahmen ergreifen, einschlie\u00dflich der vor\u00fcbergehenden oder dauerhaften Sperrung Ihres Zugriffs auf die Website, der Kontaktaufnahme mit Ihrem Internetdienstanbieter mit der Bitte, Ihren Zugriff auf die Website zu sperren, und\/oder der Einleitung rechtlicher Schritte gegen Sie.<\/p>\n\n<h2 class=\"wp-block-heading\">18. H\u00f6here Gewalt<\/h2>\n\n<p>Mit Ausnahme der Verpflichtung zur Zahlung eines Geldbetrags gilt keine Verz\u00f6gerung, Unterlassung oder Nichterf\u00fcllung einer der Verpflichtungen einer Partei aus diesen Bedingungen als Versto\u00df gegen diese Bedingungen, wenn und solange eine solche Verz\u00f6gerung, Unterlassung oder Nichterf\u00fcllung auf eine Ursache zur\u00fcckzuf\u00fchren ist, die au\u00dferhalb der zumutbaren Kontrolle der betreffenden Partei liegt.<\/p>\n\n<h2 class=\"wp-block-heading\">19. Entsch\u00e4digung<\/h2>\n\n<p>Sie erkl\u00e4ren sich damit einverstanden, uns von allen Anspr\u00fcchen, Haftungen, Sch\u00e4den, Verlusten und Ausgaben im Zusammenhang mit Ihrem Versto\u00df gegen diese Bedingungen und die geltenden Gesetze, einschlie\u00dflich der Rechte an geistigem Eigentum und der Datenschutzrechte, freizustellen, zu verteidigen und schadlos zu halten.\nSie werden uns unverz\u00fcglich f\u00fcr unsere Sch\u00e4den, Verluste, Kosten und Ausgaben entsch\u00e4digen, die mit solchen Anspr\u00fcchen zusammenh\u00e4ngen oder daraus entstehen. <\/p>\n\n<h2 class=\"wp-block-heading\">20. Verzicht<\/h2>\n\n<p>Das Vers\u00e4umnis, eine der in diesen Bedingungen und in einem anderen Dokument enthaltenen Bestimmungen durchzusetzen, oder das Vers\u00e4umnis, eine K\u00fcndigungsoption auszu\u00fcben, ist nicht als Verzicht oder stillschweigende Zustimmung auszulegen und beeintr\u00e4chtigt nicht die G\u00fcltigkeit dieser Bedingungen oder einer anderen Vereinbarung oder eines Teils davon oder das Recht, sie sp\u00e4ter alle durchzusetzen.<\/p>\n\n<h2 class=\"wp-block-heading\">21. Sprache<\/h2>\n\n<p>Diese Bedingungen werden ausschlie\u00dflich in niederl\u00e4ndischer Sprache ausgelegt und interpretiert.\nDie gesamte Kommunikation und Korrespondenz wird ausschlie\u00dflich in dieser Sprache gef\u00fchrt. <\/p>\n\n<h2 class=\"wp-block-heading\">22. Gesamte Vereinbarung<\/h2>\n\n<p>Diese Allgemeinen Gesch\u00e4ftsbedingungen bilden zusammen mit unserer <a href=\"https:\/\/old.nomestic.com\/de\/erklaerung-zum-datenschutz\/\">Datenschutzerkl\u00e4rung<\/a> und unserer <a href=\"https:\/\/old.nomestic.com\/de\/cookie-richtlinie\/\">Cookie-Richtlinie<\/a> die gesamte Vereinbarung zwischen Ihnen und Nomestic B.V. in Bezug auf die Nutzung dieser Website.<\/p>\n\n<h2 class=\"wp-block-heading\">23. Aktualisierung dieser Bedingungen und Konditionen<\/h2>\n\n<p>Wir k\u00f6nnen diese Bedingungen und Konditionen von Zeit zu Zeit aktualisieren.\nSie sind verpflichtet, diese Bedingungen regelm\u00e4\u00dfig auf \u00c4nderungen oder Aktualisierungen zu \u00fcberpr\u00fcfen.\nDas Datum am Anfang dieser Bedingungen und Konditionen ist das Datum der letzten \u00dcberarbeitung.\n\u00c4nderungen an diesen Bedingungen treten in Kraft, sobald diese \u00c4nderungen auf dieser Website ver\u00f6ffentlicht werden.\nDurch die fortgesetzte Nutzung dieser Website nach der Ver\u00f6ffentlichung von \u00c4nderungen oder Aktualisierungen erkl\u00e4ren Sie sich mit der Einhaltung dieser Bedingungen und Konditionen einverstanden und sind daran gebunden.    <\/p>\n\n<h2 class=\"wp-block-heading\">24. Rechtswahl und Gerichtsbarkeit<\/h2>\n\n<p>Diese Bedingungen unterliegen dem Recht der Niederlande.\nAlle Streitigkeiten im Zusammenhang mit diesen Bedingungen unterliegen der Rechtsprechung der Gerichte in den Niederlanden.\nSollte ein Teil oder eine Bestimmung dieser Bedingungen von einem Gericht oder einer anderen Beh\u00f6rde f\u00fcr ung\u00fcltig und\/oder nicht durchsetzbar befunden werden, wird dieser Teil oder diese Bestimmung so weit wie m\u00f6glich ge\u00e4ndert, gestrichen und\/oder durchgesetzt, um die Absicht dieser Bedingungen zu verwirklichen.\nDie \u00fcbrigen Bestimmungen bleiben hiervon unber\u00fchrt.   <\/p>\n\n<h2 class=\"wp-block-heading\">25. Kontaktinformationen<\/h2>\n\n<p>Diese Website ist Eigentum und wird betrieben von Nomestic B.V.<\/p>\n\n<p>Sie k\u00f6nnen uns \u00fcber unsere <a href=\"https:\/\/old.nomestic.com\/de\/kontaktieren-sie-uns\/\">Kontaktseite<\/a> zu diesen Bedingungen kontaktieren.<\/p>\n\n<h2 class=\"wp-block-heading\"><\/h2>\n","protected":false},"excerpt":{"rendered":"<p>Die Allgemeinen Gesch\u00e4ftsbedingungen wurden zuletzt am 11\/03\/2023 aktualisiert. 1. Einf\u00fchrung Diese Allgemeinen Gesch\u00e4ftsbedingungen gelten f\u00fcr diese Website und f\u00fcr Transaktionen mit unseren Produkten und Dienstleistungen. Im Zusammenhang mit Ihrer Beziehung zu uns oder mit Produkten oder Dienstleistungen, die Sie von uns erhalten, k\u00f6nnen Sie an zus\u00e4tzliche Vertr\u00e4ge gebunden sein. Sollten [&hellip;]<\/p>\n","protected":false},"author":1,"featured_media":0,"parent":0,"menu_order":0,"comment_status":"closed","ping_status":"closed","template":"","meta":{"inline_featured_image":false,"footnotes":""},"class_list":["post-7266","page","type-page","status-publish","hentry"],"_links":{"self":[{"href":"https:\/\/old.nomestic.com\/de\/wp-json\/wp\/v2\/pages\/7266","targetHints":{"allow":["GET"]}}],"collection":[{"href":"https:\/\/old.nomestic.com\/de\/wp-json\/wp\/v2\/pages"}],"about":[{"href":"https:\/\/old.nomestic.com\/de\/wp-json\/wp\/v2\/types\/page"}],"author":[{"embeddable":true,"href":"https:\/\/old.nomestic.com\/de\/wp-json\/wp\/v2\/users\/1"}],"replies":[{"embeddable":true,"href":"https:\/\/old.nomestic.com\/de\/wp-json\/wp\/v2\/comments?post=7266"}],"version-history":[{"count":1,"href":"https:\/\/old.nomestic.com\/de\/wp-json\/wp\/v2\/pages\/7266\/revisions"}],"predecessor-version":[{"id":11177,"href":"https:\/\/old.nomestic.com\/de\/wp-json\/wp\/v2\/pages\/7266\/revisions\/11177"}],"wp:attachment":[{"href":"https:\/\/old.nomestic.com\/de\/wp-json\/wp\/v2\/media?parent=7266"}],"curies":[{"name":"wp","href":"https:\/\/api.w.org\/{rel}","templated":true}]}}