{"id":7247,"date":"2024-01-04T11:14:22","date_gmt":"2024-01-04T10:14:22","guid":{"rendered":"https:\/\/old.nomestic.com\/ueber-uns\/"},"modified":"2025-04-29T21:18:40","modified_gmt":"2025-04-29T20:18:40","slug":"uber-uns","status":"publish","type":"page","link":"https:\/\/old.nomestic.com\/de\/uber-uns\/","title":{"rendered":"\u00dcber Uns"},"content":{"rendered":"\n<div class=\"wp-block-cover is-light\"><img loading=\"lazy\" decoding=\"async\" width=\"2560\" height=\"1705\" class=\"wp-block-cover__image-background wp-image-9892\" alt=\"About Us - Clean Air\" src=\"https:\/\/old.nomestic.com\/wp-content\/uploads\/2024\/11\/about-us-clean-air-1-1.jpg\" data-object-fit=\"cover\" srcset=\"https:\/\/old.nomestic.com\/wp-content\/uploads\/2024\/11\/about-us-clean-air-1-1.jpg 2560w, https:\/\/old.nomestic.com\/wp-content\/uploads\/2024\/11\/about-us-clean-air-1-1-300x200.jpg 300w, https:\/\/old.nomestic.com\/wp-content\/uploads\/2024\/11\/about-us-clean-air-1-1-1024x682.jpg 1024w, https:\/\/old.nomestic.com\/wp-content\/uploads\/2024\/11\/about-us-clean-air-1-1-768x512.jpg 768w, https:\/\/old.nomestic.com\/wp-content\/uploads\/2024\/11\/about-us-clean-air-1-1-1536x1023.jpg 1536w, https:\/\/old.nomestic.com\/wp-content\/uploads\/2024\/11\/about-us-clean-air-1-1-2048x1364.jpg 2048w, https:\/\/old.nomestic.com\/wp-content\/uploads\/2024\/11\/about-us-clean-air-1-1-150x100.jpg 150w, https:\/\/old.nomestic.com\/wp-content\/uploads\/2024\/11\/about-us-clean-air-1-1-1320x879.jpg 1320w, https:\/\/old.nomestic.com\/wp-content\/uploads\/2024\/11\/about-us-clean-air-1-1-450x300.jpg 450w, https:\/\/old.nomestic.com\/wp-content\/uploads\/2024\/11\/about-us-clean-air-1-1-1000x666.jpg 1000w\" sizes=\"auto, (max-width: 2560px) 100vw, 2560px\" \/><span aria-hidden=\"true\" class=\"wp-block-cover__background has-background-dim\" style=\"background-color:#7c94a8\"><\/span><div class=\"wp-block-cover__inner-container is-layout-constrained wp-block-cover-is-layout-constrained\">\n<p class=\"has-text-align-center has-gutenberg-accent-color has-text-color has-link-color has-x-large-font-size wp-elements-08b851e36830a70012d3966b3eed076b\"><strong><mark style=\"background-color:rgba(0, 0, 0, 0)\" class=\"has-inline-color has-gutenberg-accent-color\">Healthier Lives Through Cleaner Air<\/mark><\/strong><\/p>\n<\/div><\/div>\n\n\n\n<section id=\"g-af4patt\" class=\"wp-block-gutentor-m4 section-g-af4patt gutentor-module gutentor-advanced-columns has-color-bg has-custom-bg gutentor-equal-column-height\"><div class=\"grid-container\"><div class=\"grid-row\">\n<div id=\"col-g-60df5k5\" class=\"wp-block-gutentor-m4-col col-g-60df5k5 gutentor-single-column  grid-lg-6 grid-md-12 grid-12\"><div id=\"section-g-60df5k5\" class=\"section-g-60df5k5 gutentor-col-wrap\">\n<div id=\"section-g-um89rg0\" class=\"wp-block-gutentor-e1 section-g-um89rg0 gutentor-element gutentor-element-advanced-text text-align-left-desktop text-align-center-tablet text-align-center-mobile\"><div class=\"gutentor-text-wrap\"><h2 class=\"gutentor-text\">Wer Wir Sind<\/h2><\/div><\/div>\n\n\n\n<div id=\"section-g-5rzfzvh\" class=\"wp-block-gutentor-e1 section-g-5rzfzvh gutentor-element gutentor-element-advanced-text text-align-left-desktop text-align-center-tablet text-align-center-mobile\"><div class=\"gutentor-text-wrap\"><p class=\"gutentor-text\">Nomestic wurde 2021 gegr\u00fcndet und ist ein niederl\u00e4ndisches GreenTech-Startup, das es sich zur Aufgabe gemacht hat, Messger\u00e4te f\u00fcr die Luftqualit\u00e4t in Innenr\u00e4umen (IAQ) so unverzichtbar wie Rauchmelder zu machen. Unser Team aus erfahrenen Ingenieuren, Entwicklern und Pionieren wird von Innovation und dem Engagement f\u00fcr die Gesundheit angetrieben und widmet sich der Entwicklung pr\u00e4ziser und benutzerfreundlicher IAQ-L\u00f6sungen f\u00fcr jedermann.<br><br>Unser Ziel ist es, das Bewusstsein f\u00fcr die Auswirkungen von CO2 und anderen Luftschadstoffen in Innenr\u00e4umen zu sch\u00e4rfen und gleichzeitig eine zug\u00e4ngliche Technologie bereitzustellen, die es den Menschen erm\u00f6glicht, ein ges\u00fcnderes Leben zu f\u00fchren. Wir bei Nomestic bauen nicht einfach nur Ger\u00e4te, sondern wir gestalten eine Zukunft, in der saubere Innenraumluft ein Standard ist und kein Luxus.<\/p><\/div><\/div>\n<\/div><\/div>\n\n\n\n<div id=\"col-g-2ref3mn\" class=\"wp-block-gutentor-m4-col col-g-2ref3mn gutentor-single-column  grid-lg-6 grid-md-12 grid-12\"><div id=\"section-g-2ref3mn\" class=\"section-g-2ref3mn gutentor-col-wrap\">\n<div id=\"section-g-dt55x77\" class=\"wp-block-gutentor-e6 section-g-dt55x77 gutentor-element gutentor-element-image\"><div class=\"gutentor-element-image-box\"><div class=\"gutentor-image-thumb\"><img decoding=\"async\" class=\"normal-image\" src=\"https:\/\/old.nomestic.com\/wp-content\/uploads\/2025\/04\/about-us-who-4-scaled.jpg\" \/><\/div><\/div><\/div>\n<\/div><\/div>\n<\/div><\/div><\/section>\n\n\n\n<section id=\"g-v47b1t9\" class=\"wp-block-gutentor-m4 section-g-v47b1t9 gutentor-module gutentor-advanced-columns has-color-bg has-custom-bg gutentor-equal-column-height\"><div class=\"grid-container\"><div class=\"grid-row\">\n<div id=\"col-g-7o7tr6n\" class=\"wp-block-gutentor-m4-col col-g-7o7tr6n gutentor-single-column  grid-lg-6 grid-md-12 grid-12\"><div id=\"section-g-7o7tr6n\" class=\"section-g-7o7tr6n gutentor-col-wrap\">\n<div id=\"section-g-rhr4aaa\" class=\"wp-block-gutentor-e6 section-g-rhr4aaa gutentor-element gutentor-element-image  d-md-none d-lg-block d-none hieghtzside\"><div class=\"gutentor-element-image-box\"><div class=\"gutentor-image-thumb\"><img decoding=\"async\" class=\"normal-image\" src=\"https:\/\/old.nomestic.com\/wp-content\/uploads\/2025\/04\/about-us-what-5-scaled.jpg\" \/><\/div><\/div><\/div>\n<\/div><\/div>\n\n\n\n<div id=\"col-g-hoxrrhv\" class=\"wp-block-gutentor-m4-col col-g-hoxrrhv gutentor-single-column  grid-lg-6 grid-md-12 grid-12\"><div id=\"section-g-hoxrrhv\" class=\"section-g-hoxrrhv gutentor-col-wrap\">\n<div id=\"section-g-jtrtwzt\" class=\"wp-block-gutentor-e1 section-g-jtrtwzt gutentor-element gutentor-element-advanced-text text-align-left-desktop text-align-center-tablet text-align-center-mobile\"><div class=\"gutentor-text-wrap\"><h2 class=\"gutentor-text\">Wat Wir Tun<\/h2><\/div><\/div>\n\n\n\n<div id=\"section-g-povxep4\" class=\"wp-block-gutentor-e1 section-g-povxep4 gutentor-element gutentor-element-advanced-text text-align-left-desktop text-align-center-tablet text-align-center-mobile\"><div class=\"gutentor-text-wrap\"><p class=\"gutentor-text\">Wir bieten ein umfassendes Sortiment an fortschrittlichen Messger\u00e4ten f\u00fcr die Raumluftqualit\u00e4t, die pr\u00e4zise Echtzeitdaten f\u00fcr ges\u00fcndere Innenr\u00e4ume liefern. Unsere intelligenten Luftqualit\u00e4tsmessger\u00e4te messen genau den CO2-Gehalt sowie andere Schadstoffe wie Temperatur, Luftfeuchtigkeit, Feinstaub (PM2,5, PM10), fl\u00fcchtige organische Verbindungen (TVOC) und verschiedene Gase. Ausgestattet mit hochempfindlichen Sensoren gew\u00e4hrleisten diese Messger\u00e4te eine genaue \u00dcberwachung Ihrer Raumluftqualit\u00e4t.<br><br>Dank ihres intuitiven Designs bieten unsere Messger\u00e4te einen klaren \u00dcberblick \u00fcber Ihr Raumklima, sodass Sie fundierte Entscheidungen zum Schutz Ihrer Gesundheit und des Wohlbefindens Ihrer Mitmenschen treffen k\u00f6nnen. Sie k\u00f6nnen die Luftqualit\u00e4t in Echtzeit \u00fcberwachen und Ihre Umgebung jederzeit verfolgen, sodass Sie jederzeit die volle Kontrolle \u00fcber Ihre Raumluftqualit\u00e4t haben.<\/p><\/div><\/div>\n\n\n\n<div id=\"section-g-v2tw671\" class=\"wp-block-gutentor-e6 section-g-v2tw671 gutentor-element gutentor-element-image d-lg-none\"><div class=\"gutentor-element-image-box\"><div class=\"gutentor-image-thumb\"><img decoding=\"async\" class=\"normal-image\" src=\"https:\/\/old.nomestic.com\/wp-content\/uploads\/2025\/04\/about-us-what-5-scaled.jpg\" \/><\/div><\/div><\/div>\n<\/div><\/div>\n<\/div><\/div><\/section>\n\n\n\n<section id=\"g-l00yx6p\" class=\"wp-block-gutentor-m4 section-g-l00yx6p gutentor-module gutentor-advanced-columns has-color-bg has-custom-bg\"><div class=\"grid-container\"><div class=\"grid-row\">\n<div id=\"col-g-27z1zs6\" class=\"wp-block-gutentor-m4-col col-g-27z1zs6 gutentor-single-column  grid-lg-12 grid-md-12 grid-12\"><div id=\"section-g-27z1zs6\" class=\"section-g-27z1zs6 gutentor-col-wrap\">\n<div id=\"section-g-tol1s2o\" class=\"wp-block-gutentor-e1 section-g-tol1s2o gutentor-element gutentor-element-advanced-text text-align-center-desktop text-align-center-tablet text-align-center-mobile\"><div class=\"gutentor-text-wrap\"><h2 class=\"gutentor-text\">Warum Uns W\u00e4hlen<\/h2><\/div><\/div>\n<\/div><\/div>\n<\/div><\/div><\/section>\n\n\n\n<section id=\"gm0cde5a1\" class=\"wp-block-gutentor-m4 section-gm0cde5a1 gutentor-module gutentor-advanced-columns has-color-bg has-custom-bg\"><div class=\"grid-container\"><div class=\"grid-row\">\n<div id=\"col-gme9a366\" class=\"wp-block-gutentor-m4-col col-gme9a366 gutentor-single-column  grid-lg-4 grid-md-12 grid-12\"><div id=\"section-gme9a366\" class=\"section-gme9a366 gutentor-col-wrap\">\n<div id=\"section-gdf8316\" class=\"wp-block-gutentor-e6 section-gdf8316 gutentor-element gutentor-element-image text-align-center-desktop text-align-center-tablet text-align-center-mobile\"><div class=\"gutentor-element-image-box\"><div class=\"gutentor-image-thumb\"><img decoding=\"async\" class=\"normal-image\" src=\"https:\/\/old.nomestic.com\/wp-content\/uploads\/\/check.svg\" \/><\/div><\/div><\/div>\n\n\n\n<div id=\"section-gc9c2f5\" class=\"wp-block-gutentor-e1 section-gc9c2f5 gutentor-element gutentor-element-advanced-text text-align-center-desktop text-align-center-tablet text-align-center-mobile\"><div class=\"gutentor-text-wrap\"><h3 class=\"gutentor-text\">Gesundheit ist das wichtigste<\/h3><\/div><\/div>\n\n\n\n<div id=\"section-g8a3ecc\" class=\"wp-block-gutentor-e1 section-g8a3ecc gutentor-element gutentor-element-advanced-text text-align-left-desktop text-align-center-tablet text-align-center-mobile\"><div class=\"gutentor-text-wrap\"><p class=\"gutentor-text\">Ihre Gesundheit und Ihr Wohlbefinden haben f\u00fcr uns oberste Priorit\u00e4t. Mit unseren fortschrittlichen Luftqualit\u00e4tsmessger\u00e4ten k\u00f6nnen Sie f\u00fcr sich und Ihre Familie das ges\u00fcndeste und sicherste Raumklima schaffen. Durch die \u00dcberwachung wichtiger Luftqualit\u00e4tsparameter helfen Ihnen unsere L\u00f6sungen, f\u00fcr sauberere und frischere Luft zu sorgen und so Ihre Gesundheit und Ihr allgemeines Wohlbefinden zu f\u00f6rdern.<\/p><\/div><\/div>\n<\/div><\/div>\n\n\n\n<div id=\"col-gm6f7dc4\" class=\"wp-block-gutentor-m4-col col-gm6f7dc4 gutentor-single-column  grid-lg-4 grid-md-12 grid-12\"><div id=\"section-gm6f7dc4\" class=\"section-gm6f7dc4 gutentor-col-wrap\">\n<div id=\"section-g8e5620\" class=\"wp-block-gutentor-e6 section-g8e5620 gutentor-element gutentor-element-image text-align-center-desktop text-align-center-tablet text-align-center-mobile\"><div class=\"gutentor-element-image-box\"><div class=\"gutentor-image-thumb\"><img decoding=\"async\" class=\"normal-image\" src=\"https:\/\/old.nomestic.com\/wp-content\/uploads\/\/light.svg\" \/><\/div><\/div><\/div>\n\n\n\n<div id=\"section-geb9e1b\" class=\"wp-block-gutentor-e1 section-geb9e1b gutentor-element gutentor-element-advanced-text text-align-center-desktop text-align-center-tablet text-align-center-mobile\"><div class=\"gutentor-text-wrap\"><h3 class=\"gutentor-text\">Zuverl\u00e4ssige l\u00f6sungen<\/h3><\/div><\/div>\n\n\n\n<div id=\"section-g5afc73\" class=\"wp-block-gutentor-e1 section-g5afc73 gutentor-element gutentor-element-advanced-text text-align-left-desktop text-align-center-tablet text-align-center-mobile\"><div class=\"gutentor-text-wrap\"><p class=\"gutentor-text\">Wir haben uns der Entwicklung innovativer, zuverl\u00e4ssiger und benutzerfreundlicher L\u00f6sungen verschrieben, die es jedem leicht machen, die Luftqualit\u00e4t in Innenr\u00e4umen zu \u00fcberwachen und zu verbessern. Mit unseren fortschrittlichen Luftqualit\u00e4tsprodukten k\u00f6nnen Sie m\u00fchelos wichtige Luftparameter verfolgen und so f\u00fcr eine ges\u00fcndere und angenehmere Wohn- oder Arbeitsumgebung sorgen.<\/p><\/div><\/div>\n<\/div><\/div>\n\n\n\n<div id=\"col-gmdbd43c\" class=\"wp-block-gutentor-m4-col col-gmdbd43c gutentor-single-column  grid-lg-4 grid-md-12 grid-12\"><div id=\"section-gmdbd43c\" class=\"section-gmdbd43c gutentor-col-wrap\">\n<div id=\"section-g7862ff\" class=\"wp-block-gutentor-e6 section-g7862ff gutentor-element gutentor-element-image text-align-center-desktop text-align-center-tablet text-align-center-mobile\"><div class=\"gutentor-element-image-box\"><div class=\"gutentor-image-thumb\"><img decoding=\"async\" class=\"normal-image\" src=\"https:\/\/old.nomestic.com\/wp-content\/uploads\/\/display2.svg\" \/><\/div><\/div><\/div>\n\n\n\n<div id=\"section-gd5d599\" class=\"wp-block-gutentor-e1 section-gd5d599 gutentor-element gutentor-element-advanced-text text-align-center-desktop text-align-center-tablet text-align-center-mobile\"><div class=\"gutentor-text-wrap\"><h3 class=\"gutentor-text\">Transparenz und integrit\u00e4t<\/h3><\/div><\/div>\n\n\n\n<div id=\"section-g584e3a\" class=\"wp-block-gutentor-e1 section-g584e3a gutentor-element gutentor-element-advanced-text text-align-left-desktop text-align-center-tablet text-align-center-mobile\"><div class=\"gutentor-text-wrap\"><p class=\"gutentor-text\">Wir stehen f\u00fcr Transparenz und Ehrlichkeit bei allem, was wir tun. Unsere Messger\u00e4te f\u00fcr die Luftqualit\u00e4t in Innenr\u00e4umen liefern genaue und zuverl\u00e4ssige Daten, sodass Sie fundierte Entscheidungen \u00fcber Ihr Raumklima treffen k\u00f6nnen. Mit unseren bew\u00e4hrten L\u00f6sungen k\u00f6nnen Sie einen sorgenfreien Wohnraum genie\u00dfen, da Sie wissen, dass Ihre Luftqualit\u00e4t unter Kontrolle ist.<\/p><\/div><\/div>\n<\/div><\/div>\n<\/div><\/div><\/section>\n\n\n\n<section id=\"gm4c2771c\" class=\"wp-block-gutentor-m4 section-gm4c2771c gutentor-module gutentor-advanced-columns has-color-bg has-custom-bg\"><div class=\"grid-container\"><div class=\"grid-row\">\n<div id=\"col-gmdbe36b\" class=\"wp-block-gutentor-m4-col col-gmdbe36b gutentor-single-column  grid-lg-4 grid-md-12 grid-12\"><div id=\"section-gmdbe36b\" class=\"section-gmdbe36b gutentor-col-wrap\">\n<div id=\"section-gbd56cd\" class=\"wp-block-gutentor-e6 section-gbd56cd gutentor-element gutentor-element-image text-align-center-desktop text-align-center-tablet text-align-center-mobile\"><div class=\"gutentor-element-image-box\"><div class=\"gutentor-image-thumb\"><img decoding=\"async\" class=\"normal-image\" src=\"https:\/\/old.nomestic.com\/wp-content\/uploads\/\/refresh-2.svg\" \/><\/div><\/div><\/div>\n\n\n\n<div id=\"section-g3a4029\" class=\"wp-block-gutentor-e1 section-g3a4029 gutentor-element gutentor-element-advanced-text text-align-center-desktop text-align-center-tablet text-align-center-mobile\"><div class=\"gutentor-text-wrap\"><h3 class=\"gutentor-text\">Kontinuierliche verbesserung<\/h3><\/div><\/div>\n\n\n\n<div id=\"section-gefda06\" class=\"wp-block-gutentor-e1 section-gefda06 gutentor-element gutentor-element-advanced-text text-align-left-desktop text-align-center-tablet text-align-center-mobile\"><div class=\"gutentor-text-wrap\"><p class=\"gutentor-text\">Wir sind bestrebt, die Besten in der Branche zu sein. Die kontinuierliche Verbesserung ist das Herzst\u00fcck unserer Mission und treibt uns an, unsere L\u00f6sungen f\u00fcr die Luftqualit\u00e4t zu verfeinern und zu verbessern. Wir sind bestrebt, unseren Kunden die effektivsten und innovativsten Produkte zur Verf\u00fcgung zu stellen, um die ges\u00fcndesten Innenr\u00e4ume zu gew\u00e4hrleisten.<\/p><\/div><\/div>\n<\/div><\/div>\n\n\n\n<div id=\"col-gm629b39\" class=\"wp-block-gutentor-m4-col col-gm629b39 gutentor-single-column  grid-lg-4 grid-md-12 grid-12\"><div id=\"section-gm629b39\" class=\"section-gm629b39 gutentor-col-wrap\">\n<div id=\"section-g052bfb\" class=\"wp-block-gutentor-e6 section-g052bfb gutentor-element gutentor-element-image text-align-center-desktop text-align-center-tablet text-align-center-mobile\"><div class=\"gutentor-element-image-box\"><div class=\"gutentor-image-thumb\"><img decoding=\"async\" class=\"normal-image\" src=\"https:\/\/old.nomestic.com\/wp-content\/uploads\/\/tools.svg\" \/><\/div><\/div><\/div>\n\n\n\n<div id=\"section-g60cf5b\" class=\"wp-block-gutentor-e1 section-g60cf5b gutentor-element gutentor-element-advanced-text text-align-center-desktop text-align-center-tablet text-align-center-mobile\"><div class=\"gutentor-text-wrap\"><h3 class=\"gutentor-text\">Einzelpersonen bef\u00e4higen<\/h3><\/div><\/div>\n\n\n\n<div id=\"section-gdcec3f\" class=\"wp-block-gutentor-e1 section-gdcec3f gutentor-element gutentor-element-advanced-text text-align-left-desktop text-align-center-tablet text-align-center-mobile\"><div class=\"gutentor-text-wrap\"><p class=\"gutentor-text\">Wir glauben an die Kraft der Teamarbeit, um Innovation und Erfolg voranzutreiben. Unser engagiertes Team f\u00f6rdert ein kreatives, unterst\u00fctzendes und sicheres Arbeitsumfeld und stellt sicher, dass wir unseren Kunden au\u00dfergew\u00f6hnliche L\u00f6sungen f\u00fcr eine bessere Luftqualit\u00e4t bieten k\u00f6nnen. Wir sind bestrebt, einen hervorragenden Kundenservice zu bieten und Einzelpersonen zu bef\u00e4higen, ges\u00fcndere und sicherere Innenr\u00e4ume f\u00fcr sich und ihre Familien zu schaffen.<\/p><\/div><\/div>\n<\/div><\/div>\n\n\n\n<div id=\"col-gm670ffa\" class=\"wp-block-gutentor-m4-col col-gm670ffa gutentor-single-column  grid-lg-4 grid-md-12 grid-12\"><div id=\"section-gm670ffa\" class=\"section-gm670ffa gutentor-col-wrap\">\n<div id=\"section-g60e19a\" class=\"wp-block-gutentor-e6 section-g60e19a gutentor-element gutentor-element-image text-align-center-desktop text-align-center-tablet text-align-center-mobile\"><div class=\"gutentor-element-image-box\"><div class=\"gutentor-image-thumb\"><img decoding=\"async\" class=\"normal-image\" src=\"https:\/\/old.nomestic.com\/wp-content\/uploads\/\/users.svg\" \/><\/div><\/div><\/div>\n\n\n\n<div id=\"section-g0119d8\" class=\"wp-block-gutentor-e1 section-g0119d8 gutentor-element gutentor-element-advanced-text text-align-center-desktop text-align-center-tablet text-align-center-mobile\"><div class=\"gutentor-text-wrap\"><h3 class=\"gutentor-text\">Unser engagiertes team<\/h3><\/div><\/div>\n\n\n\n<div id=\"section-g3f7344\" class=\"wp-block-gutentor-e1 section-g3f7344 gutentor-element gutentor-element-advanced-text text-align-left-desktop text-align-center-tablet text-align-center-mobile\"><div class=\"gutentor-text-wrap\"><p class=\"gutentor-text\">Unser erfahrenes und engagiertes Support-Team konzentriert sich auf die Entwicklung zuverl\u00e4ssiger, kosteng\u00fcnstiger Produkte zur \u00dcberwachung der Luftqualit\u00e4t in Innenr\u00e4umen. Wir sind bestrebt, innovative L\u00f6sungen bereitzustellen, die Ihnen dabei helfen, ein ges\u00fcnderes Raumklima zu schaffen und zu erhalten, damit Sie und Ihre Familie sich sicher f\u00fchlen k\u00f6nnen.<\/p><\/div><\/div>\n<\/div><\/div>\n<\/div><\/div><\/section>\n\n\n\n<section id=\"gmf7e4308\" class=\"wp-block-gutentor-m4 section-gmf7e4308 gutentor-module gutentor-advanced-columns has-color-bg has-custom-bg gutentor-equal-column-height\"><div class=\"grid-container\"><div class=\"grid-row\">\n<div id=\"col-gm2c76a5\" class=\"wp-block-gutentor-m4-col col-gm2c76a5 gutentor-single-column  grid-lg-6 grid-md-12 grid-12\"><div id=\"section-gm2c76a5\" class=\"section-gm2c76a5 gutentor-col-wrap\">\n<div id=\"section-g9a6f32\" class=\"wp-block-gutentor-e1 section-g9a6f32 gutentor-element gutentor-element-advanced-text text-align-left-desktop text-align-center-tablet text-align-center-mobile\"><div class=\"gutentor-text-wrap\"><h2 class=\"gutentor-text\">Mission<\/h2><\/div><\/div>\n\n\n\n<div id=\"section-gb85438\" class=\"wp-block-gutentor-e1 section-gb85438 gutentor-element gutentor-element-advanced-text text-align-left-desktop text-align-center-tablet text-align-center-mobile\"><div class=\"gutentor-text-wrap\"><p class=\"gutentor-text\">Unsere Mission ist es, den Lebensstandard und die Arbeitsumgebung zu definieren, indem wir datengest\u00fctzte L\u00f6sungen zur \u00dcberwachung der Luftqualit\u00e4t in Innenr\u00e4umen bereitstellen, um die Gesundheit und Sicherheit zu verbessern, die Treibhausgasemissionen und den Energieverbrauch erheblich zu senken und zu einer nachhaltigen Entwicklung und einem ges\u00fcnderen Planeten beizutragen.<\/p><\/div><\/div>\n<\/div><\/div>\n\n\n\n<div id=\"col-gm1711ac\" class=\"wp-block-gutentor-m4-col col-gm1711ac gutentor-single-column  grid-lg-6 grid-md-12 grid-12\"><div id=\"section-gm1711ac\" class=\"section-gm1711ac gutentor-col-wrap\">\n<div id=\"section-g-bd3w3mc\" class=\"wp-block-gutentor-e6 section-g-bd3w3mc gutentor-element gutentor-element-image\"><div class=\"gutentor-element-image-box\"><div class=\"gutentor-image-thumb\"><img decoding=\"async\" class=\"normal-image\" src=\"https:\/\/old.nomestic.com\/wp-content\/uploads\/2024\/12\/about-us-mission-2.jpg\" alt=\"About Us - Mission\" \/><\/div><\/div><\/div>\n<\/div><\/div>\n<\/div><\/div><\/section>\n\n\n\n<section id=\"gme7c8877\" class=\"wp-block-gutentor-m4 section-gme7c8877 gutentor-module gutentor-advanced-columns has-color-bg has-custom-bg gutentor-equal-column-height\"><div class=\"grid-container\"><div class=\"grid-row\">\n<div id=\"col-gmabae4c\" class=\"wp-block-gutentor-m4-col col-gmabae4c gutentor-single-column  grid-lg-6 grid-md-12 grid-12\"><div id=\"section-gmabae4c\" class=\"section-gmabae4c gutentor-col-wrap\">\n<div id=\"section-g7cbff3\" class=\"wp-block-gutentor-e6 section-g7cbff3 gutentor-element gutentor-element-image  d-md-none d-lg-block d-none hieghtzside\"><div class=\"gutentor-element-image-box\"><div class=\"gutentor-image-thumb\"><img decoding=\"async\" class=\"normal-image\" src=\"https:\/\/old.nomestic.com\/wp-content\/uploads\/2024\/12\/about-us-vission-3.jpg\" alt=\"About Us - Vision\" \/><\/div><\/div><\/div>\n<\/div><\/div>\n\n\n\n<div id=\"col-gmb522bc\" class=\"wp-block-gutentor-m4-col col-gmb522bc gutentor-single-column  grid-lg-6 grid-md-12 grid-12\"><div id=\"section-gmb522bc\" class=\"section-gmb522bc gutentor-col-wrap\">\n<div id=\"section-g8ac297\" class=\"wp-block-gutentor-e1 section-g8ac297 gutentor-element gutentor-element-advanced-text text-align-left-desktop text-align-center-tablet text-align-center-mobile\"><div class=\"gutentor-text-wrap\"><h2 class=\"gutentor-text\">Vision<\/h2><\/div><\/div>\n\n\n\n<div id=\"section-g8a2922\" class=\"wp-block-gutentor-e1 section-g8a2922 gutentor-element gutentor-element-advanced-text text-align-left-desktop text-align-center-tablet text-align-center-mobile\"><div class=\"gutentor-text-wrap\"><p class=\"gutentor-text\">Unsere Vision ist es, Einzelpersonen und Unternehmen in die Lage zu versetzen, die Kontrolle \u00fcber ihre Umweltgesundheit zu \u00fcbernehmen, indem wir ihnen zuverl\u00e4ssige und umfassende Einblicke in die Luftqualit\u00e4t in Innenr\u00e4umen bieten, damit sie fundierte Entscheidungen treffen und die Risiken der Luftverschmutzung in Innenr\u00e4umen reduzieren, ihr pers\u00f6nliches Wohlbefinden verbessern und eine ges\u00fcndere Umwelt erreichen k\u00f6nnen.<br><br><\/p><\/div><\/div>\n\n\n\n<div id=\"section-g32ce9b\" class=\"wp-block-gutentor-e6 section-g32ce9b gutentor-element gutentor-element-image d-lg-none\"><div class=\"gutentor-element-image-box\"><div class=\"gutentor-image-thumb\"><img decoding=\"async\" class=\"normal-image\" src=\"https:\/\/old.nomestic.com\/wp-content\/uploads\/2024\/12\/about-us-vission-3.jpg\" alt=\"About Us - Vision\" \/><\/div><\/div><\/div>\n<\/div><\/div>\n<\/div><\/div><\/section>\n","protected":false},"excerpt":{"rendered":"","protected":false},"author":1,"featured_media":0,"parent":0,"menu_order":0,"comment_status":"closed","ping_status":"closed","template":"template-gutentor-full-width.php","meta":{"inline_featured_image":false,"footnotes":""},"class_list":["post-7247","page","type-page","status-publish","hentry"],"_links":{"self":[{"href":"https:\/\/old.nomestic.com\/de\/wp-json\/wp\/v2\/pages\/7247","targetHints":{"allow":["GET"]}}],"collection":[{"href":"https:\/\/old.nomestic.com\/de\/wp-json\/wp\/v2\/pages"}],"about":[{"href":"https:\/\/old.nomestic.com\/de\/wp-json\/wp\/v2\/types\/page"}],"author":[{"embeddable":true,"href":"https:\/\/old.nomestic.com\/de\/wp-json\/wp\/v2\/users\/1"}],"replies":[{"embeddable":true,"href":"https:\/\/old.nomestic.com\/de\/wp-json\/wp\/v2\/comments?post=7247"}],"version-history":[{"count":18,"href":"https:\/\/old.nomestic.com\/de\/wp-json\/wp\/v2\/pages\/7247\/revisions"}],"predecessor-version":[{"id":14795,"href":"https:\/\/old.nomestic.com\/de\/wp-json\/wp\/v2\/pages\/7247\/revisions\/14795"}],"wp:attachment":[{"href":"https:\/\/old.nomestic.com\/de\/wp-json\/wp\/v2\/media?parent=7247"}],"curies":[{"name":"wp","href":"https:\/\/api.w.org\/{rel}","templated":true}]}}