{"id":7239,"date":"2024-01-04T14:48:20","date_gmt":"2024-01-04T13:48:20","guid":{"rendered":"https:\/\/old.nomestic.com\/zahlungsmoeglichkeiten\/"},"modified":"2024-11-29T12:51:52","modified_gmt":"2024-11-29T11:51:52","slug":"zahlungsmoeglichkeiten","status":"publish","type":"page","link":"https:\/\/old.nomestic.com\/de\/zahlungsmoeglichkeiten\/","title":{"rendered":"Zahlungsm\u00f6glichkeiten"},"content":{"rendered":"\n<p><\/p>\n\n\n\n<p><strong><mark style=\"background-color:rgba(0, 0, 0, 0)\" class=\"has-inline-color has-gutenberg-accent-color\">ZAHLUNGSMETHODEN<\/mark><\/strong><\/p>\n\n\n\n<p>Wir m\u00f6chten Ihnen ein reibungsloses Einkaufserlebnis bieten, indem wir eine Vielzahl sicherer Zahlungsmethoden anbieten. Sie k\u00f6nnen aus den folgenden Optionen w\u00e4hlen:<\/p>\n\n\n\n<ul class=\"wp-block-list\">\n<li>iDeal<\/li>\n\n\n\n<li>Visa<\/li>\n\n\n\n<li>Master<\/li>\n\n\n\n<li>Maestro<\/li>\n\n\n\n<li>American Express<\/li>\n\n\n\n<li>SEPA<\/li>\n\n\n\n<li>Bancontact<\/li>\n\n\n\n<li>SOFORT<\/li>\n\n\n\n<li>Klarna<\/li>\n\n\n\n<li>KBC<\/li>\n\n\n\n<li>Belfius<\/li>\n\n\n\n<li>Giropay<\/li>\n\n\n\n<li>EPS<\/li>\n\n\n\n<li>Apple Pay<\/li>\n\n\n\n<li>Google Pay<\/li>\n<\/ul>\n\n\n\n<p>Bitte beachten Sie, dass wir keine Zahlung per Nachnahme akzeptieren. Zu Ihrer Bequemlichkeit bieten wir mehrere sichere und zuverl\u00e4ssige Zahlungsmethoden an, um Ihren Kauf abzuschlie\u00dfen.<\/p>\n\n\n\n<p>Wir sch\u00e4tzen Ihr Vertrauen in Nomestic sehr und freuen uns darauf, Sie mit den besten Produkten und dem besten Support zu bedienen.<\/p>\n","protected":false},"excerpt":{"rendered":"<p>ZAHLUNGSMETHODEN Wir m\u00f6chten Ihnen ein reibungsloses Einkaufserlebnis bieten, indem wir eine Vielzahl sicherer Zahlungsmethoden anbieten. Sie k\u00f6nnen aus den folgenden Optionen w\u00e4hlen: Bitte beachten Sie, dass wir keine Zahlung per Nachnahme akzeptieren. Zu Ihrer Bequemlichkeit bieten wir mehrere sichere und zuverl\u00e4ssige Zahlungsmethoden an, um Ihren Kauf abzuschlie\u00dfen. Wir sch\u00e4tzen Ihr [&hellip;]<\/p>\n","protected":false},"author":1,"featured_media":0,"parent":0,"menu_order":0,"comment_status":"closed","ping_status":"closed","template":"","meta":{"inline_featured_image":false,"footnotes":""},"class_list":["post-7239","page","type-page","status-publish","hentry"],"_links":{"self":[{"href":"https:\/\/old.nomestic.com\/de\/wp-json\/wp\/v2\/pages\/7239","targetHints":{"allow":["GET"]}}],"collection":[{"href":"https:\/\/old.nomestic.com\/de\/wp-json\/wp\/v2\/pages"}],"about":[{"href":"https:\/\/old.nomestic.com\/de\/wp-json\/wp\/v2\/types\/page"}],"author":[{"embeddable":true,"href":"https:\/\/old.nomestic.com\/de\/wp-json\/wp\/v2\/users\/1"}],"replies":[{"embeddable":true,"href":"https:\/\/old.nomestic.com\/de\/wp-json\/wp\/v2\/comments?post=7239"}],"version-history":[{"count":1,"href":"https:\/\/old.nomestic.com\/de\/wp-json\/wp\/v2\/pages\/7239\/revisions"}],"predecessor-version":[{"id":11245,"href":"https:\/\/old.nomestic.com\/de\/wp-json\/wp\/v2\/pages\/7239\/revisions\/11245"}],"wp:attachment":[{"href":"https:\/\/old.nomestic.com\/de\/wp-json\/wp\/v2\/media?parent=7239"}],"curies":[{"name":"wp","href":"https:\/\/api.w.org\/{rel}","templated":true}]}}