{"id":7203,"date":"2023-12-28T13:29:51","date_gmt":"2023-12-28T12:29:51","guid":{"rendered":"https:\/\/old.nomestic.com\/garantie\/"},"modified":"2024-11-29T13:37:50","modified_gmt":"2024-11-29T12:37:50","slug":"garantie","status":"publish","type":"page","link":"https:\/\/old.nomestic.com\/de\/garantie\/","title":{"rendered":"Garantie"},"content":{"rendered":"\n<p><\/p>\n\n\n\n<p><strong><mark style=\"background-color:rgba(0, 0, 0, 0)\" class=\"has-inline-color has-gutenberg-accent-color\">GARANTIE<\/mark><\/strong><\/p>\n\n\n\n<p>Alle im Nomestic-Webshop gekauften Produkte werden mit einer gesetzlichen 2-Jahres-Garantie geliefert, die Zuverl\u00e4ssigkeit und Qualit\u00e4t gew\u00e4hrleistet, der Sie vertrauen k\u00f6nnen. Unsere Produkte sind so konzipiert, dass sie Ihre Erwartungen erf\u00fcllen und wie vorgesehen funktionieren, sodass Sie bei jedem Kauf ein gutes Gef\u00fchl haben.<\/p>\n\n\n\n<p>Wenn Ihr Produkt innerhalb der Garantiezeit ohne Ihr Verschulden einen Defekt aufweist, sind wir f\u00fcr Sie da. Senden Sie uns einfach eine Beschreibung des Problems zusammen mit einem Foto oder Video des Defekts und Ihrer Bestellnummer, und wir werden mit Ihnen zusammenarbeiten, um die beste L\u00f6sung zu finden. Ihre Zufriedenheit ist unsere Priorit\u00e4t!<\/p>\n\n\n\n<p>Obwohl wir uns bem\u00fchen, den besten Service zu bieten, sind einige Umst\u00e4nde logischerweise von der Garantie ausgeschlossen, wie z. B.:<\/p>\n\n\n\n<ul class=\"wp-block-list\">\n<li><strong>Unsachgem\u00e4\u00dfe Verwendung:<\/strong> Defekte oder Sch\u00e4den, die durch unsachgem\u00e4\u00dfe Verwendung des Produkts verursacht wurden.<\/li>\n\n\n\n<li><strong>Vors\u00e4tzliche Besch\u00e4digung oder Fahrl\u00e4ssigkeit:<\/strong> Dies umfasst Sch\u00e4den durch St\u00fcrze, Wassereinwirkung, St\u00f6\u00dfe oder au\u00dfergew\u00f6hnliche Abnutzung.<\/li>\n\n\n\n<li><strong>Ver\u00e4nderter Produktzustand:<\/strong> Produkte, die sich aufgrund von nicht autorisierten Reparaturen, unsachgem\u00e4\u00dfer Installation oder \u00c4nderungen durch Dritte nicht mehr im Originalzustand befinden.<\/li>\n<\/ul>\n\n\n\n<p><strong><strong>Unterst\u00fctzung f\u00fcr Produkte au\u00dferhalb der Garantiezeit<\/strong><\/strong><br>Wenn Ihr Produkt nicht mehr unter die Garantie f\u00e4llt, Sie aber dennoch Probleme haben, z\u00f6gern Sie nicht, uns zu kontaktieren. Unser Team ist bestrebt, Ihnen zu helfen, und wird alles tun, um das Problem zu l\u00f6sen. Ihre Zufriedenheit ist uns wichtig!<\/p>\n","protected":false},"excerpt":{"rendered":"<p>GARANTIE Alle im Nomestic-Webshop gekauften Produkte werden mit einer gesetzlichen 2-Jahres-Garantie geliefert, die Zuverl\u00e4ssigkeit und Qualit\u00e4t gew\u00e4hrleistet, der Sie vertrauen k\u00f6nnen. Unsere Produkte sind so konzipiert, dass sie Ihre Erwartungen erf\u00fcllen und wie vorgesehen funktionieren, sodass Sie bei jedem Kauf ein gutes Gef\u00fchl haben. Wenn Ihr Produkt innerhalb der Garantiezeit [&hellip;]<\/p>\n","protected":false},"author":1,"featured_media":0,"parent":0,"menu_order":0,"comment_status":"closed","ping_status":"closed","template":"","meta":{"inline_featured_image":false,"footnotes":""},"class_list":["post-7203","page","type-page","status-publish","hentry"],"_links":{"self":[{"href":"https:\/\/old.nomestic.com\/de\/wp-json\/wp\/v2\/pages\/7203","targetHints":{"allow":["GET"]}}],"collection":[{"href":"https:\/\/old.nomestic.com\/de\/wp-json\/wp\/v2\/pages"}],"about":[{"href":"https:\/\/old.nomestic.com\/de\/wp-json\/wp\/v2\/types\/page"}],"author":[{"embeddable":true,"href":"https:\/\/old.nomestic.com\/de\/wp-json\/wp\/v2\/users\/1"}],"replies":[{"embeddable":true,"href":"https:\/\/old.nomestic.com\/de\/wp-json\/wp\/v2\/comments?post=7203"}],"version-history":[{"count":2,"href":"https:\/\/old.nomestic.com\/de\/wp-json\/wp\/v2\/pages\/7203\/revisions"}],"predecessor-version":[{"id":11276,"href":"https:\/\/old.nomestic.com\/de\/wp-json\/wp\/v2\/pages\/7203\/revisions\/11276"}],"wp:attachment":[{"href":"https:\/\/old.nomestic.com\/de\/wp-json\/wp\/v2\/media?parent=7203"}],"curies":[{"name":"wp","href":"https:\/\/api.w.org\/{rel}","templated":true}]}}