{"id":7185,"date":"2023-12-28T13:28:41","date_gmt":"2023-12-28T12:28:41","guid":{"rendered":"https:\/\/old.nomestic.com\/lieferung\/"},"modified":"2024-11-29T13:32:53","modified_gmt":"2024-11-29T12:32:53","slug":"lieferung","status":"publish","type":"page","link":"https:\/\/old.nomestic.com\/de\/lieferung\/","title":{"rendered":"Lieferung"},"content":{"rendered":"\n<p><strong><mark style=\"background-color:rgba(0, 0, 0, 0)\" class=\"has-inline-color has-gutenberg-accent-color\">LIEFERUNG<\/mark><\/strong><\/p>\n\n\n\n<ul class=\"wp-block-list\">\n<li><strong>Niederlande und Belgien:<\/strong> Bestellungen, die an Werktagen vor 17:00 Uhr aufgegeben werden, werden am n\u00e4chsten Werktag geliefert.<\/li>\n<\/ul>\n\n\n\n<ul class=\"wp-block-list\">\n<li><strong>Deutschland und Frankreich: <\/strong>Bestellungen, die werktags vor 17:00 Uhr aufgegeben werden, werden innerhalb von 1\u20133 Werktagen geliefert.<\/li>\n<\/ul>\n\n\n\n<ul class=\"wp-block-list\">\n<li><strong>Andere L\u00e4nder:<\/strong> F\u00fcr Lieferzeiten au\u00dferhalb der Niederlande und Belgiens wenden Sie sich bitte <a href=\"https:\/\/old.nomestic.com\/de\/kontakt-uns\/\" target=\"_blank\" rel=\"noreferrer noopener\"><span style=\"text-decoration: underline;\">an unseren Kundendienst<\/span><\/a>, um genaue Informationen zu erhalten.<\/li>\n<\/ul>\n\n\n\n<p><strong><mark style=\"background-color:rgba(0, 0, 0, 0)\" class=\"has-inline-color has-gutenberg-accent-color\">Lieferprozess<\/mark><\/strong><\/p>\n\n\n\n<p><strong>Niederlande und Belgien:<\/strong><\/p>\n\n\n\n<figure class=\"wp-block-table\"><table class=\"has-fixed-layout\"><tbody><tr><td>Bestellung werktags bis 17:00 Uhr aufgegeben<\/td><td>Zustellung am n\u00e4chsten Tag<\/td><\/tr><tr><td>Bestellung am Samstag und Sonntag aufgegeben<\/td><td>Lieferung am Dienstag<\/td><\/tr><tr><td>Bestellung an Feiertagen aufgegeben<\/td><td>1 Tag nach dem n\u00e4chsten Werktag<\/td><\/tr><\/tbody><\/table><\/figure>\n\n\n\n<p><strong>Germany and France:<\/strong><\/p>\n\n\n\n<figure class=\"wp-block-table\"><table class=\"has-fixed-layout\"><tbody><tr><td>Bestellung werktags bis 17:00 Uhr aufgegeben<\/td><td>Lieferung in 1-3 Werktagen<\/td><\/tr><tr><td>Bestellung am Samstag und Sonntag aufgegeben<\/td><td>Lieferung in 1-3 Werktagen ab Montag<\/td><\/tr><tr><td>Bestellung an Feiertagen aufgegeben<\/td><td>Lieferung in 1-3 Werktagen nach dem n\u00e4chsten Werktag<\/td><\/tr><\/tbody><\/table><\/figure>\n\n\n\n<p><strong>Other Countries in Europe:<\/strong><\/p>\n\n\n\n<figure class=\"wp-block-table\"><table class=\"has-fixed-layout\"><tbody><tr><td>Bestellung werktags bis 17:00 Uhr aufgegeben<\/td><td>Lieferung in 2-5 Werktagen<\/td><\/tr><tr><td>Bestellung am Samstag und Sonntag aufgegeben<\/td><td>Lieferung in 2-5 Werktagen ab Montag<\/td><\/tr><tr><td>Bestellung an Feiertagen aufgegeben<\/td><td>Lieferung in 2-5 Werktagen nach dem n\u00e4chsten Werktag<\/td><\/tr><\/tbody><\/table><\/figure>\n\n\n\n<p><strong>L\u00e4nder au\u00dferhalb Europas:<\/strong> Bitte <a href=\"https:\/\/old.nomestic.com\/de\/kontakt-uns\/\" target=\"_blank\" rel=\"noreferrer noopener\"><span style=\"text-decoration: underline;\">wenden Sie sich an unseren Kundendienst<\/span><\/a>, um genaue Informationen zu erhalten.<\/p>\n\n\n\n<p><strong><mark style=\"background-color:rgba(0, 0, 0, 0)\" class=\"has-inline-color has-gutenberg-accent-color\">Versandkosten f\u00fcr Bestellungen unter 120 \u20ac<\/mark><\/strong><\/p>\n\n\n\n<figure class=\"wp-block-table\"><table class=\"has-fixed-layout\"><tbody><tr><td>Niederlande, Belgien, Deutschland und Frankreich<\/td><td>\u20ac4.95<\/td><\/tr><tr><td>Andere L\u00e4nder<\/td><td>Bitte <a href=\"https:\/\/old.nomestic.com\/de\/kontakt-uns\/\" target=\"_blank\" rel=\"noreferrer noopener\"><span style=\"text-decoration: underline;\">wenden Sie sich an unser Kundendienstteam<\/span><\/a>, um genaue Informationen zu erhalten.<\/td><\/tr><\/tbody><\/table><\/figure>\n\n\n\n<p><strong><mark style=\"background-color:rgba(0, 0, 0, 0)\" class=\"has-inline-color has-gutenberg-accent-color\">Wichtiger Hinweis: Zoll- und Einfuhrgeb\u00fchren<\/mark><\/strong><\/p>\n\n\n\n<ul class=\"wp-block-list\">\n<li><strong>Zollverz\u00f6gerungen:<\/strong> Nomestic ist nicht verantwortlich f\u00fcr Verz\u00f6gerungen, die durch Zollverfahren im Empf\u00e4ngerland verursacht werden.<\/li>\n<\/ul>\n\n\n\n<ul class=\"wp-block-list\">\n<li><strong>Einfuhrsteuern und -geb\u00fchren:<\/strong> Empf\u00e4nger m\u00fcssen bei Lieferung m\u00f6glicherweise Einfuhrsteuern, Zollgeb\u00fchren oder zus\u00e4tzliche Geb\u00fchren zahlen. Diese Geb\u00fchren liegen au\u00dferhalb der Kontrolle von Nomestic und m\u00fcssen vom Empf\u00e4nger \u00fcbernommen werden.<\/li>\n<\/ul>\n\n\n\n<p><strong><mark style=\"background-color:rgba(0, 0, 0, 0)\" class=\"has-inline-color has-gutenberg-accent-color\">Adress\u00e4nderung<\/mark><\/strong><\/p>\n\n\n\n<ul class=\"wp-block-list\">\n<li><strong>Vor der Bestellung:<\/strong> Sie k\u00f6nnen Ihre Adresse ganz einfach in Ihren Kontoeinstellungen aktualisieren.<\/li>\n<\/ul>\n\n\n\n<ul class=\"wp-block-list\">\n<li><strong>Nach Aufgabe einer Bestellung:<\/strong> Wenn Ihre Bestellung bereits aufgegeben wurde, wenden Sie sich bitte umgehend an unseren Kundendienst. Wir werden unser Bestes tun, um die Adresse zu aktualisieren, bevor Ihre Bestellung bearbeitet wird.<\/li>\n<\/ul>\n\n\n\n<p><strong><mark style=\"background-color:rgba(0, 0, 0, 0)\" class=\"has-inline-color has-gutenberg-accent-color\">Sendungsverfolgung<\/mark><\/strong><\/p>\n\n\n\n<p>Sobald Ihr Paket unser Verteilzentrum verl\u00e4sst, erhalten Sie eine E-Mail mit einem Track &amp; Trace-Code, mit dem Sie den Weg des Pakets bis zu Ihnen verfolgen k\u00f6nnen.<\/p>\n\n\n\n<p><\/p>\n","protected":false},"excerpt":{"rendered":"<p>LIEFERUNG Lieferprozess Niederlande und Belgien: Bestellung werktags bis 17:00 Uhr aufgegeben Zustellung am n\u00e4chsten Tag Bestellung am Samstag und Sonntag aufgegeben Lieferung am Dienstag Bestellung an Feiertagen aufgegeben 1 Tag nach dem n\u00e4chsten Werktag Germany and France: Bestellung werktags bis 17:00 Uhr aufgegeben Lieferung in 1-3 Werktagen Bestellung am Samstag [&hellip;]<\/p>\n","protected":false},"author":1,"featured_media":0,"parent":0,"menu_order":0,"comment_status":"closed","ping_status":"closed","template":"","meta":{"inline_featured_image":false,"footnotes":""},"class_list":["post-7185","page","type-page","status-publish","hentry"],"_links":{"self":[{"href":"https:\/\/old.nomestic.com\/de\/wp-json\/wp\/v2\/pages\/7185","targetHints":{"allow":["GET"]}}],"collection":[{"href":"https:\/\/old.nomestic.com\/de\/wp-json\/wp\/v2\/pages"}],"about":[{"href":"https:\/\/old.nomestic.com\/de\/wp-json\/wp\/v2\/types\/page"}],"author":[{"embeddable":true,"href":"https:\/\/old.nomestic.com\/de\/wp-json\/wp\/v2\/users\/1"}],"replies":[{"embeddable":true,"href":"https:\/\/old.nomestic.com\/de\/wp-json\/wp\/v2\/comments?post=7185"}],"version-history":[{"count":5,"href":"https:\/\/old.nomestic.com\/de\/wp-json\/wp\/v2\/pages\/7185\/revisions"}],"predecessor-version":[{"id":11269,"href":"https:\/\/old.nomestic.com\/de\/wp-json\/wp\/v2\/pages\/7185\/revisions\/11269"}],"wp:attachment":[{"href":"https:\/\/old.nomestic.com\/de\/wp-json\/wp\/v2\/media?parent=7185"}],"curies":[{"name":"wp","href":"https:\/\/api.w.org\/{rel}","templated":true}]}}