{"id":7168,"date":"2023-12-28T13:28:01","date_gmt":"2023-12-28T12:28:01","guid":{"rendered":"https:\/\/old.nomestic.com\/rueckkehr\/"},"modified":"2024-11-29T12:56:41","modified_gmt":"2024-11-29T11:56:41","slug":"zuruck","status":"publish","type":"page","link":"https:\/\/old.nomestic.com\/de\/zuruck\/","title":{"rendered":"Zur\u00fcck"},"content":{"rendered":"\n<p><\/p>\n\n\n\n<p><strong><mark style=\"background-color:rgba(0, 0, 0, 0)\" class=\"has-inline-color has-gutenberg-accent-color\">ZUR\u00dcCK<\/mark><\/strong><\/p>\n\n\n\n<p>Wir sind bestrebt, Sie bei jeder Bestellung voll und ganz zufriedenzustellen. Genau wie beim Einkauf in einem physischen Gesch\u00e4ft haben Sie die M\u00f6glichkeit, Ihren Kauf zu Hause zu bewerten und zu entscheiden, ob Sie ihn behalten m\u00f6chten.<\/p>\n\n\n\n<ul class=\"wp-block-list\">\n<li>Sie haben das Recht, Ihre Bestellung innerhalb von 14 Tagen nach Erhalt ohne Angabe von Gr\u00fcnden zu stornieren.<\/li>\n<\/ul>\n\n\n\n<ul class=\"wp-block-list\">\n<li>Nach Stornierung Ihrer Bestellung haben Sie weitere 14 Tage Zeit, um das Produkt zur\u00fcckzusenden.<\/li>\n<\/ul>\n\n\n\n<ul class=\"wp-block-list\">\n<li>Die Kosten f\u00fcr die R\u00fccksendung von Ihrem Wohnort zu unserem Standort gehen zu Lasten des Kunden. <strong>Diese Kosten betragen <strong>\u20ac<\/strong>6,95 pro Paket.<\/strong><\/li>\n<\/ul>\n\n\n\n<ul class=\"wp-block-list\">\n<li>Wenn Sie von Ihrem Widerrufsrecht Gebrauch machen m\u00f6chten, senden Sie das Produkt bitte zusammen mit allen gelieferten Zubeh\u00f6rteilen und, wenn m\u00f6glich, im Originalzustand und in der Originalverpackung an Nomestic zur\u00fcck.<\/li>\n<\/ul>\n\n\n\n<ul class=\"wp-block-list\">\n<li>Sobald wir Ihr zur\u00fcckgesendetes Produkt in gutem Zustand erhalten haben, werden wir Ihre R\u00fcckerstattung bearbeiten und den Bestellbetrag (ohne Versandkosten) innerhalb von 14 Tagen nach Benachrichtigung \u00fcber Ihre R\u00fccksendung gutschreiben.<\/li>\n<\/ul>\n\n\n\n<ul class=\"wp-block-list\">\n<li>Wenn das Produkt oder seine Verpackung \u00fcber das f\u00fcr die Pr\u00fcfung erforderliche Ma\u00df hinaus besch\u00e4digt ist, k\u00f6nnen wir die daraus resultierende Wertminderung von Ihrer R\u00fcckerstattung abziehen.<\/li>\n<\/ul>\n\n\n\n<ul class=\"wp-block-list\">\n<li>Bitte gehen Sie mit dem Produkt sorgf\u00e4ltig um und stellen Sie sicher, dass es bei der R\u00fccksendung ordnungsgem\u00e4\u00df verpackt ist.<\/li>\n<\/ul>\n\n\n\n<p><\/p>\n\n\n\n<p><strong><mark style=\"background-color:rgba(0, 0, 0, 0)\" class=\"has-inline-color has-gutenberg-accent-color\">Process<\/mark><\/strong><\/p>\n\n\n\n<ul class=\"wp-block-list\">\n<li><strong><strong>Senden Sie vor Beginn des R\u00fcckversandprozesses eine E-Mail an support@old.nomestic.com, um eine ordnungsgem\u00e4\u00dfe Bearbeitung und Unterst\u00fctzung sicherzustellen.<\/strong><\/strong><\/li>\n<\/ul>\n\n\n\n<ul class=\"wp-block-list\">\n<li>Stellen Sie sicher, dass Ihre R\u00fccksendung sicher und ordnungsgem\u00e4\u00df verpackt ist, idealerweise in der Originalverpackung.<\/li>\n<\/ul>\n\n\n\n<ul class=\"wp-block-list\">\n<li>Klicken Sie auf den Link &#8222;Sendungsverfolgung&#8220;, der in der letzten E-Mail angegeben ist, um auf das Portal zuzugreifen.<\/li>\n<\/ul>\n\n\n\n<div id=\"section-g-lego592\" class=\"wp-block-gutentor-e6 section-g-lego592 gutentor-element gutentor-element-image\"><div class=\"gutentor-element-image-box\"><div class=\"gutentor-image-thumb\"><img decoding=\"async\" class=\"normal-image\" src=\"https:\/\/old.nomestic.com\/wp-content\/uploads\/2024\/10\/return_en-935x1024.png\" \/><\/div><\/div><\/div>\n\n\n\n<p><\/p>\n\n\n\n<ul class=\"wp-block-list\">\n<li>Scrollen Sie zum Ende der Seite, um den Link zur R\u00fccksendeseite zu finden.<\/li>\n<\/ul>\n\n\n\n<ul class=\"wp-block-list\">\n<li>Drucken Sie das Versandetikett aus und kleben Sie es auf den Versandkarton.<\/li>\n<\/ul>\n\n\n\n<ul class=\"wp-block-list\">\n<li>Bringen Sie Ihr Paket zu einer Abgabestelle des auf Ihrem R\u00fccksendeetikett angegebenen Versandunternehmens.<\/li>\n<\/ul>\n\n\n\n<p><\/p>\n","protected":false},"excerpt":{"rendered":"<p>ZUR\u00dcCK Wir sind bestrebt, Sie bei jeder Bestellung voll und ganz zufriedenzustellen. Genau wie beim Einkauf in einem physischen Gesch\u00e4ft haben Sie die M\u00f6glichkeit, Ihren Kauf zu Hause zu bewerten und zu entscheiden, ob Sie ihn behalten m\u00f6chten. Process<\/p>\n","protected":false},"author":1,"featured_media":0,"parent":0,"menu_order":0,"comment_status":"closed","ping_status":"closed","template":"","meta":{"inline_featured_image":false,"footnotes":""},"class_list":["post-7168","page","type-page","status-publish","hentry"],"_links":{"self":[{"href":"https:\/\/old.nomestic.com\/de\/wp-json\/wp\/v2\/pages\/7168","targetHints":{"allow":["GET"]}}],"collection":[{"href":"https:\/\/old.nomestic.com\/de\/wp-json\/wp\/v2\/pages"}],"about":[{"href":"https:\/\/old.nomestic.com\/de\/wp-json\/wp\/v2\/types\/page"}],"author":[{"embeddable":true,"href":"https:\/\/old.nomestic.com\/de\/wp-json\/wp\/v2\/users\/1"}],"replies":[{"embeddable":true,"href":"https:\/\/old.nomestic.com\/de\/wp-json\/wp\/v2\/comments?post=7168"}],"version-history":[{"count":3,"href":"https:\/\/old.nomestic.com\/de\/wp-json\/wp\/v2\/pages\/7168\/revisions"}],"predecessor-version":[{"id":11248,"href":"https:\/\/old.nomestic.com\/de\/wp-json\/wp\/v2\/pages\/7168\/revisions\/11248"}],"wp:attachment":[{"href":"https:\/\/old.nomestic.com\/de\/wp-json\/wp\/v2\/media?parent=7168"}],"curies":[{"name":"wp","href":"https:\/\/api.w.org\/{rel}","templated":true}]}}