{"id":7148,"date":"2023-12-28T09:59:00","date_gmt":"2023-12-28T08:59:00","guid":{"rendered":"https:\/\/old.nomestic.com\/vorteile\/"},"modified":"2024-12-19T03:05:50","modified_gmt":"2024-12-19T02:05:50","slug":"vorteile-uberwachung-innen-luftqualitat","status":"publish","type":"page","link":"https:\/\/old.nomestic.com\/de\/vorteile-uberwachung-innen-luftqualitat\/","title":{"rendered":"Vorteile"},"content":{"rendered":"\n<section id=\"gm90e66dc\" class=\"wp-block-gutentor-m4 section-gm90e66dc gutentor-module gutentor-advanced-columns has-image-bg has-custom-bg g-valign-c-mobile g-valign-c-tablet g-valign-c-desktop header-hero-dom-thuis\"><div class=\"grid-container\"><div class=\"grid-row\">\n<div id=\"col-gm733311\" class=\"wp-block-gutentor-m4-col col-gm733311 gutentor-single-column  grid-lg-12 grid-md-12 grid-12\"><div id=\"section-gm733311\" class=\"section-gm733311 gutentor-col-wrap\"><\/div><\/div>\n<\/div><\/div><\/section>\n\n\n\n<section id=\"gm1e269e9\" class=\"wp-block-gutentor-m4 section-gm1e269e9 gutentor-module gutentor-advanced-columns has-color-bg has-custom-bg\"><div class=\"grid-container\"><div class=\"grid-row\">\n<div id=\"col-gm772a7b\" class=\"wp-block-gutentor-m4-col col-gm772a7b gutentor-single-column  grid-lg-12 grid-md-12 grid-12\"><div id=\"section-gm772a7b\" class=\"section-gm772a7b gutentor-col-wrap\">\n<section id=\"gmbd8638f\" class=\"wp-block-gutentor-m4 section-gmbd8638f gutentor-module gutentor-advanced-columns has-color-bg has-custom-bg\"><div class=\"grid-container gutentor-rm-ct-space-t gutentor-rm-ct-space\"><div class=\"grid-row\">\n<div id=\"col-gm569fab\" class=\"wp-block-gutentor-m4-col col-gm569fab gutentor-single-column  grid-lg-12 grid-md-12 grid-12\"><div id=\"section-gm569fab\" class=\"section-gm569fab gutentor-col-wrap\">\n<div id=\"section-g89bec0\" class=\"wp-block-gutentor-e1 section-g89bec0 gutentor-element gutentor-element-advanced-text text-align-left-desktop text-align-center-tablet text-align-center-mobile head-title\"><div class=\"gutentor-text-wrap\"><h2 class=\"gutentor-text\">Ein Gesundes Leben in Einem Gesunden Zuhause mit Frischerer und Sauberer Luft<\/h2><\/div><\/div>\n\n\n\n<div id=\"section-gcb32f7\" class=\"wp-block-gutentor-e1 section-gcb32f7 gutentor-element gutentor-element-advanced-text text-align-left-desktop text-align-center-tablet text-align-center-mobile\"><div class=\"gutentor-text-wrap\"><p class=\"gutentor-text\">Ihr Wohlbefinden und das Ihrer Familie sollten immer an erster Stelle stehen. Sorgen Sie f\u00fcr einen sichereren und ges\u00fcnderen Lebensraum, indem Sie in Ihrem gesamten Zuhause f\u00fcr frische, saubere Luft sorgen. Mit den Luftqualit\u00e4tsl\u00f6sungen von Nomestic k\u00f6nnen Sie die Luftqualit\u00e4t in Innenr\u00e4umen \u00fcberwachen und verbessern und so ganz einfach eine gesunde Wohnumgebung schaffen. Atmen Sie leichter und leben Sie besser mit frischer Luft, die die Gesundheit und Sicherheit aller in Ihrem Zuhause unterst\u00fctzt.<\/p><\/div><\/div>\n<\/div><\/div>\n<\/div><\/div><\/section>\n<\/div><\/div>\n<\/div><\/div><\/section>\n\n\n\n<section id=\"gm161a6d2\" class=\"wp-block-gutentor-m4 section-gm161a6d2 gutentor-module gutentor-advanced-columns has-color-bg has-custom-bg gutentor-equal-column-height\"><div class=\"grid-container\"><div class=\"grid-row\">\n<div id=\"col-gm4beca7\" class=\"wp-block-gutentor-m4-col col-gm4beca7 gutentor-single-column  grid-lg-6 grid-md-12 grid-12\"><div id=\"section-gm4beca7\" class=\"section-gm4beca7 gutentor-col-wrap\">\n<div id=\"section-gfdec52\" class=\"wp-block-gutentor-e1 section-gfdec52 gutentor-element gutentor-element-advanced-text\"><div class=\"gutentor-text-wrap\"><h2 class=\"gutentor-text\">Ein unsichtbares Problem: Luftverschmutzung in Innenr\u00e4umen und ihre versteckten Gefahren<\/h2><\/div><\/div>\n\n\n\n<div id=\"section-gf6503b\" class=\"wp-block-gutentor-e1 section-gf6503b gutentor-element gutentor-element-advanced-text\"><div class=\"gutentor-text-wrap\"><h4 class=\"gutentor-text\">Wussten Sie, dass wir bis zu 90 % unseres Lebens in Innenr\u00e4umen verbringen und dabei oft schlechte Luft einatmen?<\/h4><\/div><\/div>\n\n\n\n<div id=\"section-g4a6887\" class=\"wp-block-gutentor-e1 section-g4a6887 gutentor-element gutentor-element-advanced-text\"><div class=\"gutentor-text-wrap\"><p class=\"gutentor-text\"><br>Luftverschmutzung in Innenr\u00e4umen ist eine der gr\u00f6\u00dften Umweltgefahren weltweit, und Studien zeigen, dass die Luft in Innenr\u00e4umen bis zu f\u00fcnfmal st\u00e4rker verschmutzt sein kann als die Au\u00dfenluft. Dies birgt ernsthafte Gesundheitsrisiken, darunter Schlafst\u00f6rungen, Asthma, Kopfschmerzen, Allergien, Lungen- und Herzprobleme sowie eine Beeintr\u00e4chtigung der geistigen und k\u00f6rperlichen Leistungsf\u00e4higkeit. Je schlechter die Luftqualit\u00e4t, desto anf\u00e4lliger sind Sie und Ihre Familie f\u00fcr Krankheiten und Viren.  <br>&nbsp;<br>Laut WHO sind jedes Jahr 4,3 Millionen Todesf\u00e4lle auf Luftverschmutzung in Haushalten zur\u00fcckzuf\u00fchren. Allein in der Europ\u00e4ischen Union leiden sch\u00e4tzungsweise \u00fcber 70 Millionen Haushalte unter schlechter Luftqualit\u00e4t in Innenr\u00e4umen.<br>&nbsp;<br>Die Luft in Innenr\u00e4umen ist unsichtbar und es ist schwer zu erkennen, was man einatmet, was es noch schwieriger macht, die Luftqualit\u00e4t zu kontrollieren. Der erste Schritt zur Verbesserung Ihres Raumklimas besteht darin, die Luft, die Sie atmen, zu verstehen. Das Luftqualit\u00e4tsmessger\u00e4t von Nomestic bietet eine Echtzeit\u00fcberwachung und liefert Ihnen die erforderlichen Erkenntnisse, um die Kontrolle \u00fcber Ihre Raumluft zu \u00fcbernehmen. Durch die Verfolgung wichtiger Luftqualit\u00e4tskennzahlen k\u00f6nnen Sie proaktive Ma\u00dfnahmen ergreifen, um die Luftqualit\u00e4t in Ihrem Zuhause zu verbessern und so die Gesundheit und das Wohlbefinden f\u00fcr Sie und Ihre Familie zu f\u00f6rdern.<\/p><\/div><\/div>\n<\/div><\/div>\n\n\n\n<div id=\"col-gm65f7e4\" class=\"wp-block-gutentor-m4-col col-gm65f7e4 gutentor-single-column  grid-lg-6 grid-md-12 grid-12\"><div id=\"section-gm65f7e4\" class=\"section-gm65f7e4 gutentor-col-wrap\">\n<div id=\"section-g652583\" class=\"wp-block-gutentor-e6 section-g652583 gutentor-element gutentor-element-image hieghtzside\"><div class=\"gutentor-element-image-box\"><div class=\"gutentor-image-thumb\"><img decoding=\"async\" class=\"normal-image\" src=\"https:\/\/old.nomestic.com\/wp-content\/uploads\/2024\/11\/benefits-of-monitoring-indoor-air-quality-1.png\" alt=\"Benefits of Monitoring Indoor Air Quality\" \/><\/div><\/div><\/div>\n<\/div><\/div>\n<\/div><\/div><\/section>\n\n\n\n<h2 class=\"wp-block-heading\"><\/h2>\n\n\n\n<section id=\"gmcf4fba6\" class=\"wp-block-gutentor-m4 section-gmcf4fba6 gutentor-module gutentor-advanced-columns has-color-bg has-custom-bg gutentor-equal-column-height\"><div class=\"grid-container\"><div class=\"grid-row\">\n<div id=\"col-gm5e006d\" class=\"wp-block-gutentor-m4-col col-gm5e006d gutentor-single-column  grid-lg-6 grid-md-12 grid-12\"><div id=\"section-gm5e006d\" class=\"section-gm5e006d gutentor-col-wrap\">\n<div id=\"section-ge0deff\" class=\"wp-block-gutentor-e6 section-ge0deff gutentor-element gutentor-element-image  d-md-none d-lg-block d-none hieghtzside\"><div class=\"gutentor-element-image-box\"><div class=\"gutentor-image-thumb\"><img decoding=\"async\" class=\"normal-image\" src=\"https:\/\/old.nomestic.com\/wp-content\/uploads\/2024\/11\/benefits-of-monitoring-indoor-air-quality-2.jpeg\" alt=\"Benefits of Monitoring Indoor Air Quality\" \/><\/div><\/div><\/div>\n<\/div><\/div>\n\n\n\n<div id=\"col-gmd826e5\" class=\"wp-block-gutentor-m4-col col-gmd826e5 gutentor-single-column  grid-lg-6 grid-md-12 grid-12\"><div id=\"section-gmd826e5\" class=\"section-gmd826e5 gutentor-col-wrap\">\n<div id=\"section-gfce601\" class=\"wp-block-gutentor-e1 section-gfce601 gutentor-element gutentor-element-advanced-text\"><div class=\"gutentor-text-wrap\"><h2 class=\"gutentor-text\">\u00dcbernehmen Sie die Kontrolle \u00fcber die Luft, die Sie atmen, f\u00fcr ein Ges\u00fcnderes Leben<\/h2><\/div><\/div>\n\n\n\n<div id=\"section-gc5c85a\" class=\"wp-block-gutentor-e1 section-gc5c85a gutentor-element gutentor-element-advanced-text\"><div class=\"gutentor-text-wrap\"><p class=\"gutentor-text\">Mit den innovativen L\u00f6sungen von Nomestic k\u00f6nnen Sie die perfekte Raumluftqualit\u00e4t und eine gesunde Umgebung f\u00fcr Ihr Zuhause oder Ihren Arbeitsplatz schaffen. Unsere fortschrittlichen Tools erm\u00f6glichen es Ihnen, die Luft, die Sie atmen, zu \u00fcberwachen und zu kontrollieren und so optimale Bedingungen f\u00fcr eine bessere Gesundheit, mehr Wohlbefinden und allgemeine Zufriedenheit zu schaffen. Machen Sie den ersten Schritt in Richtung eines langen, gesunden Lebens, indem Sie noch heute die Luftqualit\u00e4t in Ihren Innenr\u00e4umen verbessern.<\/p><\/div><\/div>\n\n\n\n<section id=\"gmdd319a4\" class=\"wp-block-gutentor-m4 section-gmdd319a4 gutentor-module gutentor-advanced-columns\"><div class=\"grid-container\"><div class=\"grid-row\">\n<div id=\"col-gm47c3a4\" class=\"wp-block-gutentor-m4-col col-gm47c3a4 gutentor-single-column  grid-lg-6 grid-md-12 grid-12\"><div id=\"section-gm47c3a4\" class=\"section-gm47c3a4 gutentor-col-wrap\">\n<div id=\"section-ge7faba\" class=\"wp-block-gutentor-e6 section-ge7faba gutentor-element gutentor-element-image gutentor-enabled-width\"><div class=\"gutentor-element-image-box\"><div class=\"gutentor-image-thumb\"><img decoding=\"async\" class=\"normal-image\" src=\"https:\/\/old.nomestic.com\/wp-content\/uploads\/\/moon.svg\" \/><\/div><\/div><\/div>\n\n\n\n<div id=\"section-g5a825b\" class=\"wp-block-gutentor-e1 section-g5a825b gutentor-element gutentor-element-advanced-text\"><div class=\"gutentor-text-wrap\"><h4 class=\"gutentor-text\">Erholsame N\u00e4chte erwarten Sie mit idealer Raumluftqualit\u00e4t<\/h4><\/div><\/div>\n\n\n\n<div id=\"section-g2a4099\" class=\"wp-block-gutentor-e1 section-g2a4099 gutentor-element gutentor-element-advanced-text\"><div class=\"gutentor-text-wrap\"><p class=\"gutentor-text\">Erleben Sie den ultimativen Komfort und die beste Schlafqualit\u00e4t mit den Luftqualit\u00e4tsl\u00f6sungen von Nomestic. Unsere fortschrittliche Technologie schafft die perfekte Umgebung f\u00fcr erholsame N\u00e4chte, indem sie die Luftbedingungen in Innenr\u00e4umen optimiert. F\u00f6rdern Sie besseren Schlaf, Entspannung und allgemeine Gesundheit mit einer Luftqualit\u00e4t, die Ihr Wohlbefinden w\u00e4hrend der Nacht unterst\u00fctzt.<\/p><\/div><\/div>\n<\/div><\/div>\n\n\n\n<div id=\"col-gmb7aaf8\" class=\"wp-block-gutentor-m4-col col-gmb7aaf8 gutentor-single-column  grid-lg-6 grid-md-12 grid-12\"><div id=\"section-gmb7aaf8\" class=\"section-gmb7aaf8 gutentor-col-wrap\">\n<div id=\"section-g081245\" class=\"wp-block-gutentor-e6 section-g081245 gutentor-element gutentor-element-image gutentor-enabled-width\"><div class=\"gutentor-element-image-box\"><div class=\"gutentor-image-thumb\"><img decoding=\"async\" class=\"normal-image\" src=\"https:\/\/old.nomestic.com\/wp-content\/uploads\/\/like2.svg\" \/><\/div><\/div><\/div>\n\n\n\n<div id=\"section-gb168bf\" class=\"wp-block-gutentor-e1 section-gb168bf gutentor-element gutentor-element-advanced-text\"><div class=\"gutentor-text-wrap\"><h4 class=\"gutentor-text\">Verabschieden Sie sich von t\u00e4glichen Beschwerden<\/h4><\/div><\/div>\n\n\n\n<div id=\"section-g56799e\" class=\"wp-block-gutentor-e1 section-g56799e gutentor-element gutentor-element-advanced-text\"><div class=\"gutentor-text-wrap\"><p class=\"gutentor-text\">Beseitigen Sie die durch schlechte Luftqualit\u00e4t verursachten Schmerzen und Beschwerden mit den intelligenten \u00dcberwachungs- und Optimierungsl\u00f6sungen von Nomestic. Unsere fortschrittliche Technologie hilft Ihnen, ein ges\u00fcnderes Raumklima zu schaffen, indem sie Unannehmlichkeiten reduziert und das allgemeine Wohlbefinden f\u00f6rdert. Atmen Sie leichter und erleben Sie t\u00e4gliche Erleichterung, indem Sie die Kontrolle \u00fcber Ihre Luftqualit\u00e4t \u00fcbernehmen und ein angenehmeres und beschwerdefreies Leben f\u00fchren.<\/p><\/div><\/div>\n<\/div><\/div>\n<\/div><\/div><\/section>\n\n\n\n<section id=\"gm1e1b385\" class=\"wp-block-gutentor-m4 section-gm1e1b385 gutentor-module gutentor-advanced-columns\"><div class=\"grid-container\"><div class=\"grid-row\">\n<div id=\"col-gmebd121\" class=\"wp-block-gutentor-m4-col col-gmebd121 gutentor-single-column  grid-lg-6 grid-md-12 grid-12\"><div id=\"section-gmebd121\" class=\"section-gmebd121 gutentor-col-wrap\">\n<div id=\"section-g383ec8\" class=\"wp-block-gutentor-e6 section-g383ec8 gutentor-element gutentor-element-image gutentor-enabled-width\"><div class=\"gutentor-element-image-box\"><div class=\"gutentor-image-thumb\"><img decoding=\"async\" class=\"normal-image\" src=\"https:\/\/old.nomestic.com\/wp-content\/uploads\/\/target.svg\" \/><\/div><\/div><\/div>\n\n\n\n<div id=\"section-g3e4efa\" class=\"wp-block-gutentor-e1 section-g3e4efa gutentor-element gutentor-element-advanced-text\"><div class=\"gutentor-text-wrap\"><h4 class=\"gutentor-text\">Erh\u00f6hen Sie Ihre Konzentration mit Optimaler Raumluftqualit\u00e4t<\/h4><\/div><\/div>\n\n\n\n<div id=\"section-g1731b9\" class=\"wp-block-gutentor-e1 section-g1731b9 gutentor-element gutentor-element-advanced-text\"><div class=\"gutentor-text-wrap\"><p class=\"gutentor-text\">Atmen Sie erleichtert auf, denn Sie wissen, dass unsere L\u00f6sung f\u00fcr sichere CO2-Werte sorgt, sodass Sie sich jeden Tag klar konzentrieren und Ihre beste Leistung erbringen k\u00f6nnen.<\/p><\/div><\/div>\n<\/div><\/div>\n\n\n\n<div id=\"col-gmfc8903\" class=\"wp-block-gutentor-m4-col col-gmfc8903 gutentor-single-column  grid-lg-6 grid-md-12 grid-12\"><div id=\"section-gmfc8903\" class=\"section-gmfc8903 gutentor-col-wrap\">\n<div id=\"section-gbe7c51\" class=\"wp-block-gutentor-e6 section-gbe7c51 gutentor-element gutentor-element-image gutentor-enabled-width\"><div class=\"gutentor-element-image-box\"><div class=\"gutentor-image-thumb\"><img decoding=\"async\" class=\"normal-image\" src=\"https:\/\/old.nomestic.com\/wp-content\/uploads\/\/like.svg\" \/><\/div><\/div><\/div>\n\n\n\n<div id=\"section-g390fcc\" class=\"wp-block-gutentor-e1 section-g390fcc gutentor-element gutentor-element-advanced-text\"><div class=\"gutentor-text-wrap\"><h4 class=\"gutentor-text\">Atmen Sie mit Zuversicht in einer Gesunden Innenraumumgebung<\/h4><\/div><\/div>\n\n\n\n<div id=\"section-g2c0455\" class=\"wp-block-gutentor-e1 section-g2c0455 gutentor-element gutentor-element-advanced-text\"><div class=\"gutentor-text-wrap\"><p class=\"gutentor-text\">Seien Sie versichert, dass Ihre Familie mit den fortschrittlichen Luftqualit\u00e4tsl\u00f6sungen von Nomestic saubere, frische Luft atmet, was Ihnen ein beruhigendes Gef\u00fchl gibt und das Wohlbefinden aller in Ihrem Haushalt f\u00f6rdert. Genie\u00dfen Sie jeden Tag sauberere Luft, eine bessere Gesundheit und einen sichereren Lebensraum.<\/p><\/div><\/div>\n<\/div><\/div>\n<\/div><\/div><\/section>\n\n\n\n<div id=\"section-g0a863b\" class=\"wp-block-gutentor-e6 section-g0a863b gutentor-element gutentor-element-image d-lg-none\"><div class=\"gutentor-element-image-box\"><div class=\"gutentor-image-thumb\"><img decoding=\"async\" class=\"normal-image\" src=\"https:\/\/old.nomestic.com\/wp-content\/uploads\/2024\/11\/benefits-of-monitoring-indoor-air-quality-2.jpeg\" alt=\"Benefits of Monitoring Indoor Air Quality\" \/><\/div><\/div><\/div>\n<\/div><\/div>\n<\/div><\/div><\/section>\n\n\n\n<section id=\"gm3b0ef26\" class=\"wp-block-gutentor-m4 section-gm3b0ef26 gutentor-module gutentor-advanced-columns has-color-bg has-custom-bg gutentor-equal-column-height\"><div class=\"grid-container\"><div class=\"grid-row\">\n<div id=\"col-gmdc8a1b\" class=\"wp-block-gutentor-m4-col col-gmdc8a1b gutentor-single-column  grid-lg-6 grid-md-12 grid-12\"><div id=\"section-gmdc8a1b\" class=\"section-gmdc8a1b gutentor-col-wrap\">\n<div id=\"section-g4067bf\" class=\"wp-block-gutentor-e1 section-g4067bf gutentor-element gutentor-element-advanced-text\"><div class=\"gutentor-text-wrap\"><h2 class=\"gutentor-text\">Werden Sie zum Meister Ihres Gesunden Lebensstils mit Echtzeit-Luftqualit\u00e4ts\u00fcberwachung<\/h2><\/div><\/div>\n\n\n\n<div id=\"section-gaf053a\" class=\"wp-block-gutentor-e1 section-gaf053a gutentor-element gutentor-element-advanced-text\"><div class=\"gutentor-text-wrap\"><p class=\"gutentor-text\">Haben Sie mit Schlafst\u00f6rungen oder h\u00e4ufigen Allergien zu k\u00e4mpfen? Entdecken Sie die versteckten Ursachen mit den innovativen CO2-Messger\u00e4ten von Nomestic, die Ihnen die Daten liefern, die Sie f\u00fcr einen gesunden Lebensstil ben\u00f6tigen. Unsere fortschrittlichen L\u00f6sungen zur \u00dcberwachung der Luftqualit\u00e4t helfen Ihnen, Ihr Raumklima zu verstehen und zu optimieren, damit Sie leichter atmen, besser schlafen und fit und gesund bleiben k\u00f6nnen. \u00dcbernehmen Sie die Kontrolle \u00fcber Ihr Wohlbefinden mit Echtzeit-Einblicken in Ihre Raumluftqualit\u00e4t.<\/p><\/div><\/div>\n<\/div><\/div>\n\n\n\n<div id=\"col-gm4eee89\" class=\"wp-block-gutentor-m4-col col-gm4eee89 gutentor-single-column  grid-lg-6 grid-md-12 grid-12\"><div id=\"section-gm4eee89\" class=\"section-gm4eee89 gutentor-col-wrap\">\n<div id=\"section-g86603d\" class=\"wp-block-gutentor-e6 section-g86603d gutentor-element gutentor-element-image  d-md-none d-lg-block d-none hieghtzside\"><div class=\"gutentor-element-image-box\"><div class=\"gutentor-image-thumb\"><img decoding=\"async\" class=\"normal-image\" src=\"https:\/\/old.nomestic.com\/wp-content\/uploads\/2024\/11\/benefits-of-monitoring-indoor-air-quality-3.jpg\" alt=\"Benefits of Monitoring Indoor Air Quality\" \/><\/div><\/div><\/div>\n<\/div><\/div>\n<\/div><\/div><\/section>\n\n\n\n<div id=\"section-g-c2e77i0\" class=\"wp-block-gutentor-e2 section-g-c2e77i0 gutentor-element gutentor-element-button button-align-center-desktop button-align-center-tablet button-align-center-mobile\"><span class=\"gutentor-button-wrap\"><a class=\"gutentor-button gutentor-block-button gutentor-icon-hide\" href=\"https:\/\/old.nomestic.com\/de\/produkt\/airsight-co2-messgeraet\/\" rel=\"https:\/\/old.nomestic.com\/voor-thuis\/\"><i class=\"gutentor-button-icon fas fa-book\"><\/i><span>Kaufen<\/span><\/a><\/span><\/div>\n\n\n\n<div style=\"height:100px\" aria-hidden=\"true\" class=\"wp-block-spacer\"><\/div>\n","protected":false},"excerpt":{"rendered":"","protected":false},"author":1,"featured_media":0,"parent":0,"menu_order":0,"comment_status":"closed","ping_status":"closed","template":"template-gutentor-full-width.php","meta":{"inline_featured_image":false,"footnotes":""},"class_list":["post-7148","page","type-page","status-publish","hentry"],"_links":{"self":[{"href":"https:\/\/old.nomestic.com\/de\/wp-json\/wp\/v2\/pages\/7148","targetHints":{"allow":["GET"]}}],"collection":[{"href":"https:\/\/old.nomestic.com\/de\/wp-json\/wp\/v2\/pages"}],"about":[{"href":"https:\/\/old.nomestic.com\/de\/wp-json\/wp\/v2\/types\/page"}],"author":[{"embeddable":true,"href":"https:\/\/old.nomestic.com\/de\/wp-json\/wp\/v2\/users\/1"}],"replies":[{"embeddable":true,"href":"https:\/\/old.nomestic.com\/de\/wp-json\/wp\/v2\/comments?post=7148"}],"version-history":[{"count":13,"href":"https:\/\/old.nomestic.com\/de\/wp-json\/wp\/v2\/pages\/7148\/revisions"}],"predecessor-version":[{"id":12696,"href":"https:\/\/old.nomestic.com\/de\/wp-json\/wp\/v2\/pages\/7148\/revisions\/12696"}],"wp:attachment":[{"href":"https:\/\/old.nomestic.com\/de\/wp-json\/wp\/v2\/media?parent=7148"}],"curies":[{"name":"wp","href":"https:\/\/api.w.org\/{rel}","templated":true}]}}